{"id":20556,"date":"2026-03-06T17:44:30","date_gmt":"2026-03-06T16:44:30","guid":{"rendered":"https:\/\/www.sibo.it\/?post_type=product&#038;p=20556"},"modified":"2026-04-03T10:39:42","modified_gmt":"2026-04-03T09:39:42","slug":"fmr-cp5-copia","status":"publish","type":"product","link":"https:\/\/www.sibo.it\/fr\/produit\/fmr-cp5-copia\/","title":{"rendered":"FMR\/CP6"},"content":{"rendered":"\t\t<div data-elementor-type=\"product-post\" data-elementor-id=\"20556\" class=\"elementor elementor-20556 elementor-20554\" data-elementor-post-type=\"product\">\n\t\t\t\t<div class=\"elementor-element elementor-element-cf1f3ba e-con-full e-flex e-con e-parent\" data-id=\"cf1f3ba\" data-element_type=\"container\" data-e-type=\"container\">\r\n\t\t<div class=\"elementor-element elementor-element-6d430be e-con-full e-flex e-con e-parent\" data-id=\"6d430be\" data-element_type=\"container\" data-e-type=\"container\">\r\n\t\t\t\t<div class=\"elementor-element elementor-element-ddd2f7f elementor-widget elementor-widget-text-editor\" data-id=\"ddd2f7f\" data-element_type=\"widget\" data-e-type=\"widget\" data-widget_type=\"text-editor.default\">\n\t\t\t\t<div class=\"elementor-widget-container\">\n\t\t\t\t\t\t\t\t\t<table border=\"0\" cellspacing=\"0\" cellpadding=\"0\">\n<tbody>\n<tr>\n<td>\n<table border=\"0\" cellspacing=\"0\" cellpadding=\"0\">\n<tbody>\n<tr>\n<td>largeur max.<\/td>\n<td><strong> 40 mm.<\/strong><\/td>\n<\/tr>\n<tr>\n<td>longueur max.<\/td>\n<td><strong>180 mm.<\/strong><\/td>\n<\/tr>\n<tr>\n<td>longueur min.<\/td>\n<td><strong>80 mm.<\/strong><\/td>\n<\/tr>\n<tr>\n<td>production variable<\/td>\n<td><strong>500\u00f7900 pcs.\/h.<\/strong><\/td>\n<\/tr>\n<\/tbody>\n<\/table>\n<\/td>\n<td> <\/td>\n<\/tr>\n<tr>\n<td> <\/td>\n<td><strong>.<\/strong><\/td>\n<\/tr>\n<\/tbody>\n<\/table>\n<p style=\"text-align: left;\"><b>\u00c9QUIPEMENT SUPPL\u00c9MENTAIRE<\/b><\/p>\n<p style=\"text-align: left;\">\n\t\t\t\t\t\t\t\t<\/div>\n\t\t\t\t<\/div>\n\t\t\t\t<\/div>\n\t\t<div class=\"elementor-element elementor-element-8616444 e-con-full e-flex e-con e-parent\" data-id=\"8616444\" data-element_type=\"container\" data-e-type=\"container\">\r\n\t\t\t\t<div class=\"elementor-element elementor-element-e1de2a1 elementor-widget elementor-widget-text-editor\" data-id=\"e1de2a1\" data-element_type=\"widget\" data-e-type=\"widget\" data-widget_type=\"text-editor.default\">\n\t\t\t\t<div class=\"elementor-widget-container\">\n\t\t\t\t\t\t\t\t\t<p><b>AUCUNES PRODUITS R\u00c9ALISABLES<\/b><\/p>\n<p><img decoding=\"async\" class=\"alignnone size-medium wp-image-8981\" src=\"https:\/\/www.sibo.it\/wp-content\/uploads\/2023\/03\/Example-of-samples-produced-fmrc-p5-300x150.jpg\" alt=\"\" width=\"300\" height=\"150\"><\/p>\n\t\t\t\t\t\t\t\t<\/div>\n\t\t\t\t<\/div>\n\t\t\t\t<\/div>\n\t\t\t\t<\/div>\n\t\t\t\t<\/div>\n\t\t","protected":false},"excerpt":{"rendered":"<p><strong>MACHINE AUTOMATIQUE \u00c0 PERCER ET COUPER MOD\u00c8LE \u00ab\u00a0FMR\/CP6\u00a0\u00bb<\/strong><\/p>\n<p>Cette machine automatique a \u00e9t\u00e9 fabriqu\u00e9e pour effectuer le forage, le chanfreinage et les fentes sur les manches de couteau. La machine est \u00e9quip\u00e9e avec un chargeur automatique et une table tournante de haute pr\u00e9cision \u00e0 6 positions de travail.<br \/>\nDans la premi\u00e8re position, la pi\u00e8ce est charg\u00e9e \u00e0 l&rsquo;aide d&rsquo;un chargeur vertical pneumatique.<br \/>\nDans la seconde, on ex\u00e9cute le forage de la face sup\u00e9rieure et inf\u00e9rieure en m\u00eame temps gr\u00e2ce \u00e0 deux t\u00eates multiples, mont\u00e9es sur des glissi\u00e8res lin\u00e9aires, chacune actionn\u00e9e par un v\u00e9rin pneumatique et r\u00e9gul\u00e9e par le r\u00e9gulateur de vitesse hydraulique. Dans la troisi\u00e8me et quatri\u00e8me position est r\u00e9alis\u00e9e une fente lin\u00e9aire et conique pour le montage de la lame. En cinqui\u00e8me position, on proc\u00e8de au chanfreinage. En sixi\u00e8me position, la pi\u00e8ce est d\u00e9charg\u00e9e automatiquement.<\/p>\n","protected":false},"featured_media":8962,"comment_status":"closed","ping_status":"closed","template":"","meta":{"_acf_changed":false},"product_brand":[],"product_cat":[134,195],"product_tag":[],"class_list":{"0":"post-20556","1":"product","2":"type-product","3":"status-publish","4":"has-post-thumbnail","6":"product_cat-machines-a-bois","7":"product_cat-machines-a-fileter-percer","8":"pa_applicazioni-manches-de-couteau","10":"first","11":"instock","12":"shipping-taxable","13":"product-type-simple"},"acf":[],"_links":{"self":[{"href":"https:\/\/www.sibo.it\/fr\/wp-json\/wp\/v2\/product\/20556","targetHints":{"allow":["GET"]}}],"collection":[{"href":"https:\/\/www.sibo.it\/fr\/wp-json\/wp\/v2\/product"}],"about":[{"href":"https:\/\/www.sibo.it\/fr\/wp-json\/wp\/v2\/types\/product"}],"replies":[{"embeddable":true,"href":"https:\/\/www.sibo.it\/fr\/wp-json\/wp\/v2\/comments?post=20556"}],"version-history":[{"count":2,"href":"https:\/\/www.sibo.it\/fr\/wp-json\/wp\/v2\/product\/20556\/revisions"}],"predecessor-version":[{"id":20599,"href":"https:\/\/www.sibo.it\/fr\/wp-json\/wp\/v2\/product\/20556\/revisions\/20599"}],"wp:featuredmedia":[{"embeddable":true,"href":"https:\/\/www.sibo.it\/fr\/wp-json\/wp\/v2\/media\/8962"}],"wp:attachment":[{"href":"https:\/\/www.sibo.it\/fr\/wp-json\/wp\/v2\/media?parent=20556"}],"wp:term":[{"taxonomy":"product_brand","embeddable":true,"href":"https:\/\/www.sibo.it\/fr\/wp-json\/wp\/v2\/product_brand?post=20556"},{"taxonomy":"product_cat","embeddable":true,"href":"https:\/\/www.sibo.it\/fr\/wp-json\/wp\/v2\/product_cat?post=20556"},{"taxonomy":"product_tag","embeddable":true,"href":"https:\/\/www.sibo.it\/fr\/wp-json\/wp\/v2\/product_tag?post=20556"}],"curies":[{"name":"wp","href":"https:\/\/api.w.org\/{rel}","templated":true}]}}