{"id":20485,"date":"2026-03-05T10:38:59","date_gmt":"2026-03-05T09:38:59","guid":{"rendered":"https:\/\/www.sibo.it\/?post_type=product&#038;p=20485"},"modified":"2026-04-03T09:41:28","modified_gmt":"2026-04-03T08:41:28","slug":"1tsp-cc-copia","status":"publish","type":"product","link":"https:\/\/www.sibo.it\/fr\/produit\/1tsp-cc-copia\/","title":{"rendered":"GNC24\/CNC"},"content":{"rendered":"\t\t<div data-elementor-type=\"product-post\" data-elementor-id=\"20485\" class=\"elementor elementor-20485 elementor-20482\" data-elementor-post-type=\"product\">\n\t\t\t\t<div class=\"elementor-element elementor-element-cf1f3ba e-con-full e-flex e-con e-parent\" data-id=\"cf1f3ba\" data-element_type=\"container\" data-e-type=\"container\">\r\n\t\t<div class=\"elementor-element elementor-element-6d430be e-con-full e-flex e-con e-child\" data-id=\"6d430be\" data-element_type=\"container\" data-e-type=\"container\">\r\n\t\t\t\t<div class=\"elementor-element elementor-element-ddd2f7f elementor-widget elementor-widget-text-editor\" data-id=\"ddd2f7f\" data-element_type=\"widget\" data-e-type=\"widget\" data-widget_type=\"text-editor.default\">\n\t\t\t\t<div class=\"elementor-widget-container\">\n\t\t\t\t\t\t\t\t\t<table border=\"0\" cellspacing=\"0\" cellpadding=\"0\">\n<tbody>\n<tr>\n<td>\n<table border=\"0\" cellspacing=\"0\" cellpadding=\"0\">\n<tbody>\n<tr>\n<td>longueur min.<\/td>\n<td><strong>10mm.<\/strong><\/td>\n<\/tr>\n<tr>\n<td>longueur max.<\/td>\n<td><strong>40mm.<\/strong><\/td>\n<\/tr>\n<tr>\n<td>\u00e9paisseur max.<\/td>\n<td><strong>30mm<\/strong><\/td>\n<\/tr>\n<\/tbody>\n<\/table>\n<\/td>\n<td>&nbsp;<\/td>\n<\/tr>\n<tr>\n<td>&nbsp;<\/td>\n<td><strong>.<\/strong><\/td>\n<\/tr>\n<\/tbody>\n<\/table>\n<p style=\"text-align: left;\"><b>&nbsp; &nbsp; &nbsp;\u00c9QUIPEMENT SUPPL\u00c9MENTAIRE<\/b><\/p>\t\t\t\t\t\t\t\t<\/div>\n\t\t\t\t<\/div>\n\t\t\t\t<\/div>\n\t\t<div class=\"elementor-element elementor-element-8616444 e-con-full e-flex e-con e-child\" data-id=\"8616444\" data-element_type=\"container\" data-e-type=\"container\">\r\n\t\t\t\t<div class=\"elementor-element elementor-element-e1de2a1 elementor-widget elementor-widget-text-editor\" data-id=\"e1de2a1\" data-element_type=\"widget\" data-e-type=\"widget\" data-widget_type=\"text-editor.default\">\n\t\t\t\t<div class=\"elementor-widget-container\">\n\t\t\t\t\t\t\t\t\t<p><b>\u00a0 \u00a0 \u00a0 \u00a0 \u00a0 \u00a0 \u00a0 AUCUNES PRODUITS R\u00c9ALISABLES<\/b><\/p><p><img decoding=\"async\" class=\"alignnone wp-image-20503 size-medium\" src=\"https:\/\/www.sibo.it\/wp-content\/uploads\/2026\/03\/CAMPIONI-X-SITO-300x150.jpg\" alt=\"\" width=\"300\" height=\"150\" \/><\/p>\t\t\t\t\t\t\t\t<\/div>\n\t\t\t\t<\/div>\n\t\t\t\t<\/div>\n\t\t\t\t<\/div>\n\t\t\t\t<\/div>\n\t\t","protected":false},"excerpt":{"rendered":"<p><strong>MACHINE CNC AUTOMATIQUE<\/strong><strong> DE TARAUDAGE ET DE DECOUPE POUR ECROUS <\/strong><strong>MOD\u00c8LE \u00ab\u00a0GNC24\/CNC\u00a0\u00bb<\/strong><\/p>\n<p>Machine automatique pour le per\u00e7age et le taraudage d\u2019\u00e9crous en bois et en fibre de verre, \u00e0 partir de barres rabot\u00e9es. Les barres sont charg\u00e9es sur un convoyeur \u00e0 bande qui les transf\u00e8re vers la table de travail. Une pince command\u00e9e par un moteur brushless alimente une barre \u00e0 la fois vers une table rotative index\u00e9e, o\u00f9 la pi\u00e8ce est serr\u00e9e et usin\u00e9e en quatre stations :<\/p>\n<ul>\n<li>Coupe de la barre \u00e0 la longueur programm\u00e9e au moyen d\u2019une lame circulaire.<\/li>\n<li>Per\u00e7age sup\u00e9rieur et inf\u00e9rieur \u00e0 l\u2019aide d\u2019une double t\u00eate de per\u00e7age.<\/li>\n<li>Taraudage CNC avec taraud contr\u00f4l\u00e9 sur deux axes interpol\u00e9s.<\/li>\n<li>D\u00e9chargement automatique de l\u2019\u00e9crou fini.<\/li>\n<\/ul>\n<p>L\u2019usinage simultan\u00e9 sur plusieurs stations permet d\u2019optimiser les temps de cycle, garantissant une productivit\u00e9 \u00e9lev\u00e9e et une qualit\u00e9 constante.<\/p>\n","protected":false},"featured_media":20497,"comment_status":"closed","ping_status":"closed","template":"","meta":{"_acf_changed":false},"product_brand":[],"product_cat":[134,195],"product_tag":[],"class_list":{"0":"post-20485","1":"product","2":"type-product","3":"status-publish","4":"has-post-thumbnail","6":"product_cat-machines-a-bois","7":"product_cat-machines-a-fileter-percer","8":"pa_applicazioni-batons-ronds","10":"first","11":"instock","12":"shipping-taxable","13":"product-type-simple"},"acf":[],"_links":{"self":[{"href":"https:\/\/www.sibo.it\/fr\/wp-json\/wp\/v2\/product\/20485","targetHints":{"allow":["GET"]}}],"collection":[{"href":"https:\/\/www.sibo.it\/fr\/wp-json\/wp\/v2\/product"}],"about":[{"href":"https:\/\/www.sibo.it\/fr\/wp-json\/wp\/v2\/types\/product"}],"replies":[{"embeddable":true,"href":"https:\/\/www.sibo.it\/fr\/wp-json\/wp\/v2\/comments?post=20485"}],"version-history":[{"count":5,"href":"https:\/\/www.sibo.it\/fr\/wp-json\/wp\/v2\/product\/20485\/revisions"}],"predecessor-version":[{"id":20587,"href":"https:\/\/www.sibo.it\/fr\/wp-json\/wp\/v2\/product\/20485\/revisions\/20587"}],"wp:featuredmedia":[{"embeddable":true,"href":"https:\/\/www.sibo.it\/fr\/wp-json\/wp\/v2\/media\/20497"}],"wp:attachment":[{"href":"https:\/\/www.sibo.it\/fr\/wp-json\/wp\/v2\/media?parent=20485"}],"wp:term":[{"taxonomy":"product_brand","embeddable":true,"href":"https:\/\/www.sibo.it\/fr\/wp-json\/wp\/v2\/product_brand?post=20485"},{"taxonomy":"product_cat","embeddable":true,"href":"https:\/\/www.sibo.it\/fr\/wp-json\/wp\/v2\/product_cat?post=20485"},{"taxonomy":"product_tag","embeddable":true,"href":"https:\/\/www.sibo.it\/fr\/wp-json\/wp\/v2\/product_tag?post=20485"}],"curies":[{"name":"wp","href":"https:\/\/api.w.org\/{rel}","templated":true}]}}