{"id":20254,"date":"2025-09-15T08:42:36","date_gmt":"2025-09-15T07:42:36","guid":{"rendered":"https:\/\/www.sibo.it\/?post_type=product&#038;p=20254"},"modified":"2025-09-18T08:35:28","modified_gmt":"2025-09-18T07:35:28","slug":"dcs-l-700","status":"publish","type":"product","link":"https:\/\/www.sibo.it\/fr\/produit\/dcs-l-700\/","title":{"rendered":"DCS\/L700"},"content":{"rendered":"\t\t<div data-elementor-type=\"product-post\" data-elementor-id=\"20254\" class=\"elementor elementor-20254 elementor-20252\" data-elementor-post-type=\"product\">\n\t\t\t\t<div class=\"elementor-element elementor-element-cf1f3ba e-con-full e-flex e-con e-parent\" data-id=\"cf1f3ba\" data-element_type=\"container\" data-e-type=\"container\">\r\n\t\t<div class=\"elementor-element elementor-element-6d430be e-con-full e-flex e-con e-child\" data-id=\"6d430be\" data-element_type=\"container\" data-e-type=\"container\">\r\n\t\t\t\t<div class=\"elementor-element elementor-element-ddd2f7f elementor-widget elementor-widget-text-editor\" data-id=\"ddd2f7f\" data-element_type=\"widget\" data-e-type=\"widget\" data-widget_type=\"text-editor.default\">\n\t\t\t\t<div class=\"elementor-widget-container\">\n\t\t\t\t\t\t\t\t\t<table border=\"0\" cellspacing=\"0\" cellpadding=\"0\"><tbody><tr><td>longueur max.<\/td><td><strong>700 mm.<\/strong><\/td><\/tr><tr><td>largeur max.<\/td><td><strong>100 mm.<\/strong><\/td><\/tr><tr><td>\u00e9paisseur max.<\/td><td><strong>25 mm.<\/strong><\/td><\/tr><tr><td>rotation des outils<\/td><td><strong>12.000 RPM<\/strong><\/td><\/tr><tr><td>diam\u00e8tre du mandrin<\/td><td><strong>20 mm.<\/strong><\/td><\/tr><tr><td>production variable<\/td><td><strong>150\u00f7400 pcs.\/h.<\/strong><\/td><\/tr><\/tbody><\/table><p style=\"text-align: left;\">\u00a0<\/p><p style=\"text-align: left;\"><b>\u00c9QUIPEMENT SUPPL\u00c9MENTAIRE<\/b><\/p><p style=\"text-align: left;\">\u00a0<\/p>\t\t\t\t\t\t\t\t<\/div>\n\t\t\t\t<\/div>\n\t\t\t\t<\/div>\n\t\t<div class=\"elementor-element elementor-element-8616444 e-con-full e-flex e-con e-child\" data-id=\"8616444\" data-element_type=\"container\" data-e-type=\"container\">\r\n\t\t\t\t<div class=\"elementor-element elementor-element-e1de2a1 elementor-widget elementor-widget-text-editor\" data-id=\"e1de2a1\" data-element_type=\"widget\" data-e-type=\"widget\" data-widget_type=\"text-editor.default\">\n\t\t\t\t<div class=\"elementor-widget-container\">\n\t\t\t\t\t\t\t\t\t<p><b>AUCUNES PRODUITS R\u00c9ALISABLES<\/b><\/p>\n<p><img decoding=\"async\" class=\"alignnone size-medium wp-image-10276\" src=\"https:\/\/www.sibo.it\/wp-content\/uploads\/2023\/08\/Example-of-samples-produced-300x150.jpg\" alt=\"\" width=\"300\" height=\"150\"><\/p>\n\t\t\t\t\t\t\t\t<\/div>\n\t\t\t\t<\/div>\n\t\t\t\t<\/div>\n\t\t\t\t<\/div>\n\t\t\t\t<\/div>\n\t\t","protected":false},"excerpt":{"rendered":"<p><strong>FRAISEUSE \u00c0 COPIER MOD\u00c8LE \u00ab\u00a0DCS\/L700\u00a0\u00bb<\/strong><\/p>\n<p>Fraiseuse automatique \u00e0 avance hydraulique, con\u00e7ue pour l\u2019usinage du profil de manches de pinceaux plats, spatules et articles similaires. La machine usine simultan\u00e9ment les deux profils oppos\u00e9s au moyen de fraises profil\u00e9es guid\u00e9es par un gabarit. La vitesse de travail est r\u00e9glable de 0 \u00e0 16 m\/min et, gr\u00e2ce \u00e0 des capteurs plac\u00e9s aux points particuli\u00e8rement complexes du profil, elle r\u00e9duit automatiquement la vitesse afin d\u2019am\u00e9liorer la qualit\u00e9 de finition, puis la r\u00e9tablit \u00e0 la valeur programm\u00e9e. La fraiseuse est \u00e9quip\u00e9e d\u2019un chargeur automatique qui assure \u00e0 la fois le chargement des pi\u00e8ces brutes et le d\u00e9chargement des pi\u00e8ces usin\u00e9es, optimisant les temps et r\u00e9duisant l\u2019intervention de l\u2019op\u00e9rateur.<\/p>\n","protected":false},"featured_media":10288,"comment_status":"closed","ping_status":"closed","template":"","meta":{"_acf_changed":false},"product_brand":[],"product_cat":[197,134],"product_tag":[],"class_list":{"0":"post-20254","1":"product","2":"type-product","3":"status-publish","4":"has-post-thumbnail","6":"product_cat-fraiseuses-lineaire-a-copier","7":"product_cat-machines-a-bois","9":"first","10":"instock","11":"shipping-taxable","12":"product-type-simple"},"acf":[],"_links":{"self":[{"href":"https:\/\/www.sibo.it\/fr\/wp-json\/wp\/v2\/product\/20254","targetHints":{"allow":["GET"]}}],"collection":[{"href":"https:\/\/www.sibo.it\/fr\/wp-json\/wp\/v2\/product"}],"about":[{"href":"https:\/\/www.sibo.it\/fr\/wp-json\/wp\/v2\/types\/product"}],"replies":[{"embeddable":true,"href":"https:\/\/www.sibo.it\/fr\/wp-json\/wp\/v2\/comments?post=20254"}],"version-history":[{"count":6,"href":"https:\/\/www.sibo.it\/fr\/wp-json\/wp\/v2\/product\/20254\/revisions"}],"predecessor-version":[{"id":20297,"href":"https:\/\/www.sibo.it\/fr\/wp-json\/wp\/v2\/product\/20254\/revisions\/20297"}],"wp:featuredmedia":[{"embeddable":true,"href":"https:\/\/www.sibo.it\/fr\/wp-json\/wp\/v2\/media\/10288"}],"wp:attachment":[{"href":"https:\/\/www.sibo.it\/fr\/wp-json\/wp\/v2\/media?parent=20254"}],"wp:term":[{"taxonomy":"product_brand","embeddable":true,"href":"https:\/\/www.sibo.it\/fr\/wp-json\/wp\/v2\/product_brand?post=20254"},{"taxonomy":"product_cat","embeddable":true,"href":"https:\/\/www.sibo.it\/fr\/wp-json\/wp\/v2\/product_cat?post=20254"},{"taxonomy":"product_tag","embeddable":true,"href":"https:\/\/www.sibo.it\/fr\/wp-json\/wp\/v2\/product_tag?post=20254"}],"curies":[{"name":"wp","href":"https:\/\/api.w.org\/{rel}","templated":true}]}}