{"id":19387,"date":"2025-03-11T15:42:44","date_gmt":"2025-03-11T14:42:44","guid":{"rendered":"https:\/\/www.sibo.it\/?post_type=product&#038;p=19387"},"modified":"2025-05-12T14:51:24","modified_gmt":"2025-05-12T13:51:24","slug":"2tsp-copia","status":"publish","type":"product","link":"https:\/\/www.sibo.it\/fr\/produit\/2tsp-copia\/","title":{"rendered":"1TSP\/CC"},"content":{"rendered":"\t\t<div data-elementor-type=\"product-post\" data-elementor-id=\"19387\" class=\"elementor elementor-19387 elementor-19385\" data-elementor-post-type=\"product\">\n\t\t\t\t<div class=\"elementor-element elementor-element-cf1f3ba e-con-full e-flex e-con e-parent\" data-id=\"cf1f3ba\" data-element_type=\"container\" data-e-type=\"container\">\r\n\t\t<div class=\"elementor-element elementor-element-6d430be e-con-full e-flex e-con e-child\" data-id=\"6d430be\" data-element_type=\"container\" data-e-type=\"container\">\r\n\t\t\t\t<div class=\"elementor-element elementor-element-ddd2f7f elementor-widget elementor-widget-text-editor\" data-id=\"ddd2f7f\" data-element_type=\"widget\" data-e-type=\"widget\" data-widget_type=\"text-editor.default\">\n\t\t\t\t<div class=\"elementor-widget-container\">\n\t\t\t\t\t\t\t\t\t<table border=\"0\" cellspacing=\"0\" cellpadding=\"0\"><tbody><tr><td><table border=\"0\" cellspacing=\"0\" cellpadding=\"0\"><tbody><tr><td>longueur min.<\/td><td><strong>500 mm.<\/strong><\/td><\/tr><tr><td>longueur max.<\/td><td><strong>2000 mm.<\/strong><\/td><\/tr><tr><td>diam\u00e8tre max.<\/td><td><strong>50 mm<\/strong><\/td><\/tr><\/tbody><\/table><\/td><td>\u00a0<\/td><\/tr><tr><td>\u00a0<\/td><td><strong>.<\/strong><\/td><\/tr><\/tbody><\/table><p style=\"text-align: left;\"><b>\u00a0 \u00a0 \u00a0\u00c9QUIPEMENT SUPPL\u00c9MENTAIRE<\/b><\/p>\t\t\t\t\t\t\t\t<\/div>\n\t\t\t\t<\/div>\n\t\t\t\t<\/div>\n\t\t<div class=\"elementor-element elementor-element-8616444 e-con-full e-flex e-con e-child\" data-id=\"8616444\" data-element_type=\"container\" data-e-type=\"container\">\r\n\t\t\t\t<div class=\"elementor-element elementor-element-e1de2a1 elementor-widget elementor-widget-text-editor\" data-id=\"e1de2a1\" data-element_type=\"widget\" data-e-type=\"widget\" data-widget_type=\"text-editor.default\">\n\t\t\t\t<div class=\"elementor-widget-container\">\n\t\t\t\t\t\t\t\t\t<p><b>&nbsp; &nbsp; &nbsp; &nbsp; &nbsp; &nbsp; &nbsp; AUCUNES PRODUITS R\u00c9ALISABLES<\/b><\/p>\n<p><img decoding=\"async\" class=\"alignnone size-medium wp-image-19860\" src=\"https:\/\/www.sibo.it\/wp-content\/uploads\/2025\/04\/Campioni-1TSP-x-sito-300x150.jpg\" alt=\"\" width=\"300\" height=\"150\"><\/p>\t\t\t\t\t\t\t\t<\/div>\n\t\t\t\t<\/div>\n\t\t\t\t<\/div>\n\t\t\t\t<\/div>\n\t\t\t\t<\/div>\n\t\t","protected":false},"excerpt":{"rendered":"<p><strong>MACHINE <\/strong><strong>\u00c0 FA\u00c7ONNER LES EXTR\u00c9MIT\u00c9S <\/strong><strong>MOD\u00c8LE \u00ab\u00a01TSP\/CC\u00a0\u00bb<\/strong><\/p>\n<p>Machine automatique pour fa\u00e7onner des extr\u00e9mit\u00e9s \u00e0 profil cylindrique, h\u00e9misph\u00e9rique et conique. Cette machine permet de percer des trous, d\u2019ex\u00e9cuter des tenons coniques et cylindriques, de r\u00e9aliser des arrondis partiels sur des pi\u00e8ces telles que des manches de balai, des outils agricoles, des pieds de chaise, etc.<br \/>\nLes pi\u00e8ces sont plac\u00e9es manuellement dans le chargeur, qui en place une dans l\u2019\u00e9tau pneumatique o\u00f9 elle est serr\u00e9e. Une fraise travaillet l&rsquo;extr\u00e9mit\u00e9 selon le type de fraise mont\u00e9. Lorsque l\u2019op\u00e9ration est termin\u00e9e, une nouvelle pi\u00e8ce est charg\u00e9e et la pi\u00e8ce usin\u00e9e est automatiquement d\u00e9charg\u00e9e.<\/p>\n<p><span style=\"font-size: 16px;\"><strong>La machine peut \u00eatre \u00e9quip\u00e9 avec:<\/strong><\/span><\/p>\n<ul>\n<li><span style=\"font-size: 16px;\">outil pour fileter \u00e0 l\u2019int\u00e9rieur<\/span><\/li>\n<li><span style=\"font-size: 16px;\">outil pour fileter ext\u00e9rieur<\/span><\/li>\n<li><span style=\"font-size: 16px;\">outil pour demi rond<\/span><\/li>\n<li><span style=\"font-size: 16px;\">outil pour le trou<\/span><\/li>\n<\/ul>\n","protected":false},"featured_media":19854,"comment_status":"closed","ping_status":"closed","template":"","meta":{"_acf_changed":false},"product_brand":[],"product_cat":[134,195,203],"product_tag":[],"class_list":{"0":"post-19387","1":"product","2":"type-product","3":"status-publish","4":"has-post-thumbnail","6":"product_cat-machines-a-bois","7":"product_cat-machines-a-fileter-percer","8":"product_cat-machines-a-trefiler","9":"pa_applicazioni-batons-ronds","11":"first","12":"instock","13":"shipping-taxable","14":"product-type-simple"},"acf":[],"_links":{"self":[{"href":"https:\/\/www.sibo.it\/fr\/wp-json\/wp\/v2\/product\/19387","targetHints":{"allow":["GET"]}}],"collection":[{"href":"https:\/\/www.sibo.it\/fr\/wp-json\/wp\/v2\/product"}],"about":[{"href":"https:\/\/www.sibo.it\/fr\/wp-json\/wp\/v2\/types\/product"}],"replies":[{"embeddable":true,"href":"https:\/\/www.sibo.it\/fr\/wp-json\/wp\/v2\/comments?post=19387"}],"version-history":[{"count":10,"href":"https:\/\/www.sibo.it\/fr\/wp-json\/wp\/v2\/product\/19387\/revisions"}],"predecessor-version":[{"id":20109,"href":"https:\/\/www.sibo.it\/fr\/wp-json\/wp\/v2\/product\/19387\/revisions\/20109"}],"wp:featuredmedia":[{"embeddable":true,"href":"https:\/\/www.sibo.it\/fr\/wp-json\/wp\/v2\/media\/19854"}],"wp:attachment":[{"href":"https:\/\/www.sibo.it\/fr\/wp-json\/wp\/v2\/media?parent=19387"}],"wp:term":[{"taxonomy":"product_brand","embeddable":true,"href":"https:\/\/www.sibo.it\/fr\/wp-json\/wp\/v2\/product_brand?post=19387"},{"taxonomy":"product_cat","embeddable":true,"href":"https:\/\/www.sibo.it\/fr\/wp-json\/wp\/v2\/product_cat?post=19387"},{"taxonomy":"product_tag","embeddable":true,"href":"https:\/\/www.sibo.it\/fr\/wp-json\/wp\/v2\/product_tag?post=19387"}],"curies":[{"name":"wp","href":"https:\/\/api.w.org\/{rel}","templated":true}]}}