{"id":16988,"date":"2024-03-01T11:02:14","date_gmt":"2024-03-01T10:02:14","guid":{"rendered":"https:\/\/www.sibo.it\/?post_type=product&#038;p=16988"},"modified":"2024-05-31T14:34:23","modified_gmt":"2024-05-31T13:34:23","slug":"tsp","status":"publish","type":"product","link":"https:\/\/www.sibo.it\/fr\/produit\/tsp\/","title":{"rendered":"TSP"},"content":{"rendered":"\t\t<div data-elementor-type=\"product-post\" data-elementor-id=\"16988\" class=\"elementor elementor-16988 elementor-16984\" data-elementor-post-type=\"product\">\n\t\t\t\t<div class=\"elementor-element elementor-element-cf1f3ba e-con-full e-flex e-con e-parent\" data-id=\"cf1f3ba\" data-element_type=\"container\" data-e-type=\"container\">\r\n\t\t<div class=\"elementor-element elementor-element-6d430be e-con-full e-flex e-con e-child\" data-id=\"6d430be\" data-element_type=\"container\" data-e-type=\"container\">\r\n\t\t\t\t<div class=\"elementor-element elementor-element-ddd2f7f elementor-widget elementor-widget-text-editor\" data-id=\"ddd2f7f\" data-element_type=\"widget\" data-e-type=\"widget\" data-widget_type=\"text-editor.default\">\n\t\t\t\t<div class=\"elementor-widget-container\">\n\t\t\t\t\t\t\t\t\t<\/p>\n<table border=\"0\" cellspacing=\"0\" cellpadding=\"0\">\n<tbody>\n<tr>\n<td>\n<table border=\"0\" cellspacing=\"0\" cellpadding=\"0\">\n<tbody>\n<tr>\n<td>longueur de travail min.<\/td>\n<td><strong>300 mm.<\/strong><\/td>\n<\/tr>\n<tr>\n<td>ddiam\u00e8tre max.<\/td>\n<td><strong>30 mm.<\/strong><\/td>\n<\/tr>\n<tr>\n<td>diam\u00e8tre min.<\/td>\n<td><strong>6 mm<\/strong><\/td>\n<\/tr>\n<\/tbody>\n<\/table>\n<\/td>\n<td> <\/td>\n<\/tr>\n<tr>\n<td> <\/td>\n<td><strong>.<\/strong><\/td>\n<\/tr>\n<\/tbody>\n<\/table>\n<p style=\"text-align: left;\"><b>\u00c9QUIPEMENT SUPPL\u00c9MENTAIRE<\/b><\/p>\n\t\t\t\t\t\t\t\t<\/div>\n\t\t\t\t<\/div>\n\t\t\t\t<\/div>\n\t\t<div class=\"elementor-element elementor-element-8616444 e-con-full e-flex e-con e-child\" data-id=\"8616444\" data-element_type=\"container\" data-e-type=\"container\">\r\n\t\t\t\t<div class=\"elementor-element elementor-element-e1de2a1 elementor-widget elementor-widget-text-editor\" data-id=\"e1de2a1\" data-element_type=\"widget\" data-e-type=\"widget\" data-widget_type=\"text-editor.default\">\n\t\t\t\t<div class=\"elementor-widget-container\">\n\t\t\t\t\t\t\t\t\t<p><b>AUCUNES PRODUITS R\u00c9ALISABLES<\/b><\/p>\n<p><img decoding=\"async\" class=\"alignnone size-medium wp-image-8752\" src=\"https:\/\/www.sibo.it\/wp-content\/uploads\/2023\/03\/2TSP-CAMP-300x150.jpg\" alt=\"\" width=\"300\" height=\"150\"><\/p>\n\t\t\t\t\t\t\t\t<\/div>\n\t\t\t\t<\/div>\n\t\t\t\t<\/div>\n\t\t\t\t<\/div>\n\t\t\t\t<\/div>\n\t\t","protected":false},"excerpt":{"rendered":"<p><strong>MACHINE \u00c0 TR\u00c9FILER PNEUMATIQUE MOD\u00c8LE \u00abTSP\u00bb<\/strong><\/p>\n<p>Machine pneumatique pour traiter des extr\u00e9mit\u00e9s \u00e0 profil cylindrique, h\u00e9misph\u00e9rique et conique. Cette machine permet de percer des trous, d\u2019ex\u00e9cuter des tenons coniques et cylindriques, de r\u00e9aliser des arrondis partiels sur des pi\u00e8ces telles que des manches de balai, des outils agricoles, des pieds de chaise, etc.<br \/>\nLes pi\u00e8ces sont plac\u00e9es manuellement dans le chargeur, qui en place une dans l\u2019\u00e9tau pneumatique o\u00f9 elle est serr\u00e9e. Deux fraises, une de chaque c\u00f4t\u00e9, travaillent les extr\u00e9mit\u00e9s selon le type de fraise mont\u00e9. Lorsque l\u2019op\u00e9ration est termin\u00e9e, une nouvelle pi\u00e8ce est charg\u00e9e et la pi\u00e8ce usin\u00e9e est automatiquement d\u00e9charg\u00e9e.<\/p>\n<p>La machine peut \u00eatre \u00e9quip\u00e9 avec:<\/p>\n<p>&#8211; \u00e9tau auto-centrante<br \/>\n&#8211; chargeur<br \/>\n&#8211; outil pour fileter \u00e0 l\u2019int\u00e9rieur<br \/>\n&#8211; outil pour fileter ext\u00e9rieur<br \/>\n&#8211; outil pour demi rond<br \/>\n&#8211; outil pour le trou<\/p>\n<p><a href=\"https:\/\/www.sibo.it\/contact\/\"><br \/>\n<button style=\"background-color: #4caf50; border: none; color: white; padding: 10px; text-align: center; text-decoration: none; display: inline-block; font-size: 16px; cursor: pointer; margin: 4px 2px; border-radius: 5px;\">Contact us for more information<\/button><br \/>\n<\/a><\/p>\n","protected":false},"featured_media":17091,"comment_status":"closed","ping_status":"closed","template":"","meta":{"_acf_changed":false},"product_brand":[],"product_cat":[134,195,203],"product_tag":[],"class_list":{"0":"post-16988","1":"product","2":"type-product","3":"status-publish","4":"has-post-thumbnail","6":"product_cat-machines-a-bois","7":"product_cat-machines-a-fileter-percer","8":"product_cat-machines-a-trefiler","9":"pa_applicazioni-batons-ronds","10":"pa_applicazioni-cuilleres-et-fourchettes","12":"first","13":"instock","14":"shipping-taxable","15":"product-type-simple"},"acf":[],"_links":{"self":[{"href":"https:\/\/www.sibo.it\/fr\/wp-json\/wp\/v2\/product\/16988","targetHints":{"allow":["GET"]}}],"collection":[{"href":"https:\/\/www.sibo.it\/fr\/wp-json\/wp\/v2\/product"}],"about":[{"href":"https:\/\/www.sibo.it\/fr\/wp-json\/wp\/v2\/types\/product"}],"replies":[{"embeddable":true,"href":"https:\/\/www.sibo.it\/fr\/wp-json\/wp\/v2\/comments?post=16988"}],"version-history":[{"count":5,"href":"https:\/\/www.sibo.it\/fr\/wp-json\/wp\/v2\/product\/16988\/revisions"}],"predecessor-version":[{"id":17679,"href":"https:\/\/www.sibo.it\/fr\/wp-json\/wp\/v2\/product\/16988\/revisions\/17679"}],"wp:featuredmedia":[{"embeddable":true,"href":"https:\/\/www.sibo.it\/fr\/wp-json\/wp\/v2\/media\/17091"}],"wp:attachment":[{"href":"https:\/\/www.sibo.it\/fr\/wp-json\/wp\/v2\/media?parent=16988"}],"wp:term":[{"taxonomy":"product_brand","embeddable":true,"href":"https:\/\/www.sibo.it\/fr\/wp-json\/wp\/v2\/product_brand?post=16988"},{"taxonomy":"product_cat","embeddable":true,"href":"https:\/\/www.sibo.it\/fr\/wp-json\/wp\/v2\/product_cat?post=16988"},{"taxonomy":"product_tag","embeddable":true,"href":"https:\/\/www.sibo.it\/fr\/wp-json\/wp\/v2\/product_tag?post=16988"}],"curies":[{"name":"wp","href":"https:\/\/api.w.org\/{rel}","templated":true}]}}