{"id":15449,"date":"2024-01-22T11:27:31","date_gmt":"2024-01-22T10:27:31","guid":{"rendered":"https:\/\/www.sibo.it\/?post_type=product&#038;p=15449"},"modified":"2024-03-08T14:38:41","modified_gmt":"2024-03-08T13:38:41","slug":"4tf-1000-cnc","status":"publish","type":"product","link":"https:\/\/www.sibo.it\/fr\/produit\/4tf-1000-cnc\/","title":{"rendered":"4TF\/1000 CNC"},"content":{"rendered":"\t\t<div data-elementor-type=\"product-post\" data-elementor-id=\"15449\" class=\"elementor elementor-15449 elementor-15446\" data-elementor-post-type=\"product\">\n\t\t\t\t<div class=\"elementor-element elementor-element-cf1f3ba e-con-full e-flex e-con e-parent\" data-id=\"cf1f3ba\" data-element_type=\"container\" data-e-type=\"container\">\r\n\t\t<div class=\"elementor-element elementor-element-6d430be e-con-full e-flex e-con e-child\" data-id=\"6d430be\" data-element_type=\"container\" data-e-type=\"container\">\r\n\t\t\t\t<div class=\"elementor-element elementor-element-ddd2f7f elementor-widget elementor-widget-text-editor\" data-id=\"ddd2f7f\" data-element_type=\"widget\" data-e-type=\"widget\" data-widget_type=\"text-editor.default\">\n\t\t\t\t<div class=\"elementor-widget-container\">\n\t\t\t\t\t\t\t\t\t<table width=\"633\">\n<tbody>\n<tr>\n<td>\n<p><span style=\"font-size: 16px;\">diam\u00e8tre max.<\/span><\/p>\n<\/td>\n<td>\n<p><span style=\"font-size: 16px;\"><strong>80 mm.<\/strong><\/span><\/p>\n<\/td>\n<\/tr>\n<tr>\n<td>\n<p><span style=\"font-size: 16px;\">diam\u00e8tre min.<\/span><\/p>\n<\/td>\n<td>\n<p><span style=\"font-size: 16px;\"><strong>20 mm.<\/strong><\/span><\/p>\n<\/td>\n<\/tr>\n<tr>\n<td>\n<p><span style=\"font-size: 16px;\">longueur max.<\/span><\/p>\n<\/td>\n<td>\n<p><span style=\"font-size: 16px;\"><strong>1000 mm.<\/strong><\/span><\/p>\n<\/td>\n<\/tr>\n<tr>\n<td>\n<p><span style=\"font-size: 16px;\">longueur min.<\/span><\/p>\n<\/td>\n<td>\n<p><span style=\"font-size: 16px;\"><strong>200 mm.<\/strong><\/span><\/p>\n<\/td>\n<\/tr>\n<tr>\n<td> <\/td>\n<td> <\/td>\n<\/tr>\n<\/tbody>\n<\/table>\n<p style=\"text-align: left;\">\n\t\t\t\t\t\t\t\t<\/div>\n\t\t\t\t<\/div>\n\t\t\t\t<\/div>\n\t\t<div class=\"elementor-element elementor-element-8616444 e-con-full e-flex e-con e-child\" data-id=\"8616444\" data-element_type=\"container\" data-e-type=\"container\">\r\n\t\t\t\t<div class=\"elementor-element elementor-element-e1de2a1 elementor-widget elementor-widget-text-editor\" data-id=\"e1de2a1\" data-element_type=\"widget\" data-e-type=\"widget\" data-widget_type=\"text-editor.default\">\n\t\t\t\t<div class=\"elementor-widget-container\">\n\t\t\t\t\t\t\t\t\t<p><b>AUCUNES PRODUITS R\u00c9ALISABLES<\/b><\/p>\n<p><img fetchpriority=\"high\" decoding=\"async\" class=\"alignnone size-medium wp-image-15463\" src=\"https:\/\/www.sibo.it\/wp-content\/uploads\/2024\/01\/Campioni-4TF-1000-300x264.jpg\" alt=\"\" width=\"300\" height=\"264\"><\/p>\n\t\t\t\t\t\t\t\t<\/div>\n\t\t\t\t<\/div>\n\t\t\t\t<\/div>\n\t\t\t\t<\/div>\n\t\t\t\t<\/div>\n\t\t","protected":false},"excerpt":{"rendered":"<p><strong>TOUR CN\u0421 MODELLO MOD\u00c8LE \u00ab\u00a04TF\/1000\u00a0\u00bb<\/strong><\/p>\n<p>Le tour CNC 4TF\/1000 se distingue dans le domaine du fraisage en r\u00e9volutionnant la productivit\u00e9 gr\u00e2ce \u00e0 sa capacit\u00e9 \u00e0 travailler simultan\u00e9ment sur quatre pi\u00e8ces. Avec sa technologie avanc\u00e9e de commande num\u00e9rique (CNC), il \u00e9limine le besoin de gabarits traditionnels, ouvrant la voie \u00e0 un processus de production plus rapide, efficace et pr\u00e9cis.<\/p>\n<p><strong>La machine convient \u00e0 l&rsquo;usinage de manches de marteaux, de manches de pioches, de manches de haches et de pieds de chaises.<\/strong><\/p>\n<p>\u00c9quip\u00e9 de huit \u00e9lectrobroches, dont quatre sont d\u00e9di\u00e9es aux fraises de d\u00e9grossissage qui fa\u00e7onnent rapidement les pi\u00e8ces, tandis que les quatre autres sont r\u00e9serv\u00e9es aux fraises de finition, perfectionnant chaque surface. La caract\u00e9ristique op\u00e9rationnelle de ce tour est encore \u00e9tendue gr\u00e2ce aux quatre axes interpol\u00e9s, permettant de travailler les pi\u00e8ces sous deux angles, \u00e0 la fois lat\u00e9ralement et par le haut, \u00e9largissant consid\u00e9rablement la polyvalence et la pr\u00e9cision des op\u00e9rations possibles.<\/p>\n<p>Cette configuration garantit non seulement des pi\u00e8ces de haute qualit\u00e9, mais r\u00e9duit \u00e9galement de mani\u00e8re significative, voire \u00e9limine dans certains cas, le besoin d&rsquo;interventions de finition manuelle telles que le pon\u00e7age. Cela se traduit par des surfaces plus lisses, des tol\u00e9rances plus \u00e9troites et une qualit\u00e9 du produit final qui se d\u00e9marque sur le march\u00e9.<\/p>\n<p><a href=\"https:\/\/www.sibo.it\/contact\/\"><br \/>\n<button style=\"background-color: #4caf50; border: none; color: white; padding: 10px; text-align: center; text-decoration: none; display: inline-block; font-size: 16px; cursor: pointer; margin: 4px 2px; border-radius: 5px;\">Contactez-nous pour plus d&rsquo;informations<\/button><br \/>\n<\/a><\/p>\n","protected":false},"featured_media":15454,"comment_status":"closed","ping_status":"closed","template":"","meta":{"_acf_changed":false},"product_brand":[],"product_cat":[134,201],"product_tag":[],"class_list":{"0":"post-15449","1":"product","2":"type-product","3":"status-publish","4":"has-post-thumbnail","6":"product_cat-machines-a-bois","7":"product_cat-machines-speciales","8":"pa_applicazioni-manches-de-marteau","9":"pa_applicazioni-manches-de-pioche","11":"first","12":"instock","13":"shipping-taxable","14":"product-type-simple"},"acf":[],"_links":{"self":[{"href":"https:\/\/www.sibo.it\/fr\/wp-json\/wp\/v2\/product\/15449","targetHints":{"allow":["GET"]}}],"collection":[{"href":"https:\/\/www.sibo.it\/fr\/wp-json\/wp\/v2\/product"}],"about":[{"href":"https:\/\/www.sibo.it\/fr\/wp-json\/wp\/v2\/types\/product"}],"replies":[{"embeddable":true,"href":"https:\/\/www.sibo.it\/fr\/wp-json\/wp\/v2\/comments?post=15449"}],"version-history":[{"count":14,"href":"https:\/\/www.sibo.it\/fr\/wp-json\/wp\/v2\/product\/15449\/revisions"}],"predecessor-version":[{"id":17088,"href":"https:\/\/www.sibo.it\/fr\/wp-json\/wp\/v2\/product\/15449\/revisions\/17088"}],"wp:featuredmedia":[{"embeddable":true,"href":"https:\/\/www.sibo.it\/fr\/wp-json\/wp\/v2\/media\/15454"}],"wp:attachment":[{"href":"https:\/\/www.sibo.it\/fr\/wp-json\/wp\/v2\/media?parent=15449"}],"wp:term":[{"taxonomy":"product_brand","embeddable":true,"href":"https:\/\/www.sibo.it\/fr\/wp-json\/wp\/v2\/product_brand?post=15449"},{"taxonomy":"product_cat","embeddable":true,"href":"https:\/\/www.sibo.it\/fr\/wp-json\/wp\/v2\/product_cat?post=15449"},{"taxonomy":"product_tag","embeddable":true,"href":"https:\/\/www.sibo.it\/fr\/wp-json\/wp\/v2\/product_tag?post=15449"}],"curies":[{"name":"wp","href":"https:\/\/api.w.org\/{rel}","templated":true}]}}