{"id":15333,"date":"2024-01-18T16:18:33","date_gmt":"2024-01-18T15:18:33","guid":{"rendered":"https:\/\/www.sibo.it\/?post_type=product&#038;p=15333"},"modified":"2025-07-09T08:06:50","modified_gmt":"2025-07-09T07:06:50","slug":"ffs-8-fr","status":"publish","type":"product","link":"https:\/\/www.sibo.it\/fr\/produit\/ffs-8-fr\/","title":{"rendered":"FFS\/8"},"content":{"rendered":"\t\t<div data-elementor-type=\"product-post\" data-elementor-id=\"15333\" class=\"elementor elementor-15333 elementor-15329\" data-elementor-post-type=\"product\">\n\t\t\t\t<div class=\"elementor-element elementor-element-cf1f3ba e-con-full e-flex e-con e-parent\" data-id=\"cf1f3ba\" data-element_type=\"container\" data-e-type=\"container\">\r\n\t\t<div class=\"elementor-element elementor-element-6d430be e-con-full e-flex e-con e-child\" data-id=\"6d430be\" data-element_type=\"container\" data-e-type=\"container\">\r\n\t\t\t\t<div class=\"elementor-element elementor-element-ddd2f7f elementor-widget elementor-widget-text-editor\" data-id=\"ddd2f7f\" data-element_type=\"widget\" data-e-type=\"widget\" data-widget_type=\"text-editor.default\">\n\t\t\t\t<div class=\"elementor-widget-container\">\n\t\t\t\t\t\t\t\t\t<table border=\"0\" cellspacing=\"0\" cellpadding=\"0\">\n<tbody>\n<tr>\n<td>\n<table border=\"0\" cellspacing=\"0\" cellpadding=\"0\">\n<tbody>\n<tr>\n<td><span style=\"font-size: 16px;\">longueur max.<\/span><\/td>\n<td><span style=\"font-size: 16px;\"><strong>110 mm.<\/strong><\/span><\/td>\n<\/tr>\n<tr>\n<td><span style=\"font-size: 16px;\">longueur min.<\/span><\/td>\n<td><span style=\"font-size: 16px;\"><strong>90 mm.<\/strong><\/span><\/td>\n<\/tr>\n<tr>\n<td><span style=\"font-size: 16px;\">\u00e9paisseur max.<\/span><\/td>\n<td><span style=\"font-size: 16px;\"><strong>20 mm.<\/strong><\/span><\/td>\n<\/tr>\n<tr>\n<td><span style=\"font-size: 16px;\">largeur max.<\/span><\/td>\n<td><span style=\"font-size: 16px;\"><strong>40 mm.<\/strong><\/span><\/td>\n<\/tr>\n<tr>\n<td><span style=\"font-size: 16px;\">production variable<\/span><\/td>\n<td><span style=\"font-size: 16px;\"><strong>7\u00f710 pcs.\/min.<\/strong><\/span><\/td>\n<\/tr>\n<\/tbody>\n<\/table>\n<\/td>\n<td> <\/td>\n<\/tr>\n<\/tbody>\n<\/table>\n\t\t\t\t\t\t\t\t<\/div>\n\t\t\t\t<\/div>\n\t\t\t\t<\/div>\n\t\t<div class=\"elementor-element elementor-element-8616444 e-con-full e-flex e-con e-child\" data-id=\"8616444\" data-element_type=\"container\" data-e-type=\"container\">\r\n\t\t\t\t<div class=\"elementor-element elementor-element-e1de2a1 elementor-widget elementor-widget-text-editor\" data-id=\"e1de2a1\" data-element_type=\"widget\" data-e-type=\"widget\" data-widget_type=\"text-editor.default\">\n\t\t\t\t<div class=\"elementor-widget-container\">\n\t\t\t\t\t\t\t\t\t<p><b>&nbsp; &nbsp; &nbsp; &nbsp; &nbsp; &nbsp; AUCUNES PRODUITS R\u00c9ALISABLES<\/b><\/p>\n<p><img fetchpriority=\"high\" decoding=\"async\" class=\"alignnone size-medium wp-image-15336\" src=\"https:\/\/www.sibo.it\/wp-content\/uploads\/2024\/01\/Campioni-FFS8-x-sito-300x300.jpg\" alt=\"\" width=\"300\" height=\"300\"><img decoding=\"async\" class=\"alignnone size-medium wp-image-15348\" src=\"https:\/\/www.sibo.it\/wp-content\/uploads\/2024\/01\/Campioni-Paintr-FFS8-300x143.jpg\" alt=\"\" width=\"300\" height=\"143\"><\/p>\t\t\t\t\t\t\t\t<\/div>\n\t\t\t\t<\/div>\n\t\t\t\t<\/div>\n\t\t\t\t<\/div>\n\t\t\t\t<\/div>\n\t\t","protected":false},"excerpt":{"rendered":"<p><strong>CNC TRANSFERT AUTOMATIQUE CNC mod\u00e8le \u00ab\u00a0FFS\/8\u00a0\u00bb<\/strong><\/p>\n<p>Machine transfert rotative CNC adapt\u00e9e a l\u2019usinage des brosses \u00e0 dents, des manches de couteaux et de pinceaux. La machine est \u00e9quip\u00e9e d\u2019 un chargeur automatique et d\u2019une table rotative \u00e0 8 positions, qui permet d&rsquo;ex\u00e9cuter simultanment les operations suivantes: fraisage du profil, deux trous horizontaux de profondeurs differentes, deux trous verticaux (superieur et inferieur) et surfage. Une pi\u00e8ce est automatiquement chargee\/decharge a chaque rotation de la table.<\/p>\n","protected":false},"featured_media":15359,"comment_status":"closed","ping_status":"closed","template":"","meta":{"_acf_changed":false},"product_brand":[],"product_cat":[134,195,202],"product_tag":[],"class_list":{"0":"post-15333","1":"product","2":"type-product","3":"status-publish","4":"has-post-thumbnail","6":"product_cat-machines-a-bois","7":"product_cat-machines-a-fileter-percer","8":"product_cat-transfer-machines-fr","9":"pa_applicazioni-manches-de-couteau","10":"pa_applicazioni-pinceaux-ovales","11":"pa_applicazioni-pinceaux-plats","12":"pa_applicazioni-pinceaux-rondes","14":"first","15":"instock","16":"shipping-taxable","17":"product-type-simple"},"acf":[],"_links":{"self":[{"href":"https:\/\/www.sibo.it\/fr\/wp-json\/wp\/v2\/product\/15333","targetHints":{"allow":["GET"]}}],"collection":[{"href":"https:\/\/www.sibo.it\/fr\/wp-json\/wp\/v2\/product"}],"about":[{"href":"https:\/\/www.sibo.it\/fr\/wp-json\/wp\/v2\/types\/product"}],"replies":[{"embeddable":true,"href":"https:\/\/www.sibo.it\/fr\/wp-json\/wp\/v2\/comments?post=15333"}],"version-history":[{"count":11,"href":"https:\/\/www.sibo.it\/fr\/wp-json\/wp\/v2\/product\/15333\/revisions"}],"predecessor-version":[{"id":20205,"href":"https:\/\/www.sibo.it\/fr\/wp-json\/wp\/v2\/product\/15333\/revisions\/20205"}],"wp:featuredmedia":[{"embeddable":true,"href":"https:\/\/www.sibo.it\/fr\/wp-json\/wp\/v2\/media\/15359"}],"wp:attachment":[{"href":"https:\/\/www.sibo.it\/fr\/wp-json\/wp\/v2\/media?parent=15333"}],"wp:term":[{"taxonomy":"product_brand","embeddable":true,"href":"https:\/\/www.sibo.it\/fr\/wp-json\/wp\/v2\/product_brand?post=15333"},{"taxonomy":"product_cat","embeddable":true,"href":"https:\/\/www.sibo.it\/fr\/wp-json\/wp\/v2\/product_cat?post=15333"},{"taxonomy":"product_tag","embeddable":true,"href":"https:\/\/www.sibo.it\/fr\/wp-json\/wp\/v2\/product_tag?post=15333"}],"curies":[{"name":"wp","href":"https:\/\/api.w.org\/{rel}","templated":true}]}}