{"id":14038,"date":"2023-08-09T17:44:56","date_gmt":"2023-08-09T16:44:56","guid":{"rendered":"https:\/\/www.sibo.it\/prodotto\/tau-30\/"},"modified":"2024-01-24T10:53:51","modified_gmt":"2024-01-24T09:53:51","slug":"tau-30","status":"publish","type":"product","link":"https:\/\/www.sibo.it\/fr\/produit\/tau-30\/","title":{"rendered":"TAU\/30"},"content":{"rendered":"\t\t<div data-elementor-type=\"product-post\" data-elementor-id=\"14038\" class=\"elementor elementor-14038 elementor-10514\" data-elementor-post-type=\"product\">\n\t\t\t\t<div class=\"elementor-element elementor-element-cf1f3ba e-con-full e-flex e-con e-parent\" data-id=\"cf1f3ba\" data-element_type=\"container\" data-e-type=\"container\">\r\n\t\t<div class=\"elementor-element elementor-element-6d430be e-con-full e-flex e-con e-parent\" data-id=\"6d430be\" data-element_type=\"container\" data-e-type=\"container\">\r\n\t\t\t\t<div class=\"elementor-element elementor-element-ddd2f7f elementor-widget elementor-widget-text-editor\" data-id=\"ddd2f7f\" data-element_type=\"widget\" data-e-type=\"widget\" data-widget_type=\"text-editor.default\">\n\t\t\t\t<div class=\"elementor-widget-container\">\n\t\t\t\t\t\t\t\t\t<table border=\"0\" cellspacing=\"0\" cellpadding=\"0\">\n<tbody>\n<tr>\n<td>diam\u00e8tre min.<\/td>\n<td><strong>10 mm.<\/strong><\/td>\n<\/tr>\n<tr>\n<td>diam\u00e8tre max.<\/td>\n<td><strong>30 mm.<\/strong><\/td>\n<\/tr>\n<tr>\n<td>longueur min.<\/td>\n<td><strong>280 mm.<\/strong><\/td>\n<\/tr>\n<tr>\n<td>longueur max.<\/td>\n<td><strong>illimit\u00e9<\/strong><\/td>\n<\/tr>\n<tr>\n<td>production variable <\/td>\n<td><strong>4-15 mt.\/min.<\/strong><\/td>\n<\/tr>\n<\/tbody>\n<\/table>\n<p style=\"text-align: left;\"><b>\u00c9QUIPEMENT SUPPL\u00c9MENTAIRE<\/b><\/p>\n<p style=\"text-align: left;\">\n\t\t\t\t\t\t\t\t<\/div>\n\t\t\t\t<\/div>\n\t\t\t\t<\/div>\n\t\t<div class=\"elementor-element elementor-element-8616444 e-con-full e-flex e-con e-parent\" data-id=\"8616444\" data-element_type=\"container\" data-e-type=\"container\">\r\n\t\t\t\t<div class=\"elementor-element elementor-element-e1de2a1 elementor-widget elementor-widget-text-editor\" data-id=\"e1de2a1\" data-element_type=\"widget\" data-e-type=\"widget\" data-widget_type=\"text-editor.default\">\n\t\t\t\t<div class=\"elementor-widget-container\">\n\t\t\t\t\t\t\t\t\t<p><b>AUCUNES PRODUITS R\u00c9ALISABLES<\/b><\/p>\n<p><img decoding=\"async\" class=\"alignnone size-medium wp-image-8621\" src=\"https:\/\/www.sibo.it\/wp-content\/uploads\/2023\/03\/TAU60-camp-300x150.jpg\" alt=\"\" width=\"300\" height=\"150\"><\/p>\n\t\t\t\t\t\t\t\t<\/div>\n\t\t\t\t<\/div>\n\t\t\t\t<\/div>\n\t\t\t\t<\/div>\n\t\t\t\t<\/div>\n\t\t","protected":false},"excerpt":{"rendered":"<p><strong>MACHINE AUTOMATIQUE \u00c0 TR\u00c9FILER MOD\u00c8LE \u00ab\u00a0TAU\/30\u00a0\u00bb<\/strong><\/p>\n<p>Machine automatique \u00e0 tr\u00e9filer adapt\u00e9e pour travailler les pi\u00e8ces droites \u00e0 section cylindrique. Avec cette machine, on peut obtenir les manches de balai et de r\u00e2teau, barres de rideaux, composants pour chaises, tables et lits. Machine qui travaille le bois, le rattan, le bamboo et les mati\u00e8res plastiques, comme plexiglas, cellulo\u00efd, etc.<\/p>\n<p><span style=\"font-size: 16px;\"><strong>La machine peut \u00eatre \u00e9quip\u00e9 avec:<\/strong><\/span><\/p>\n<ul>\n<li><span style=\"font-size: 16px;\">chargeur \u00e9lectropneumatique pour pi\u00e8ces de longueur max. 2000 mm.<\/span><\/li>\n<li><span style=\"font-size: 16px;\">t\u00eate pour moleter b\u00e2tons tr\u00e9fil\u00e9s de \u00f8 8-10-12 mm.<\/span><\/li>\n<li><span style=\"font-size: 16px;\">aff\u00fbteuse motoris\u00e9e<\/span><\/li>\n<\/ul>\n","protected":false},"featured_media":8699,"comment_status":"closed","ping_status":"closed","template":"","meta":{"_acf_changed":false},"product_brand":[],"product_cat":[134,203],"product_tag":[],"class_list":{"0":"post-14038","1":"product","2":"type-product","3":"status-publish","4":"has-post-thumbnail","6":"product_cat-machines-a-bois","7":"product_cat-machines-a-trefiler","8":"pa_applicazioni-batons-ronds","10":"first","11":"instock","12":"shipping-taxable","13":"product-type-simple"},"acf":[],"_links":{"self":[{"href":"https:\/\/www.sibo.it\/fr\/wp-json\/wp\/v2\/product\/14038","targetHints":{"allow":["GET"]}}],"collection":[{"href":"https:\/\/www.sibo.it\/fr\/wp-json\/wp\/v2\/product"}],"about":[{"href":"https:\/\/www.sibo.it\/fr\/wp-json\/wp\/v2\/types\/product"}],"replies":[{"embeddable":true,"href":"https:\/\/www.sibo.it\/fr\/wp-json\/wp\/v2\/comments?post=14038"}],"version-history":[{"count":6,"href":"https:\/\/www.sibo.it\/fr\/wp-json\/wp\/v2\/product\/14038\/revisions"}],"predecessor-version":[{"id":15702,"href":"https:\/\/www.sibo.it\/fr\/wp-json\/wp\/v2\/product\/14038\/revisions\/15702"}],"wp:featuredmedia":[{"embeddable":true,"href":"https:\/\/www.sibo.it\/fr\/wp-json\/wp\/v2\/media\/8699"}],"wp:attachment":[{"href":"https:\/\/www.sibo.it\/fr\/wp-json\/wp\/v2\/media?parent=14038"}],"wp:term":[{"taxonomy":"product_brand","embeddable":true,"href":"https:\/\/www.sibo.it\/fr\/wp-json\/wp\/v2\/product_brand?post=14038"},{"taxonomy":"product_cat","embeddable":true,"href":"https:\/\/www.sibo.it\/fr\/wp-json\/wp\/v2\/product_cat?post=14038"},{"taxonomy":"product_tag","embeddable":true,"href":"https:\/\/www.sibo.it\/fr\/wp-json\/wp\/v2\/product_tag?post=14038"}],"curies":[{"name":"wp","href":"https:\/\/api.w.org\/{rel}","templated":true}]}}