{"id":14030,"date":"2023-08-09T17:49:28","date_gmt":"2023-08-09T16:49:28","guid":{"rendered":"https:\/\/www.sibo.it\/prodotto\/tau-2lu\/"},"modified":"2023-11-04T15:38:18","modified_gmt":"2023-11-04T14:38:18","slug":"tau-2lu","status":"publish","type":"product","link":"https:\/\/www.sibo.it\/fr\/produit\/tau-2lu\/","title":{"rendered":"TAU\/2LU"},"content":{"rendered":"\t\t<div data-elementor-type=\"product-post\" data-elementor-id=\"14030\" class=\"elementor elementor-14030 elementor-10519\" data-elementor-post-type=\"product\">\n\t\t\t\t<div class=\"elementor-element elementor-element-cf1f3ba e-con-full e-flex e-con e-parent\" data-id=\"cf1f3ba\" data-element_type=\"container\" data-e-type=\"container\">\r\n\t\t<div class=\"elementor-element elementor-element-6d430be e-con-full e-flex e-con e-parent\" data-id=\"6d430be\" data-element_type=\"container\" data-e-type=\"container\">\r\n\t\t\t\t<div class=\"elementor-element elementor-element-ddd2f7f elementor-widget elementor-widget-text-editor\" data-id=\"ddd2f7f\" data-element_type=\"widget\" data-e-type=\"widget\" data-widget_type=\"text-editor.default\">\n\t\t\t\t<div class=\"elementor-widget-container\">\n\t\t\t\t\t\t\t\t\t<table border=\"0\" cellspacing=\"0\" cellpadding=\"0\">\n<tbody>\n<tr>\n<td>\n<table border=\"0\" cellspacing=\"0\" cellpadding=\"0\">\n<tbody>\n<tr>\n<td>diam\u00e8tre min.<\/td>\n<td><strong>15 mm.<\/strong><\/td>\n<\/tr>\n<tr>\n<td>diam\u00e8tre max.<\/td>\n<td><strong>65 mm.<\/strong><\/td>\n<\/tr>\n<tr>\n<td>longueur min.<\/td>\n<td><strong>400 mm.<\/strong><\/td>\n<\/tr>\n<tr>\n<td>longueur max.<\/td>\n<td><strong>illimit\u00e9<\/strong><\/td>\n<\/tr>\n<tr>\n<td>production variable <\/td>\n<td><strong>4-15 mt.\/min.<\/strong><\/td>\n<\/tr>\n<tr>\n<td>production avec t\u00eate variable<\/td>\n<td><strong>5-25 mt.\/min.<\/strong><\/td>\n<\/tr>\n<\/tbody>\n<\/table>\n<\/td>\n<td> <\/td>\n<\/tr>\n<tr>\n<td> <\/td>\n<td><strong>.<\/strong><\/td>\n<\/tr>\n<\/tbody>\n<\/table>\n<p style=\"text-align: left;\"><b>\u00c9QUIPEMENT SUPPL\u00c9MENTAIRE<\/b><\/p>\n<p style=\"text-align: left;\">\n\t\t\t\t\t\t\t\t<\/div>\n\t\t\t\t<\/div>\n\t\t\t\t<\/div>\n\t\t<div class=\"elementor-element elementor-element-8616444 e-con-full e-flex e-con e-parent\" data-id=\"8616444\" data-element_type=\"container\" data-e-type=\"container\">\r\n\t\t\t\t<div class=\"elementor-element elementor-element-e1de2a1 elementor-widget elementor-widget-text-editor\" data-id=\"e1de2a1\" data-element_type=\"widget\" data-e-type=\"widget\" data-widget_type=\"text-editor.default\">\n\t\t\t\t<div class=\"elementor-widget-container\">\n\t\t\t\t\t\t\t\t\t<p><b>AUCUNES PRODUITS R\u00c9ALISABLES<\/b><\/p>\n<p><img decoding=\"async\" class=\"alignnone size-medium wp-image-8621\" src=\"https:\/\/www.sibo.it\/wp-content\/uploads\/2023\/03\/TAU60-camp-300x150.jpg\" alt=\"\" width=\"300\" height=\"150\"><\/p>\n\t\t\t\t\t\t\t\t<\/div>\n\t\t\t\t<\/div>\n\t\t\t\t<\/div>\n\t\t\t\t<\/div>\n\t\t\t\t<\/div>\n\t\t","protected":false},"excerpt":{"rendered":"<p><strong>MACHINES \u00c0 TR\u00c9FILER\/PONSER MOD\u00c8LE \u00ab\u00a0TAU\/2LU\u00a0\u00bb<\/strong><\/p>\n<p>Cette machine combine la machine \u00e0 dessiner \u00e0 b\u00e2tons droits mod\u00e8le &lsquo;TAU\/60&rsquo; avec la ponceuse mod\u00e8le &lsquo;2LU\/100&rsquo;.<br \/>\nElle permet d&rsquo;obtenir des pi\u00e8ces finies en une seule \u00e9tape.<br \/>\nLa machine est particuli\u00e8rement adapt\u00e9e \u00e0 la production de manches de balai et de r\u00e2teau, de tringles \u00e0 rideaux, de pieds de chaise et de table, de pi\u00e8ces de lit et de parasols. Le rotin, le bambou et les mati\u00e8res plastiques peuvent \u00eatre facilement trait\u00e9s.<\/p>\n<p>&nbsp;<\/p>\n","protected":false},"featured_media":2417,"comment_status":"closed","ping_status":"closed","template":"","meta":{"_acf_changed":false},"product_brand":[],"product_cat":[134,203],"product_tag":[],"class_list":{"0":"post-14030","1":"product","2":"type-product","3":"status-publish","4":"has-post-thumbnail","6":"product_cat-machines-a-bois","7":"product_cat-machines-a-trefiler","8":"pa_applicazioni-batons-ronds","10":"first","11":"instock","12":"shipping-taxable","13":"product-type-simple"},"acf":[],"_links":{"self":[{"href":"https:\/\/www.sibo.it\/fr\/wp-json\/wp\/v2\/product\/14030","targetHints":{"allow":["GET"]}}],"collection":[{"href":"https:\/\/www.sibo.it\/fr\/wp-json\/wp\/v2\/product"}],"about":[{"href":"https:\/\/www.sibo.it\/fr\/wp-json\/wp\/v2\/types\/product"}],"replies":[{"embeddable":true,"href":"https:\/\/www.sibo.it\/fr\/wp-json\/wp\/v2\/comments?post=14030"}],"version-history":[{"count":2,"href":"https:\/\/www.sibo.it\/fr\/wp-json\/wp\/v2\/product\/14030\/revisions"}],"predecessor-version":[{"id":14332,"href":"https:\/\/www.sibo.it\/fr\/wp-json\/wp\/v2\/product\/14030\/revisions\/14332"}],"wp:featuredmedia":[{"embeddable":true,"href":"https:\/\/www.sibo.it\/fr\/wp-json\/wp\/v2\/media\/2417"}],"wp:attachment":[{"href":"https:\/\/www.sibo.it\/fr\/wp-json\/wp\/v2\/media?parent=14030"}],"wp:term":[{"taxonomy":"product_brand","embeddable":true,"href":"https:\/\/www.sibo.it\/fr\/wp-json\/wp\/v2\/product_brand?post=14030"},{"taxonomy":"product_cat","embeddable":true,"href":"https:\/\/www.sibo.it\/fr\/wp-json\/wp\/v2\/product_cat?post=14030"},{"taxonomy":"product_tag","embeddable":true,"href":"https:\/\/www.sibo.it\/fr\/wp-json\/wp\/v2\/product_tag?post=14030"}],"curies":[{"name":"wp","href":"https:\/\/api.w.org\/{rel}","templated":true}]}}