{"id":14024,"date":"2023-08-09T17:53:42","date_gmt":"2023-08-09T16:53:42","guid":{"rendered":"https:\/\/www.sibo.it\/prodotto\/taus-2%c2%bdcnc\/"},"modified":"2024-02-02T16:48:17","modified_gmt":"2024-02-02T15:48:17","slug":"taus-2%c2%bdcnc","status":"publish","type":"product","link":"https:\/\/www.sibo.it\/fr\/produit\/taus-2%c2%bdcnc\/","title":{"rendered":"TAUS 2\u00bdcnc"},"content":{"rendered":"\t\t<div data-elementor-type=\"product-post\" data-elementor-id=\"14024\" class=\"elementor elementor-14024 elementor-10524\" data-elementor-post-type=\"product\">\n\t\t\t\t<div class=\"elementor-element elementor-element-cf1f3ba e-con-full e-flex e-con e-parent\" data-id=\"cf1f3ba\" data-element_type=\"container\" data-e-type=\"container\">\r\n\t\t<div class=\"elementor-element elementor-element-6d430be e-con-full e-flex e-con e-parent\" data-id=\"6d430be\" data-element_type=\"container\" data-e-type=\"container\">\r\n\t\t\t\t<div class=\"elementor-element elementor-element-ddd2f7f elementor-widget elementor-widget-text-editor\" data-id=\"ddd2f7f\" data-element_type=\"widget\" data-e-type=\"widget\" data-widget_type=\"text-editor.default\">\n\t\t\t\t<div class=\"elementor-widget-container\">\n\t\t\t\t\t\t\t\t\t<table border=\"0\" cellspacing=\"0\" cellpadding=\"0\">\n<tbody>\n<tr>\n<td>diam\u00e8tre min.<\/td>\n<td><strong>18 mm.<\/strong><\/td>\n<\/tr>\n<tr>\n<td>diam\u00e8tre max<\/td>\n<td><strong>63 mm.<\/strong><\/td>\n<\/tr>\n<tr>\n<td>diam\u00e8tre sur demande<\/td>\n<td><strong>10-40 mm.<\/strong><\/td>\n<\/tr>\n<tr>\n<td>longueur min.<\/td>\n<td><strong>470 mm.<\/strong><\/td>\n<\/tr>\n<\/tbody>\n<\/table>\n<p style=\"text-align: left;\"><b>\u00c9QUIPEMENT SUPPL\u00c9MENTAIRE<\/b><\/p>\n<p style=\"text-align: left;\">\n\t\t\t\t\t\t\t\t<\/div>\n\t\t\t\t<\/div>\n\t\t\t\t<\/div>\n\t\t<div class=\"elementor-element elementor-element-8616444 e-con-full e-flex e-con e-parent\" data-id=\"8616444\" data-element_type=\"container\" data-e-type=\"container\">\r\n\t\t\t\t<div class=\"elementor-element elementor-element-e1de2a1 elementor-widget elementor-widget-text-editor\" data-id=\"e1de2a1\" data-element_type=\"widget\" data-e-type=\"widget\" data-widget_type=\"text-editor.default\">\n\t\t\t\t<div class=\"elementor-widget-container\">\n\t\t\t\t\t\t\t\t\t<p><b>AUCUNES PRODUITS R\u00c9ALISABLES<\/b><\/p>\n<p><img decoding=\"async\" class=\"alignnone size-medium wp-image-8688\" src=\"https:\/\/www.sibo.it\/wp-content\/uploads\/2023\/03\/TAUS-CAMP-300x150.jpg\" alt=\"\" width=\"300\" height=\"150\"><\/p>\n\t\t\t\t\t\t\t\t<\/div>\n\t\t\t\t<\/div>\n\t\t\t\t<\/div>\n\t\t\t\t<\/div>\n\t\t\t\t<\/div>\n\t\t","protected":false},"excerpt":{"rendered":"<p><strong>MACHINE AUTOMATIQUE \u00c0 TREFILER MOD\u00c8LE \u00ab\u00a0TAUS 2\u00bdCNC\u00a0\u00bb<\/strong><\/p>\n<p>En ex\u00e9cution sp\u00e9ciale pour usiner pi\u00e8ces rondes, droites et l\u00e9g\u00e8rement courb\u00e9es et fa\u00e7onn\u00e9es comme manches de pelle, jambes pour chaises, tables et lits, rames, queues de billard, etc. Machine compl\u00e8te de control num\u00e9rique a 3 axes. Ce system, permit de modifier le profil et les dimensions de la pi\u00e8ce \u00e0 travailler en changeant le programme. Par cons\u00e9quent on peut produire peu de pi\u00e8ces sans frais pour les gabarit et les cames.<\/p>\n<p><span style=\"font-size: 16px;\"><strong>La machine peut \u00eatre \u00e9quip\u00e9 avec:<\/strong><\/span><\/p>\n<ul>\n<li><span style=\"font-size: 16px;\">chargeur electropneumatique pour pi\u00e8ces droites de longueur max. 1400 mm.<\/span><\/li>\n<\/ul>\n","protected":false},"featured_media":16335,"comment_status":"closed","ping_status":"closed","template":"","meta":{"_acf_changed":false},"product_brand":[],"product_cat":[134,203],"product_tag":[],"class_list":{"0":"post-14024","1":"product","2":"type-product","3":"status-publish","4":"has-post-thumbnail","6":"product_cat-machines-a-bois","7":"product_cat-machines-a-trefiler","8":"pa_applicazioni-batons-ronds","10":"first","11":"instock","12":"shipping-taxable","13":"product-type-simple"},"acf":[],"_links":{"self":[{"href":"https:\/\/www.sibo.it\/fr\/wp-json\/wp\/v2\/product\/14024","targetHints":{"allow":["GET"]}}],"collection":[{"href":"https:\/\/www.sibo.it\/fr\/wp-json\/wp\/v2\/product"}],"about":[{"href":"https:\/\/www.sibo.it\/fr\/wp-json\/wp\/v2\/types\/product"}],"replies":[{"embeddable":true,"href":"https:\/\/www.sibo.it\/fr\/wp-json\/wp\/v2\/comments?post=14024"}],"version-history":[{"count":4,"href":"https:\/\/www.sibo.it\/fr\/wp-json\/wp\/v2\/product\/14024\/revisions"}],"predecessor-version":[{"id":15680,"href":"https:\/\/www.sibo.it\/fr\/wp-json\/wp\/v2\/product\/14024\/revisions\/15680"}],"wp:featuredmedia":[{"embeddable":true,"href":"https:\/\/www.sibo.it\/fr\/wp-json\/wp\/v2\/media\/16335"}],"wp:attachment":[{"href":"https:\/\/www.sibo.it\/fr\/wp-json\/wp\/v2\/media?parent=14024"}],"wp:term":[{"taxonomy":"product_brand","embeddable":true,"href":"https:\/\/www.sibo.it\/fr\/wp-json\/wp\/v2\/product_brand?post=14024"},{"taxonomy":"product_cat","embeddable":true,"href":"https:\/\/www.sibo.it\/fr\/wp-json\/wp\/v2\/product_cat?post=14024"},{"taxonomy":"product_tag","embeddable":true,"href":"https:\/\/www.sibo.it\/fr\/wp-json\/wp\/v2\/product_tag?post=14024"}],"curies":[{"name":"wp","href":"https:\/\/api.w.org\/{rel}","templated":true}]}}