{"id":14000,"date":"2023-08-10T07:42:07","date_gmt":"2023-08-10T06:42:07","guid":{"rendered":"https:\/\/www.sibo.it\/prodotto\/2f-f\/"},"modified":"2024-01-24T17:29:13","modified_gmt":"2024-01-24T16:29:13","slug":"2f-f","status":"publish","type":"product","link":"https:\/\/www.sibo.it\/fr\/produit\/2f-f\/","title":{"rendered":"2F\/F"},"content":{"rendered":"\t\t<div data-elementor-type=\"product-post\" data-elementor-id=\"14000\" class=\"elementor elementor-14000 elementor-10543\" data-elementor-post-type=\"product\">\n\t\t\t\t<div class=\"elementor-element elementor-element-cf1f3ba e-con-full e-flex e-con e-parent\" data-id=\"cf1f3ba\" data-element_type=\"container\" data-e-type=\"container\">\r\n\t\t<div class=\"elementor-element elementor-element-6d430be e-con-full e-flex e-con e-child\" data-id=\"6d430be\" data-element_type=\"container\" data-e-type=\"container\">\r\n\t\t\t\t<div class=\"elementor-element elementor-element-ddd2f7f elementor-widget elementor-widget-text-editor\" data-id=\"ddd2f7f\" data-element_type=\"widget\" data-e-type=\"widget\" data-widget_type=\"text-editor.default\">\n\t\t\t\t<div class=\"elementor-widget-container\">\n\t\t\t\t\t\t\t\t\t<table border=\"0\" cellspacing=\"0\" cellpadding=\"0\">\n<tbody>\n<tr>\n<td><span style=\"font-size: 16px;\">largeur max.<\/span><\/td>\n<td><span style=\"font-size: 16px;\"><strong>45 mm.<\/strong><\/span><\/td>\n<\/tr>\n<tr>\n<td><span style=\"font-size: 16px;\">longueur min.<\/span><\/td>\n<td><span style=\"font-size: 16px;\"><strong>&nbsp;150 mm.<\/strong><\/span><\/td>\n<\/tr>\n<tr>\n<td><span style=\"font-size: 16px;\">production&nbsp;<\/span><\/td>\n<td><span style=\"font-size: 16px;\"><strong>120\u00f7140 pcs.\/h.<\/strong><\/span><\/td>\n<\/tr>\n<\/tbody>\n<\/table>\n<p style=\"text-align: left;\">\n<\/p>\t\t\t\t\t\t\t\t<\/div>\n\t\t\t\t<\/div>\n\t\t\t\t<\/div>\n\t\t<div class=\"elementor-element elementor-element-8616444 e-con-full e-flex e-con e-child\" data-id=\"8616444\" data-element_type=\"container\" data-e-type=\"container\">\r\n\t\t\t\t<div class=\"elementor-element elementor-element-e1de2a1 elementor-widget elementor-widget-text-editor\" data-id=\"e1de2a1\" data-element_type=\"widget\" data-e-type=\"widget\" data-widget_type=\"text-editor.default\">\n\t\t\t\t<div class=\"elementor-widget-container\">\n\t\t\t\t\t\t\t\t\t<p><b> AUCUNES PRODUITS R\u00c9ALISABLES<\/b><\/p>\n<p><img decoding=\"async\" class=\"alignnone size-medium wp-image-8779\" src=\"https:\/\/www.sibo.it\/wp-content\/uploads\/2023\/03\/Campioni-2F-F-e-CA1T-300x150.jpg\" alt=\"\" width=\"300\" height=\"150\"><\/p>\n\t\t\t\t\t\t\t\t<\/div>\n\t\t\t\t<\/div>\n\t\t\t\t<\/div>\n\t\t\t\t<\/div>\n\t\t\t\t<\/div>\n\t\t","protected":false},"excerpt":{"rendered":"<p><strong>MACHINE AUTOMATIQUE \u00c0 PERCER ET FRAISER MOD\u00c8LE \u00ab\u00a02F\/F\u00a0\u00bb<\/strong><\/p>\n<p>La machine est adapt\u00e9e au per\u00e7age et au fraisage des manches en bois. Les pi\u00e8ces sont charg\u00e9es manuellement dans le chargeur, qui charge une pi\u00e8ce \u00e0 la fois dans la position de travail, o\u00f9 elle est bloqu\u00e9e. La pi\u00e8ce est ensuite perc\u00e9e en plusieurs passes avant que la fraise ne r\u00e9alise la rainure semi-circulaire. \u00c0 la fin du processus d&rsquo;usinage, la pi\u00e8ce est d\u00e9verrouill\u00e9e et d\u00e9charg\u00e9e, tandis qu&rsquo;une nouvelle pi\u00e8ce est automatiquement charg\u00e9e et le cycle recommence.<\/p>\n","protected":false},"featured_media":8775,"comment_status":"closed","ping_status":"closed","template":"","meta":{"_acf_changed":false},"product_brand":[],"product_cat":[134,195],"product_tag":[],"class_list":{"0":"post-14000","1":"product","2":"type-product","3":"status-publish","4":"has-post-thumbnail","6":"product_cat-machines-a-bois","7":"product_cat-machines-a-fileter-percer","8":"pa_applicazioni-manches-de-couteau","9":"pa_applicazioni-pinceaux-ovales","10":"pa_applicazioni-pinceaux-plats","11":"pa_applicazioni-pinceaux-rondes","13":"first","14":"instock","15":"shipping-taxable","16":"product-type-simple"},"acf":[],"_links":{"self":[{"href":"https:\/\/www.sibo.it\/fr\/wp-json\/wp\/v2\/product\/14000","targetHints":{"allow":["GET"]}}],"collection":[{"href":"https:\/\/www.sibo.it\/fr\/wp-json\/wp\/v2\/product"}],"about":[{"href":"https:\/\/www.sibo.it\/fr\/wp-json\/wp\/v2\/types\/product"}],"replies":[{"embeddable":true,"href":"https:\/\/www.sibo.it\/fr\/wp-json\/wp\/v2\/comments?post=14000"}],"version-history":[{"count":6,"href":"https:\/\/www.sibo.it\/fr\/wp-json\/wp\/v2\/product\/14000\/revisions"}],"predecessor-version":[{"id":15882,"href":"https:\/\/www.sibo.it\/fr\/wp-json\/wp\/v2\/product\/14000\/revisions\/15882"}],"wp:featuredmedia":[{"embeddable":true,"href":"https:\/\/www.sibo.it\/fr\/wp-json\/wp\/v2\/media\/8775"}],"wp:attachment":[{"href":"https:\/\/www.sibo.it\/fr\/wp-json\/wp\/v2\/media?parent=14000"}],"wp:term":[{"taxonomy":"product_brand","embeddable":true,"href":"https:\/\/www.sibo.it\/fr\/wp-json\/wp\/v2\/product_brand?post=14000"},{"taxonomy":"product_cat","embeddable":true,"href":"https:\/\/www.sibo.it\/fr\/wp-json\/wp\/v2\/product_cat?post=14000"},{"taxonomy":"product_tag","embeddable":true,"href":"https:\/\/www.sibo.it\/fr\/wp-json\/wp\/v2\/product_tag?post=14000"}],"curies":[{"name":"wp","href":"https:\/\/api.w.org\/{rel}","templated":true}]}}