{"id":13927,"date":"2023-08-10T08:57:26","date_gmt":"2023-08-10T07:57:26","guid":{"rendered":"https:\/\/www.sibo.it\/prodotto\/fet-30\/"},"modified":"2024-01-24T17:06:12","modified_gmt":"2024-01-24T16:06:12","slug":"fet-30","status":"publish","type":"product","link":"https:\/\/www.sibo.it\/fr\/produit\/fet-30\/","title":{"rendered":"FET\/30"},"content":{"rendered":"\t\t<div data-elementor-type=\"product-post\" data-elementor-id=\"13927\" class=\"elementor elementor-13927 elementor-10584\" data-elementor-post-type=\"product\">\n\t\t\t\t<div class=\"elementor-element elementor-element-cf1f3ba e-con-full e-flex e-con e-parent\" data-id=\"cf1f3ba\" data-element_type=\"container\" data-e-type=\"container\">\r\n\t\t<div class=\"elementor-element elementor-element-6d430be e-con-full e-flex e-con e-child\" data-id=\"6d430be\" data-element_type=\"container\" data-e-type=\"container\">\r\n\t\t\t\t<div class=\"elementor-element elementor-element-ddd2f7f elementor-widget elementor-widget-text-editor\" data-id=\"ddd2f7f\" data-element_type=\"widget\" data-e-type=\"widget\" data-widget_type=\"text-editor.default\">\n\t\t\t\t<div class=\"elementor-widget-container\">\n\t\t\t\t\t\t\t\t\t<\/p>\n<table border=\"0\" cellspacing=\"0\" cellpadding=\"0\">\n<tbody>\n<tr>\n<td><span style=\"font-size: 16px;\">diam\u00e8tre max.<\/span><\/td>\n<td><span style=\"font-size: 16px;\"><strong>30 mm.<\/strong><\/span><\/td>\n<\/tr>\n<tr>\n<td><span style=\"font-size: 16px;\">diam\u00e8tre min.<\/span><\/td>\n<td><span style=\"font-size: 16px;\"><strong>20 mm.<\/strong><\/span><\/td>\n<\/tr>\n<tr>\n<td><span style=\"font-size: 16px;\">longueur max.<\/span><\/td>\n<td><span style=\"font-size: 16px;\"><strong>1600 mm.<\/strong><\/span><\/td>\n<\/tr>\n<tr>\n<td><span style=\"font-size: 16px;\">longueur min.<\/span><\/td>\n<td><span style=\"font-size: 16px;\"><strong>800 mm.<\/strong><\/span><\/td>\n<\/tr>\n<tr>\n<td><span style=\"font-size: 16px;\">rotation des outils<\/span><\/td>\n<td><span style=\"font-size: 16px;\"><strong>9000 RPM<\/strong><\/span><\/td>\n<\/tr>\n<\/tbody>\n<\/table>\n<p style=\"text-align: left;\">\n\t\t\t\t\t\t\t\t<\/div>\n\t\t\t\t<\/div>\n\t\t\t\t<\/div>\n\t\t<div class=\"elementor-element elementor-element-8616444 e-con-full e-flex e-con e-child\" data-id=\"8616444\" data-element_type=\"container\" data-e-type=\"container\">\r\n\t\t\t\t<div class=\"elementor-element elementor-element-e1de2a1 elementor-widget elementor-widget-text-editor\" data-id=\"e1de2a1\" data-element_type=\"widget\" data-e-type=\"widget\" data-widget_type=\"text-editor.default\">\n\t\t\t\t<div class=\"elementor-widget-container\">\n\t\t\t\t\t\t\t\t\t<p><b>AUCUNES PRODUITS R\u00c9ALISABLES<\/b><\/p>\n<p><img decoding=\"async\" class=\"alignnone size-medium wp-image-8951\" src=\"https:\/\/www.sibo.it\/wp-content\/uploads\/2023\/03\/Campioni-FET30-sito-300x150.jpg\" alt=\"\" width=\"300\" height=\"150\"><\/p>\n\t\t\t\t\t\t\t\t<\/div>\n\t\t\t\t<\/div>\n\t\t\t\t<\/div>\n\t\t\t\t<\/div>\n\t\t\t\t<\/div>\n\t\t","protected":false},"excerpt":{"rendered":"<p><strong>MACHINE AUTOMATIQUE \u00c0 FILETER MOD\u00c8LE \u00ab\u00a0FET\/30\u00a0\u00bb<\/strong><\/p>\n<p>Machine automatique pour la r\u00e9alisation d&rsquo;un filetage h\u00e9lico\u00efdal sur des barres en bois. La machine est \u00e9quip\u00e9e d&rsquo;un chargeur o\u00f9 il est possible de placer des barres rondes et carr\u00e9es. Au moyen d&rsquo;un convoyeur, une barre \u00e0 la fois est d\u00e9charg\u00e9e et serr\u00e9e entre le centre et la contrepoup\u00e9e; \u00e0 cette \u00e9tape, la barre commence \u00e0 tourner et le filetage est r\u00e9alis\u00e9 en fonction des donn\u00e9es ins\u00e9r\u00e9es dans le PLC (vitesse d\u2019alimentation, r\u00e9gime de la fraise, pas de filetage). Une fois que la barre est usin\u00e9e, elle est automatiquement d\u00e9charg\u00e9e, tandis qu&rsquo;une nouvelle arrive en position de travail.<\/p>\n","protected":false},"featured_media":8947,"comment_status":"closed","ping_status":"closed","template":"","meta":{"_acf_changed":false},"product_brand":[],"product_cat":[134,195],"product_tag":[],"class_list":{"0":"post-13927","1":"product","2":"type-product","3":"status-publish","4":"has-post-thumbnail","6":"product_cat-machines-a-bois","7":"product_cat-machines-a-fileter-percer","8":"pa_applicazioni-machines-speciales","10":"first","11":"instock","12":"shipping-taxable","13":"product-type-simple"},"acf":[],"_links":{"self":[{"href":"https:\/\/www.sibo.it\/fr\/wp-json\/wp\/v2\/product\/13927","targetHints":{"allow":["GET"]}}],"collection":[{"href":"https:\/\/www.sibo.it\/fr\/wp-json\/wp\/v2\/product"}],"about":[{"href":"https:\/\/www.sibo.it\/fr\/wp-json\/wp\/v2\/types\/product"}],"replies":[{"embeddable":true,"href":"https:\/\/www.sibo.it\/fr\/wp-json\/wp\/v2\/comments?post=13927"}],"version-history":[{"count":2,"href":"https:\/\/www.sibo.it\/fr\/wp-json\/wp\/v2\/product\/13927\/revisions"}],"predecessor-version":[{"id":15872,"href":"https:\/\/www.sibo.it\/fr\/wp-json\/wp\/v2\/product\/13927\/revisions\/15872"}],"wp:featuredmedia":[{"embeddable":true,"href":"https:\/\/www.sibo.it\/fr\/wp-json\/wp\/v2\/media\/8947"}],"wp:attachment":[{"href":"https:\/\/www.sibo.it\/fr\/wp-json\/wp\/v2\/media?parent=13927"}],"wp:term":[{"taxonomy":"product_brand","embeddable":true,"href":"https:\/\/www.sibo.it\/fr\/wp-json\/wp\/v2\/product_brand?post=13927"},{"taxonomy":"product_cat","embeddable":true,"href":"https:\/\/www.sibo.it\/fr\/wp-json\/wp\/v2\/product_cat?post=13927"},{"taxonomy":"product_tag","embeddable":true,"href":"https:\/\/www.sibo.it\/fr\/wp-json\/wp\/v2\/product_tag?post=13927"}],"curies":[{"name":"wp","href":"https:\/\/api.w.org\/{rel}","templated":true}]}}