{"id":13895,"date":"2023-08-10T09:08:42","date_gmt":"2023-08-10T08:08:42","guid":{"rendered":"https:\/\/www.sibo.it\/prodotto\/fmr-c\/"},"modified":"2023-11-02T18:14:42","modified_gmt":"2023-11-02T17:14:42","slug":"fmr-c","status":"publish","type":"product","link":"https:\/\/www.sibo.it\/fr\/produit\/fmr-c\/","title":{"rendered":"FMR\/C"},"content":{"rendered":"\t\t<div data-elementor-type=\"product-post\" data-elementor-id=\"13895\" class=\"elementor elementor-13895 elementor-10594\" data-elementor-post-type=\"product\">\n\t\t\t\t<div class=\"elementor-element elementor-element-cf1f3ba e-con-full e-flex e-con e-parent\" data-id=\"cf1f3ba\" data-element_type=\"container\" data-e-type=\"container\">\r\n\t\t<div class=\"elementor-element elementor-element-6d430be e-con-full e-flex e-con e-parent\" data-id=\"6d430be\" data-element_type=\"container\" data-e-type=\"container\">\r\n\t\t\t\t<div class=\"elementor-element elementor-element-ddd2f7f elementor-widget elementor-widget-text-editor\" data-id=\"ddd2f7f\" data-element_type=\"widget\" data-e-type=\"widget\" data-widget_type=\"text-editor.default\">\n\t\t\t\t<div class=\"elementor-widget-container\">\n\t\t\t\t\t\t\t\t\t<table border=\"0\" cellspacing=\"0\" cellpadding=\"0\">\n<tbody>\n<tr>\n<td>\n<table border=\"0\" cellspacing=\"0\" cellpadding=\"0\">\n<tbody>\n<tr>\n<td>larghezza max. del pezzo<\/td>\n<td><strong> 50 mm.<\/strong><\/td>\n<\/tr>\n<tr>\n<td>longueur min.<\/td>\n<td><strong>150 mm.<\/strong><\/td>\n<\/tr>\n<tr>\n<td>production variable<\/td>\n<td><strong>500\u00f7900 pcs.\/h.<\/strong><\/td>\n<\/tr>\n<\/tbody>\n<\/table>\n<\/td>\n<td> <\/td>\n<\/tr>\n<tr>\n<td> <\/td>\n<td><strong>.<\/strong><\/td>\n<\/tr>\n<\/tbody>\n<\/table>\n<p style=\"text-align: left;\"><b>\u00c9QUIPEMENT SUPPL\u00c9MENTAIRE<\/b><\/p>\n<p style=\"text-align: left;\">\n\t\t\t\t\t\t\t\t<\/div>\n\t\t\t\t<\/div>\n\t\t\t\t<\/div>\n\t\t<div class=\"elementor-element elementor-element-8616444 e-con-full e-flex e-con e-parent\" data-id=\"8616444\" data-element_type=\"container\" data-e-type=\"container\">\r\n\t\t\t\t<div class=\"elementor-element elementor-element-e1de2a1 elementor-widget elementor-widget-text-editor\" data-id=\"e1de2a1\" data-element_type=\"widget\" data-e-type=\"widget\" data-widget_type=\"text-editor.default\">\n\t\t\t\t<div class=\"elementor-widget-container\">\n\t\t\t\t\t\t\t\t\t<p><b>AUCUNES PRODUITS R\u00c9ALISABLES<\/b><\/p>\n<p><img decoding=\"async\" class=\"alignnone size-medium wp-image-10441\" src=\"https:\/\/www.sibo.it\/wp-content\/uploads\/2023\/08\/FMRC-300x150.jpg\" alt=\"\" width=\"300\" height=\"150\"><\/p>\n\t\t\t\t\t\t\t\t<\/div>\n\t\t\t\t<\/div>\n\t\t\t\t<\/div>\n\t\t\t\t<\/div>\n\t\t\t\t<\/div>\n\t\t","protected":false},"excerpt":{"rendered":"<p><strong>MACHINE AUTOMATIQUE \u00c0 PERCER ET COUPER MOD\u00c8LE \u00ab\u00a0FMR\/C\u00a0\u00bb<\/strong><\/p>\n<p>Cette machine automatique a \u00e9t\u00e9 con\u00e7ue et fabriqu\u00e9e pour effectuer automatiquement le forage, le chanfreinage et la coupe sur les manches de couteau. La machine est \u00e9quip\u00e9e avec un chargeur automatique et une table tournante de haute pr\u00e9cision \u00e0 4 positions de travail.<br \/>\nDans la premi\u00e8re position, la pi\u00e8ce est charg\u00e9e \u00e0 l&rsquo;aide d&rsquo;un chargeur vertical pneumatique.<br \/>\nDans la seconde, on ex\u00e9cute le forage de la face sup\u00e9rieure et inf\u00e9rieure en m\u00eame temps gr\u00e2ce \u00e0 deux t\u00eates multiples, mont\u00e9es sur des glissi\u00e8res lin\u00e9aires, chacune actionn\u00e9e par un v\u00e9rin pneumatique et r\u00e9gul\u00e9e par le r\u00e9gulateur de vitesse hydraulique.<br \/>\nDans la troisi\u00e8me position sur les manches on effectue la coupe pour la lame. La fraise est mont\u00e9e sur une broche avec une moteur de 18.000 RPM mont\u00e9 sur des bras de guidage lin\u00e9aires et entra\u00een\u00e9e par un cylindre pneumatique.<br \/>\nDans la quatri\u00e8me position la pi\u00e8ce est decharg\u00e9e automatiquement.<\/p>\n","protected":false},"featured_media":8977,"comment_status":"closed","ping_status":"closed","template":"","meta":{"_acf_changed":false},"product_brand":[],"product_cat":[134,195],"product_tag":[],"class_list":{"0":"post-13895","1":"product","2":"type-product","3":"status-publish","4":"has-post-thumbnail","6":"product_cat-machines-a-bois","7":"product_cat-machines-a-fileter-percer","8":"pa_applicazioni-manches-de-couteau","10":"first","11":"instock","12":"shipping-taxable","13":"product-type-simple"},"acf":[],"_links":{"self":[{"href":"https:\/\/www.sibo.it\/fr\/wp-json\/wp\/v2\/product\/13895","targetHints":{"allow":["GET"]}}],"collection":[{"href":"https:\/\/www.sibo.it\/fr\/wp-json\/wp\/v2\/product"}],"about":[{"href":"https:\/\/www.sibo.it\/fr\/wp-json\/wp\/v2\/types\/product"}],"replies":[{"embeddable":true,"href":"https:\/\/www.sibo.it\/fr\/wp-json\/wp\/v2\/comments?post=13895"}],"version-history":[{"count":3,"href":"https:\/\/www.sibo.it\/fr\/wp-json\/wp\/v2\/product\/13895\/revisions"}],"predecessor-version":[{"id":13898,"href":"https:\/\/www.sibo.it\/fr\/wp-json\/wp\/v2\/product\/13895\/revisions\/13898"}],"wp:featuredmedia":[{"embeddable":true,"href":"https:\/\/www.sibo.it\/fr\/wp-json\/wp\/v2\/media\/8977"}],"wp:attachment":[{"href":"https:\/\/www.sibo.it\/fr\/wp-json\/wp\/v2\/media?parent=13895"}],"wp:term":[{"taxonomy":"product_brand","embeddable":true,"href":"https:\/\/www.sibo.it\/fr\/wp-json\/wp\/v2\/product_brand?post=13895"},{"taxonomy":"product_cat","embeddable":true,"href":"https:\/\/www.sibo.it\/fr\/wp-json\/wp\/v2\/product_cat?post=13895"},{"taxonomy":"product_tag","embeddable":true,"href":"https:\/\/www.sibo.it\/fr\/wp-json\/wp\/v2\/product_tag?post=13895"}],"curies":[{"name":"wp","href":"https:\/\/api.w.org\/{rel}","templated":true}]}}