{"id":13871,"date":"2023-08-10T10:54:27","date_gmt":"2023-08-10T09:54:27","guid":{"rendered":"https:\/\/www.sibo.it\/prodotto\/2fs-p\/"},"modified":"2024-01-24T15:39:44","modified_gmt":"2024-01-24T14:39:44","slug":"2fs-p","status":"publish","type":"product","link":"https:\/\/www.sibo.it\/fr\/produit\/2fs-p\/","title":{"rendered":"2FS\/P"},"content":{"rendered":"\t\t<div data-elementor-type=\"product-post\" data-elementor-id=\"13871\" class=\"elementor elementor-13871 elementor-10608\" data-elementor-post-type=\"product\">\n\t\t\t\t<div class=\"elementor-element elementor-element-cf1f3ba e-con-full e-flex e-con e-parent\" data-id=\"cf1f3ba\" data-element_type=\"container\" data-e-type=\"container\">\r\n\t\t<div class=\"elementor-element elementor-element-6d430be e-con-full e-flex e-con e-child\" data-id=\"6d430be\" data-element_type=\"container\" data-e-type=\"container\">\r\n\t\t\t\t<div class=\"elementor-element elementor-element-ddd2f7f elementor-widget elementor-widget-text-editor\" data-id=\"ddd2f7f\" data-element_type=\"widget\" data-e-type=\"widget\" data-widget_type=\"text-editor.default\">\n\t\t\t\t<div class=\"elementor-widget-container\">\n\t\t\t\t\t\t\t\t\t<table border=\"0\" cellspacing=\"0\" cellpadding=\"0\">\n<tbody>\n<tr>\n<td>\n<table border=\"0\" cellspacing=\"0\" cellpadding=\"0\">\n<tbody>\n<tr>\n<td><span style=\"font-size: 16px;\">largeur max.<\/span><\/td>\n<td><span style=\"font-size: 16px;\"><strong>100 mm.<\/strong><\/span><\/td>\n<\/tr>\n<tr>l<\/p>\n<td><span style=\"font-size: 16px;\">ongueur max.<\/span><\/td>\n<td><span style=\"font-size: 16px;\"><strong>400 mm.<\/strong><\/span><\/td>\n<\/tr>\n<tr>\n<td><span style=\"font-size: 16px;\">production variable<\/span><\/td>\n<td><span style=\"font-size: 16px;\"><strong>500\u00f7700 pcs.\/h.<\/strong><\/span><\/td>\n<\/tr>\n<\/tbody>\n<\/table>\n<\/td>\n<td> <\/td>\n<\/tr>\n<tr>\n<td> <\/td>\n<td><strong>.<\/strong><\/td>\n<\/tr>\n<\/tbody>\n<\/table>\n<p style=\"text-align: left;\">\n\t\t\t\t\t\t\t\t<\/div>\n\t\t\t\t<\/div>\n\t\t\t\t<\/div>\n\t\t<div class=\"elementor-element elementor-element-8616444 e-con-full e-flex e-con e-child\" data-id=\"8616444\" data-element_type=\"container\" data-e-type=\"container\">\r\n\t\t\t\t<div class=\"elementor-element elementor-element-e1de2a1 elementor-widget elementor-widget-text-editor\" data-id=\"e1de2a1\" data-element_type=\"widget\" data-e-type=\"widget\" data-widget_type=\"text-editor.default\">\n\t\t\t\t<div class=\"elementor-widget-container\">\n\t\t\t\t\t\t\t\t\t<p><b>AUCUNES PRODUITS R\u00c9ALISABLES<\/b><\/p>\n<p><img decoding=\"async\" class=\"alignnone size-medium wp-image-8915\" src=\"https:\/\/www.sibo.it\/wp-content\/uploads\/2023\/03\/samples-2FSP-300x150.jpg\" alt=\"\" width=\"300\" height=\"150\"><\/p>\n\t\t\t\t\t\t\t\t<\/div>\n\t\t\t\t<\/div>\n\t\t\t\t<\/div>\n\t\t\t\t<\/div>\n\t\t\t\t<\/div>\n\t\t","protected":false},"excerpt":{"rendered":"<p><strong>MACHINE AUTOMATIQUE \u00c0 PERCER ET EMOUSSER MOD\u00c8LE \u00ab\u00a02FS\/P\u00a0\u00bb<\/strong><\/p>\n<p>Machine automatique pour r\u00e9aliser et l&#8217;emoussage et en m\u00eame temps les per\u00e7ages avec les rabais en haut et en bas des poign\u00e9es des pinceaux. La machine est \u00e9quip\u00e9e avec un chargeur automatique.<\/p>\n","protected":false},"featured_media":8911,"comment_status":"closed","ping_status":"closed","template":"","meta":{"_acf_changed":false},"product_brand":[],"product_cat":[134,195],"product_tag":[],"class_list":{"0":"post-13871","1":"product","2":"type-product","3":"status-publish","4":"has-post-thumbnail","6":"product_cat-machines-a-bois","7":"product_cat-machines-a-fileter-percer","8":"pa_applicazioni-pinceaux-ovales","9":"pa_applicazioni-pinceaux-plats","10":"pa_applicazioni-pinceaux-rondes","12":"first","13":"instock","14":"shipping-taxable","15":"product-type-simple"},"acf":[],"_links":{"self":[{"href":"https:\/\/www.sibo.it\/fr\/wp-json\/wp\/v2\/product\/13871","targetHints":{"allow":["GET"]}}],"collection":[{"href":"https:\/\/www.sibo.it\/fr\/wp-json\/wp\/v2\/product"}],"about":[{"href":"https:\/\/www.sibo.it\/fr\/wp-json\/wp\/v2\/types\/product"}],"replies":[{"embeddable":true,"href":"https:\/\/www.sibo.it\/fr\/wp-json\/wp\/v2\/comments?post=13871"}],"version-history":[{"count":2,"href":"https:\/\/www.sibo.it\/fr\/wp-json\/wp\/v2\/product\/13871\/revisions"}],"predecessor-version":[{"id":15848,"href":"https:\/\/www.sibo.it\/fr\/wp-json\/wp\/v2\/product\/13871\/revisions\/15848"}],"wp:featuredmedia":[{"embeddable":true,"href":"https:\/\/www.sibo.it\/fr\/wp-json\/wp\/v2\/media\/8911"}],"wp:attachment":[{"href":"https:\/\/www.sibo.it\/fr\/wp-json\/wp\/v2\/media?parent=13871"}],"wp:term":[{"taxonomy":"product_brand","embeddable":true,"href":"https:\/\/www.sibo.it\/fr\/wp-json\/wp\/v2\/product_brand?post=13871"},{"taxonomy":"product_cat","embeddable":true,"href":"https:\/\/www.sibo.it\/fr\/wp-json\/wp\/v2\/product_cat?post=13871"},{"taxonomy":"product_tag","embeddable":true,"href":"https:\/\/www.sibo.it\/fr\/wp-json\/wp\/v2\/product_tag?post=13871"}],"curies":[{"name":"wp","href":"https:\/\/api.w.org\/{rel}","templated":true}]}}