{"id":13861,"date":"2023-08-10T11:01:37","date_gmt":"2023-08-10T10:01:37","guid":{"rendered":"https:\/\/www.sibo.it\/prodotto\/fil-r\/"},"modified":"2024-01-24T15:28:14","modified_gmt":"2024-01-24T14:28:14","slug":"fil-r","status":"publish","type":"product","link":"https:\/\/www.sibo.it\/fr\/produit\/fil-r\/","title":{"rendered":"FIL\/R"},"content":{"rendered":"\t\t<div data-elementor-type=\"product-post\" data-elementor-id=\"13861\" class=\"elementor elementor-13861 elementor-10614\" data-elementor-post-type=\"product\">\n\t\t\t\t<div class=\"elementor-element elementor-element-cf1f3ba e-con-full e-flex e-con e-parent\" data-id=\"cf1f3ba\" data-element_type=\"container\" data-e-type=\"container\">\r\n\t\t<div class=\"elementor-element elementor-element-6d430be e-con-full e-flex e-con e-child\" data-id=\"6d430be\" data-element_type=\"container\" data-e-type=\"container\">\r\n\t\t\t\t<div class=\"elementor-element elementor-element-ddd2f7f elementor-widget elementor-widget-text-editor\" data-id=\"ddd2f7f\" data-element_type=\"widget\" data-e-type=\"widget\" data-widget_type=\"text-editor.default\">\n\t\t\t\t<div class=\"elementor-widget-container\">\n\t\t\t\t\t\t\t\t\t<\/p>\n<table border=\"0\" cellspacing=\"0\" cellpadding=\"0\">\n<tbody>\n<tr>\n<td>\n<table border=\"0\" cellspacing=\"0\" cellpadding=\"0\">\n<tbody>\n<tr>\n<td><span style=\"font-size: 16px;\">\u00d8 max. de la pi\u00e8ce<\/span><\/td>\n<td><span style=\"font-size: 16px;\"><strong>28 mm.<\/strong><\/span><\/td>\n<\/tr>\n<tr>\n<td><span style=\"font-size: 16px;\">\u00d8 min. de la pi\u00e8ce<\/span><\/td>\n<td><span style=\"font-size: 16px;\"><strong>16 mm.<\/strong><\/span><\/td>\n<\/tr>\n<tr>\n<td><span style=\"font-size: 16px;\">longueur max. de filetage<\/span><\/td>\n<td><span style=\"font-size: 16px;\"><strong>50 mm.<\/strong><\/span><\/td>\n<\/tr>\n<tr>\n<td><span style=\"font-size: 16px;\">production variable<\/span><\/td>\n<td><span style=\"font-size: 16px;\"><strong>500\u00f7700 pcs.\/h<\/strong><\/span><\/td>\n<\/tr>\n<\/tbody>\n<\/table>\n<\/td>\n<td> <\/td>\n<\/tr>\n<\/tbody>\n<\/table>\n<p style=\"text-align: left;\">\n\t\t\t\t\t\t\t\t<\/div>\n\t\t\t\t<\/div>\n\t\t\t\t<\/div>\n\t\t<div class=\"elementor-element elementor-element-8616444 e-con-full e-flex e-con e-child\" data-id=\"8616444\" data-element_type=\"container\" data-e-type=\"container\">\r\n\t\t\t\t<div class=\"elementor-element elementor-element-e1de2a1 elementor-widget elementor-widget-text-editor\" data-id=\"e1de2a1\" data-element_type=\"widget\" data-e-type=\"widget\" data-widget_type=\"text-editor.default\">\n\t\t\t\t<div class=\"elementor-widget-container\">\n\t\t\t\t\t\t\t\t\t<p><b>AUCUNES PRODUITS R\u00c9ALISABLES<\/b><\/p>\n<p><img decoding=\"async\" class=\"alignnone size-medium wp-image-9002\" src=\"https:\/\/www.sibo.it\/wp-content\/uploads\/2023\/03\/FIL-R-1-300x150.jpg\" alt=\"\" width=\"300\" height=\"150\"><\/p>\n\t\t\t\t\t\t\t\t<\/div>\n\t\t\t\t<\/div>\n\t\t\t\t<\/div>\n\t\t\t\t<\/div>\n\t\t\t\t<\/div>\n\t\t","protected":false},"excerpt":{"rendered":"<p><strong>MACHINE ROTATIVE \u00c0 FILETER MOD\u00c8LE \u00ab\u00a0FIL\/R\u00a0\u00bb<\/strong><\/p>\n<p>Machine pour fileter manches en bois pour balais. La machine peut ex\u00e9cuter soit le filet conique que cylindrique. La machine peut travailler bois dur mais aussi bois tendre et fibreux comme le pin.<\/p>\n<p><span style=\"font-size: 16px;\"><strong>La machine peut \u00eatre \u00e9quip\u00e9 avec:<\/strong><\/span><\/p>\n<ul>\n<li><span style=\"font-size: 16px;\">chargeur pneumatique<\/span><\/li>\n<\/ul>\n","protected":false},"featured_media":8998,"comment_status":"closed","ping_status":"closed","template":"","meta":{"_acf_changed":false},"product_brand":[],"product_cat":[134,195],"product_tag":[],"class_list":{"0":"post-13861","1":"product","2":"type-product","3":"status-publish","4":"has-post-thumbnail","6":"product_cat-machines-a-bois","7":"product_cat-machines-a-fileter-percer","8":"pa_applicazioni-batons-ronds","10":"first","11":"instock","12":"shipping-taxable","13":"product-type-simple"},"acf":[],"_links":{"self":[{"href":"https:\/\/www.sibo.it\/fr\/wp-json\/wp\/v2\/product\/13861","targetHints":{"allow":["GET"]}}],"collection":[{"href":"https:\/\/www.sibo.it\/fr\/wp-json\/wp\/v2\/product"}],"about":[{"href":"https:\/\/www.sibo.it\/fr\/wp-json\/wp\/v2\/types\/product"}],"replies":[{"embeddable":true,"href":"https:\/\/www.sibo.it\/fr\/wp-json\/wp\/v2\/comments?post=13861"}],"version-history":[{"count":3,"href":"https:\/\/www.sibo.it\/fr\/wp-json\/wp\/v2\/product\/13861\/revisions"}],"predecessor-version":[{"id":15829,"href":"https:\/\/www.sibo.it\/fr\/wp-json\/wp\/v2\/product\/13861\/revisions\/15829"}],"wp:featuredmedia":[{"embeddable":true,"href":"https:\/\/www.sibo.it\/fr\/wp-json\/wp\/v2\/media\/8998"}],"wp:attachment":[{"href":"https:\/\/www.sibo.it\/fr\/wp-json\/wp\/v2\/media?parent=13861"}],"wp:term":[{"taxonomy":"product_brand","embeddable":true,"href":"https:\/\/www.sibo.it\/fr\/wp-json\/wp\/v2\/product_brand?post=13861"},{"taxonomy":"product_cat","embeddable":true,"href":"https:\/\/www.sibo.it\/fr\/wp-json\/wp\/v2\/product_cat?post=13861"},{"taxonomy":"product_tag","embeddable":true,"href":"https:\/\/www.sibo.it\/fr\/wp-json\/wp\/v2\/product_tag?post=13861"}],"curies":[{"name":"wp","href":"https:\/\/api.w.org\/{rel}","templated":true}]}}