{"id":13633,"date":"2023-08-09T15:45:30","date_gmt":"2023-08-09T14:45:30","guid":{"rendered":"https:\/\/www.sibo.it\/prodotto\/ca-2t\/"},"modified":"2024-01-23T16:54:28","modified_gmt":"2024-01-23T15:54:28","slug":"ca-2t","status":"publish","type":"product","link":"https:\/\/www.sibo.it\/fr\/produit\/ca-2t\/","title":{"rendered":"CA\/2T"},"content":{"rendered":"\t\t<div data-elementor-type=\"product-post\" data-elementor-id=\"13633\" class=\"elementor elementor-13633 elementor-10491\" data-elementor-post-type=\"product\">\n\t\t\t\t<div class=\"elementor-element elementor-element-cf1f3ba e-con-full e-flex e-con e-parent\" data-id=\"cf1f3ba\" data-element_type=\"container\" data-e-type=\"container\">\r\n\t\t<div class=\"elementor-element elementor-element-6d430be e-con-full e-flex e-con e-child\" data-id=\"6d430be\" data-element_type=\"container\" data-e-type=\"container\">\r\n\t\t\t\t<div class=\"elementor-element elementor-element-ddd2f7f elementor-widget elementor-widget-text-editor\" data-id=\"ddd2f7f\" data-element_type=\"widget\" data-e-type=\"widget\" data-widget_type=\"text-editor.default\">\n\t\t\t\t<div class=\"elementor-widget-container\">\n\t\t\t\t\t\t\t\t\t<table border=\"0\" cellspacing=\"0\" cellpadding=\"0\">\n<tbody>\n<tr>\n<td>diam\u00e8tre max.<\/td>\n<td><strong>280&nbsp;mm.&nbsp;<\/strong><\/td>\n<\/tr>\n<tr>\n<td>diam\u00e8tre min.<\/td>\n<td><strong>&nbsp;15&nbsp;mm.&nbsp;<\/strong><\/td>\n<\/tr>\n<tr>\n<td>hauteur max.<\/td>\n<td><strong>&nbsp;35&nbsp;mm.&nbsp;<\/strong><\/td>\n<\/tr>\n<tr>\n<td>rotation de l\u2019outil&nbsp;<\/td>\n<td>&nbsp;<strong>6000\u00f718000&nbsp;RPM<\/strong><\/td>\n<\/tr>\n<tr>\n<td>otation de la pi\u00e8ce r\u00e9glable&nbsp;<\/td>\n<td><strong>&nbsp; 5\u00f720 RPM<\/strong><\/td>\n<\/tr>\n<tr>\n<td colspan=\"2\">possibilit\u00e9 d\u2019usiner seulement 3 cot\u00e9 sans toucher le 4-eme &nbsp; &nbsp; &nbsp; &nbsp; &nbsp; &nbsp; &nbsp; &nbsp; &nbsp; &nbsp; &nbsp; <strong>optionnel<\/strong><\/td>\n<\/tr>\n<\/tbody>\n<\/table>\n<p style=\"text-align: left;\">\n<\/p><p style=\"text-align: left;\">\n<\/p>\t\t\t\t\t\t\t\t<\/div>\n\t\t\t\t<\/div>\n\t\t\t\t<\/div>\n\t\t<div class=\"elementor-element elementor-element-8616444 e-con-full e-flex e-con e-child\" data-id=\"8616444\" data-element_type=\"container\" data-e-type=\"container\">\r\n\t\t\t\t<div class=\"elementor-element elementor-element-e1de2a1 elementor-widget elementor-widget-text-editor\" data-id=\"e1de2a1\" data-element_type=\"widget\" data-e-type=\"widget\" data-widget_type=\"text-editor.default\">\n\t\t\t\t<div class=\"elementor-widget-container\">\n\t\t\t\t\t\t\t\t\t<p><b> AUCUNES PRODUITS R\u00c9ALISABLES<\/b><\/p>\n<p><img decoding=\"async\" class=\"alignnone size-medium wp-image-10493\" src=\"https:\/\/www.sibo.it\/wp-content\/uploads\/2023\/08\/CAMPION-CA2T-300x150.jpg\" alt=\"\" width=\"300\" height=\"150\"><\/p>\n\t\t\t\t\t\t\t\t<\/div>\n\t\t\t\t<\/div>\n\t\t\t\t<\/div>\n\t\t\t\t<\/div>\n\t\t\t\t<\/div>\n\t\t","protected":false},"excerpt":{"rendered":"<p><strong>FRAISEUSE VERTICALE \u00c0 CONTOURNER DOUBLE POUR PETIT OBJETS MOD\u00c8LE \u00ab\u00a0CA\/2T\u00a0\u00bb<\/strong><\/p>\n<p>Cette machine ha deux positions de travail, ce qui permet de travailler 2 pi\u00e8ces dans le m\u00eame temps. Cette fraiseuse est particuli\u00e8rement adapte\u00e9 \u00e0 l&rsquo;usine de profil externe de petits objets tels que des rosettes, des plats, des brosses, des an\u00e9mom\u00e8tres, ainsi que d&rsquo;autres articles en bois. La forme peut \u00eatre ronde, carr\u00e9e, ovale et rectangulaire.<\/p>\n","protected":false},"featured_media":8575,"comment_status":"closed","ping_status":"closed","template":"","meta":{"_acf_changed":false},"product_brand":[],"product_cat":[194,134],"product_tag":[],"class_list":{"0":"post-13633","1":"product","2":"type-product","3":"status-publish","4":"has-post-thumbnail","6":"product_cat-fraiseuses-a-copier-et-contourner","7":"product_cat-machines-a-bois","8":"pa_applicazioni-balais-et-brosses","10":"first","11":"instock","12":"shipping-taxable","13":"product-type-simple"},"acf":[],"_links":{"self":[{"href":"https:\/\/www.sibo.it\/fr\/wp-json\/wp\/v2\/product\/13633","targetHints":{"allow":["GET"]}}],"collection":[{"href":"https:\/\/www.sibo.it\/fr\/wp-json\/wp\/v2\/product"}],"about":[{"href":"https:\/\/www.sibo.it\/fr\/wp-json\/wp\/v2\/types\/product"}],"replies":[{"embeddable":true,"href":"https:\/\/www.sibo.it\/fr\/wp-json\/wp\/v2\/comments?post=13633"}],"version-history":[{"count":2,"href":"https:\/\/www.sibo.it\/fr\/wp-json\/wp\/v2\/product\/13633\/revisions"}],"predecessor-version":[{"id":15653,"href":"https:\/\/www.sibo.it\/fr\/wp-json\/wp\/v2\/product\/13633\/revisions\/15653"}],"wp:featuredmedia":[{"embeddable":true,"href":"https:\/\/www.sibo.it\/fr\/wp-json\/wp\/v2\/media\/8575"}],"wp:attachment":[{"href":"https:\/\/www.sibo.it\/fr\/wp-json\/wp\/v2\/media?parent=13633"}],"wp:term":[{"taxonomy":"product_brand","embeddable":true,"href":"https:\/\/www.sibo.it\/fr\/wp-json\/wp\/v2\/product_brand?post=13633"},{"taxonomy":"product_cat","embeddable":true,"href":"https:\/\/www.sibo.it\/fr\/wp-json\/wp\/v2\/product_cat?post=13633"},{"taxonomy":"product_tag","embeddable":true,"href":"https:\/\/www.sibo.it\/fr\/wp-json\/wp\/v2\/product_tag?post=13633"}],"curies":[{"name":"wp","href":"https:\/\/api.w.org\/{rel}","templated":true}]}}