{"id":13609,"date":"2023-08-09T14:43:45","date_gmt":"2023-08-09T13:43:45","guid":{"rendered":"https:\/\/www.sibo.it\/prodotto\/ca-450\/"},"modified":"2023-10-24T16:22:30","modified_gmt":"2023-10-24T15:22:30","slug":"ca-450","status":"publish","type":"product","link":"https:\/\/www.sibo.it\/fr\/produit\/ca-450\/","title":{"rendered":"CA\/450"},"content":{"rendered":"\t\t<div data-elementor-type=\"product-post\" data-elementor-id=\"13609\" class=\"elementor elementor-13609 elementor-10477\" data-elementor-post-type=\"product\">\n\t\t\t\t<div class=\"elementor-element elementor-element-cf1f3ba e-con-full e-flex e-con e-parent\" data-id=\"cf1f3ba\" data-element_type=\"container\" data-e-type=\"container\">\r\n\t\t<div class=\"elementor-element elementor-element-6d430be e-con-full e-flex e-con e-parent\" data-id=\"6d430be\" data-element_type=\"container\" data-e-type=\"container\">\r\n\t\t\t\t<div class=\"elementor-element elementor-element-ddd2f7f elementor-widget elementor-widget-text-editor\" data-id=\"ddd2f7f\" data-element_type=\"widget\" data-e-type=\"widget\" data-widget_type=\"text-editor.default\">\n\t\t\t\t<div class=\"elementor-widget-container\">\n\t\t\t\t\t\t\t\t\t<table border=\"0\" cellspacing=\"0\" cellpadding=\"0\">\n<tbody>\n<tr>\n<td> diam\u00e8tre max. <\/td>\n<td><strong>800 mm. <\/strong><\/td>\n<\/tr>\n<tr>\n<td>\u00e9paisseur max. de travail<\/td>\n<td><strong>100 mm.<\/strong><\/td>\n<\/tr>\n<tr>\n<td>diam\u00e8tre mandrin de l\u2019outil <\/td>\n<td><strong>30 mm. <\/strong><\/td>\n<\/tr>\n<tr>\n<td>pression de travail <\/td>\n<td><strong>5-6 ATM<\/strong><\/td>\n<\/tr>\n<tr>\n<td>pconsommation air comprim\u00e9 <\/td>\n<td><strong>50 Lt.<\/strong><\/td>\n<\/tr>\n<tr>\n<td>rotation du mandrin <\/td>\n<td><strong>6000 RPM<\/strong><\/td>\n<\/tr>\n<\/tbody>\n<\/table>\n<p style=\"text-align: left;\"><b>\u00c9QUIPEMENT SUPPL\u00c9MENTAIRE<\/b><\/p>\n<p style=\"text-align: left;\">\n\t\t\t\t\t\t\t\t<\/div>\n\t\t\t\t<\/div>\n\t\t\t\t<\/div>\n\t\t<div class=\"elementor-element elementor-element-8616444 e-con-full e-flex e-con e-parent\" data-id=\"8616444\" data-element_type=\"container\" data-e-type=\"container\">\r\n\t\t\t\t<div class=\"elementor-element elementor-element-e1de2a1 elementor-widget elementor-widget-text-editor\" data-id=\"e1de2a1\" data-element_type=\"widget\" data-e-type=\"widget\" data-widget_type=\"text-editor.default\">\n\t\t\t\t<div class=\"elementor-widget-container\">\n\t\t\t\t\t\t\t\t\t<p><b>AUCUNES PRODUITS R\u00c9ALISABLES<\/b><\/p>\n<p><img decoding=\"async\" class=\"alignnone size-medium wp-image-10481\" src=\"https:\/\/www.sibo.it\/wp-content\/uploads\/2023\/08\/CA-450-300x150.jpg\" alt=\"\" width=\"300\" height=\"150\"><\/p>\n\t\t\t\t\t\t\t\t<\/div>\n\t\t\t\t<\/div>\n\t\t\t\t<\/div>\n\t\t\t\t<\/div>\n\t\t\t\t<\/div>\n\t\t","protected":false},"excerpt":{"rendered":"<p><strong>FRAISEUSE VERTICALE \u00c0 CONTOURNER MOD\u00c8LE \u00ab\u00a0CA\/450\u00a0\u00bb<\/strong><\/p>\n<p>Machine r\u00e9alis\u00e9e pour l\u2019ex\u00e9cution de travail sp\u00e9ciaux. Machine particuli\u00e8rement adapte \u00e0 fraiser le profile ext\u00e9rieur des rosaces, plateaux, brosses, parties de tables et chaises, balais et autres articles en bois. La forme peut \u00eatre ronde, carr\u00e9e, ovale et rectangulaire.<\/p>\n<p><strong>La machine peut \u00eatre \u00e9quip\u00e9 avec:<\/strong><\/p>\n<ul>\n<li>chargeur electro-pneumatique pour pi\u00e8ces max. 500 x 150 mm.<\/li>\n<li>moteur brushless pour la rotation de la table<\/li>\n<\/ul>\n","protected":false},"featured_media":20100,"comment_status":"closed","ping_status":"closed","template":"","meta":{"_acf_changed":false},"product_brand":[],"product_cat":[194,134],"product_tag":[],"class_list":{"0":"post-13609","1":"product","2":"type-product","3":"status-publish","4":"has-post-thumbnail","6":"product_cat-fraiseuses-a-copier-et-contourner","7":"product_cat-machines-a-bois","8":"pa_applicazioni-balais-et-brosses","10":"first","11":"instock","12":"shipping-taxable","13":"product-type-simple"},"acf":[],"_links":{"self":[{"href":"https:\/\/www.sibo.it\/fr\/wp-json\/wp\/v2\/product\/13609","targetHints":{"allow":["GET"]}}],"collection":[{"href":"https:\/\/www.sibo.it\/fr\/wp-json\/wp\/v2\/product"}],"about":[{"href":"https:\/\/www.sibo.it\/fr\/wp-json\/wp\/v2\/types\/product"}],"replies":[{"embeddable":true,"href":"https:\/\/www.sibo.it\/fr\/wp-json\/wp\/v2\/comments?post=13609"}],"version-history":[{"count":3,"href":"https:\/\/www.sibo.it\/fr\/wp-json\/wp\/v2\/product\/13609\/revisions"}],"predecessor-version":[{"id":13616,"href":"https:\/\/www.sibo.it\/fr\/wp-json\/wp\/v2\/product\/13609\/revisions\/13616"}],"wp:featuredmedia":[{"embeddable":true,"href":"https:\/\/www.sibo.it\/fr\/wp-json\/wp\/v2\/media\/20100"}],"wp:attachment":[{"href":"https:\/\/www.sibo.it\/fr\/wp-json\/wp\/v2\/media?parent=13609"}],"wp:term":[{"taxonomy":"product_brand","embeddable":true,"href":"https:\/\/www.sibo.it\/fr\/wp-json\/wp\/v2\/product_brand?post=13609"},{"taxonomy":"product_cat","embeddable":true,"href":"https:\/\/www.sibo.it\/fr\/wp-json\/wp\/v2\/product_cat?post=13609"},{"taxonomy":"product_tag","embeddable":true,"href":"https:\/\/www.sibo.it\/fr\/wp-json\/wp\/v2\/product_tag?post=13609"}],"curies":[{"name":"wp","href":"https:\/\/api.w.org\/{rel}","templated":true}]}}