{"id":12387,"date":"2023-08-24T16:13:27","date_gmt":"2023-08-24T15:13:27","guid":{"rendered":"https:\/\/www.sibo.it\/prodotto\/ldt-1000\/"},"modified":"2023-08-29T17:22:46","modified_gmt":"2023-08-29T16:22:46","slug":"ldt-1000","status":"publish","type":"product","link":"https:\/\/www.sibo.it\/fr\/produit\/ldt-1000\/","title":{"rendered":"LDT\/1000"},"content":{"rendered":"\t\t<div data-elementor-type=\"product-post\" data-elementor-id=\"12387\" class=\"elementor elementor-12387 elementor-11472\" data-elementor-post-type=\"product\">\n\t\t\t\t<div class=\"elementor-element elementor-element-cf1f3ba e-con-full e-flex e-con e-parent\" data-id=\"cf1f3ba\" data-element_type=\"container\" data-e-type=\"container\">\r\n\t\t<div class=\"elementor-element elementor-element-6d430be e-con-full e-flex e-con e-parent\" data-id=\"6d430be\" data-element_type=\"container\" data-e-type=\"container\">\r\n\t\t\t\t<div class=\"elementor-element elementor-element-ddd2f7f elementor-widget elementor-widget-text-editor\" data-id=\"ddd2f7f\" data-element_type=\"widget\" data-e-type=\"widget\" data-widget_type=\"text-editor.default\">\n\t\t\t\t<div class=\"elementor-widget-container\">\n\t\t\t\t\t\t\t\t\t<table border=\"0\" cellspacing=\"0\" cellpadding=\"0\">\n<tbody>\n<tr>\n<td>longueur min. de la pi\u00e8ce<\/td>\n<td><strong>100 mm.<\/strong><\/td>\n<\/tr>\n<tr>\n<td>longueur max. de la pi\u00e8ce<\/td>\n<td><strong> 1000 mm.<\/strong><\/td>\n<\/tr>\n<tr>\n<td>diam\u00e8tre de travail min.<\/td>\n<td><strong> 13 mm.<\/strong><\/td>\n<\/tr>\n<tr>\n<td>diam\u00e8tre de travail max.<\/td>\n<td><strong>50 mm.<\/strong><\/td>\n<\/tr>\n<tr>\n<td>rotation des brosses<\/td>\n<td><strong>2880 RPM<\/strong><\/td>\n<\/tr>\n<tr>\n<td>rotation de la pi\u00e8ce<\/td>\n<td><strong>10\u00f750 RPM<\/strong><\/td>\n<\/tr>\n<tr>\n<td>diam\u00e8tre max. des brosses<\/td>\n<td><strong>400 mm.<\/strong><\/td>\n<\/tr>\n<tr>\n<td>\u00e9paisseur max. des brosses<\/td>\n<td><strong>50 mm.<\/strong><\/td>\n<\/tr>\n<tr>\n<td>poids net<\/td>\n<td><strong>830 kg.<\/strong><\/td>\n<\/tr>\n<\/tbody>\n<\/table>\n\t\t\t\t\t\t\t\t<\/div>\n\t\t\t\t<\/div>\n\t\t\t\t<\/div>\n\t\t<div class=\"elementor-element elementor-element-8616444 e-con-full e-flex e-con e-parent\" data-id=\"8616444\" data-element_type=\"container\" data-e-type=\"container\">\r\n\t\t\t\t<div class=\"elementor-element elementor-element-e1de2a1 elementor-widget elementor-widget-text-editor\" data-id=\"e1de2a1\" data-element_type=\"widget\" data-e-type=\"widget\" data-widget_type=\"text-editor.default\">\n\t\t\t\t<div class=\"elementor-widget-container\">\n\t\t\t\t\t\t\t\t\t<p style=\"text-align: center;\"><b>AUCUNES PRODUITS R\u00c9ALISABLES<br \/><img decoding=\"async\" class=\"alignnone size-medium wp-image-11450\" src=\"https:\/\/www.sibo.it\/wp-content\/uploads\/2023\/08\/samples-LDT-2500-300x150.jpg\" alt=\"\" width=\"300\" height=\"150\"><br \/><\/b><\/p>\n<p><b> <\/b><\/p>\n\t\t\t\t\t\t\t\t<\/div>\n\t\t\t\t<\/div>\n\t\t\t\t<\/div>\n\t\t\t\t<\/div>\n\t\t\t\t<\/div>\n\t\t","protected":false},"excerpt":{"rendered":"<p><strong>MACHINE DE POLISSAGE MOD\u00c8LE \u00ab\u00a0LDT\/1000\u00a0\u00bb<\/strong><br \/>\nMachine sp\u00e9ciale pour polir tubes droits \u00e0 section ronde, ovale, carr\u00e9e et rectangulaire en laiton, acier, plexiglas, etc.<\/p>\n<p>Fonctionnement:<br \/>\nLa premi\u00e8re pi\u00e8ce \u00e0 polir est bloqu\u00e9e entre deux pointes tournantes, qui sont mont\u00e9es sur un diviseur \u00e0 3 positions. A chaque rotation du diviseur, la pi\u00e8ce en position de chargement se d\u00e9place sur la premi\u00e8re position de travail (d\u00e9grossissage) et commence \u00e0 tourner; la pi\u00e8ce positionn\u00e9e dans la premi\u00e8re position arrive dans la deuxi\u00e8me position de travail (fa\u00e7onnage), et la pi\u00e8ce, qui a \u00e9t\u00e9 positionn\u00e9e dans la deuxi\u00e8me position retourne dans la position de chargement o\u00f9 elle vient remplac\u00e9e par une nouvelle pi\u00e8ce. Chaque groupe de travail est \u00e9quip\u00e9 avec deux glissi\u00e8res. Une glissi\u00e8re pour approcher le disque abrasif sur la pi\u00e8ce et l\u2019autre pour assurer le d\u00e9placement longitudinal du disque abrasif dans les deux sens. Le cycle de travail est r\u00e8gl\u00e9 par un timer (minuteur) et avec un motovariateur il est possible de r\u00e9gler la vitesse de rotation des pi\u00e8ces.<\/p>\n","protected":false},"featured_media":11458,"comment_status":"closed","ping_status":"closed","template":"","meta":{"_acf_changed":false},"product_brand":[],"product_cat":[204,206],"product_tag":[],"class_list":{"0":"post-12387","1":"product","2":"type-product","3":"status-publish","4":"has-post-thumbnail","6":"product_cat-machines-metal","7":"product_cat-polissage-des-tubes","8":"pa_applicazioni-tubes-droits","10":"first","11":"instock","12":"shipping-taxable","13":"product-type-simple"},"acf":[],"_links":{"self":[{"href":"https:\/\/www.sibo.it\/fr\/wp-json\/wp\/v2\/product\/12387","targetHints":{"allow":["GET"]}}],"collection":[{"href":"https:\/\/www.sibo.it\/fr\/wp-json\/wp\/v2\/product"}],"about":[{"href":"https:\/\/www.sibo.it\/fr\/wp-json\/wp\/v2\/types\/product"}],"replies":[{"embeddable":true,"href":"https:\/\/www.sibo.it\/fr\/wp-json\/wp\/v2\/comments?post=12387"}],"version-history":[{"count":3,"href":"https:\/\/www.sibo.it\/fr\/wp-json\/wp\/v2\/product\/12387\/revisions"}],"predecessor-version":[{"id":12394,"href":"https:\/\/www.sibo.it\/fr\/wp-json\/wp\/v2\/product\/12387\/revisions\/12394"}],"wp:featuredmedia":[{"embeddable":true,"href":"https:\/\/www.sibo.it\/fr\/wp-json\/wp\/v2\/media\/11458"}],"wp:attachment":[{"href":"https:\/\/www.sibo.it\/fr\/wp-json\/wp\/v2\/media?parent=12387"}],"wp:term":[{"taxonomy":"product_brand","embeddable":true,"href":"https:\/\/www.sibo.it\/fr\/wp-json\/wp\/v2\/product_brand?post=12387"},{"taxonomy":"product_cat","embeddable":true,"href":"https:\/\/www.sibo.it\/fr\/wp-json\/wp\/v2\/product_cat?post=12387"},{"taxonomy":"product_tag","embeddable":true,"href":"https:\/\/www.sibo.it\/fr\/wp-json\/wp\/v2\/product_tag?post=12387"}],"curies":[{"name":"wp","href":"https:\/\/api.w.org\/{rel}","templated":true}]}}