{"id":12353,"date":"2023-08-24T16:34:14","date_gmt":"2023-08-24T15:34:14","guid":{"rendered":"https:\/\/www.sibo.it\/prodotto\/ssb-120\/"},"modified":"2024-03-26T09:30:50","modified_gmt":"2024-03-26T08:30:50","slug":"ssb-120","status":"publish","type":"product","link":"https:\/\/www.sibo.it\/fr\/produit\/ssb-120\/","title":{"rendered":"SSB\/120"},"content":{"rendered":"\t\t<div data-elementor-type=\"product-post\" data-elementor-id=\"12353\" class=\"elementor elementor-12353 elementor-11496\" data-elementor-post-type=\"product\">\n\t\t\t\t<div class=\"elementor-element elementor-element-cf1f3ba e-con-full e-flex e-con e-parent\" data-id=\"cf1f3ba\" data-element_type=\"container\" data-e-type=\"container\">\r\n\t\t<div class=\"elementor-element elementor-element-6d430be e-con-full e-flex e-con e-parent\" data-id=\"6d430be\" data-element_type=\"container\" data-e-type=\"container\">\r\n\t\t\t\t<div class=\"elementor-element elementor-element-ddd2f7f elementor-widget elementor-widget-text-editor\" data-id=\"ddd2f7f\" data-element_type=\"widget\" data-e-type=\"widget\" data-widget_type=\"text-editor.default\">\n\t\t\t\t<div class=\"elementor-widget-container\">\n\t\t\t\t\t\t\t\t\t<table border=\"0\" cellspacing=\"0\" cellpadding=\"0\">\n<tbody>\n<tr>\n<td>longueur min. de travail<\/td>\n<td><strong>1500 mm.<\/strong><\/td>\n<\/tr>\n<tr>\n<td>longueur max. de travail<\/td>\n<td><strong>illimitata<\/strong><\/td>\n<\/tr>\n<tr>\n<td>largeur de travail<\/td>\n<td><strong>40-120 mm<\/strong>.<\/td>\n<\/tr>\n<tr>\n<td>\u00e9paisseur de travail<\/td>\n<td><strong>40-120 mm.<\/strong><\/td>\n<\/tr>\n<tr>\n<td>d\u00e9veloppement de la bande abrasive<\/td>\n<td><strong>75&#215;3500 mm.<\/strong><\/td>\n<\/tr>\n<tr>\n<td>poids net<\/td>\n<td><strong>3500 kg<\/strong><\/td>\n<\/tr>\n<\/tbody>\n<\/table>\n\t\t\t\t\t\t\t\t<\/div>\n\t\t\t\t<\/div>\n\t\t\t\t<\/div>\n\t\t<div class=\"elementor-element elementor-element-8616444 e-con-full e-flex e-con e-parent\" data-id=\"8616444\" data-element_type=\"container\" data-e-type=\"container\">\r\n\t\t\t\t<div class=\"elementor-element elementor-element-e1de2a1 elementor-widget elementor-widget-text-editor\" data-id=\"e1de2a1\" data-element_type=\"widget\" data-e-type=\"widget\" data-widget_type=\"text-editor.default\">\n\t\t\t\t<div class=\"elementor-widget-container\">\n\t\t\t\t\t\t\t\t\t<p style=\"text-align: center;\"><b>AUCUNES PRODUITS R\u00c9ALISABLES<br \/><img decoding=\"async\" class=\"alignnone size-medium wp-image-11506\" src=\"https:\/\/www.sibo.it\/wp-content\/uploads\/2023\/08\/Campioni-SSB120-300x150.jpg\" alt=\"\" width=\"300\" height=\"150\"><br \/><\/b><\/p>\n<p><b> <\/b><\/p>\n\t\t\t\t\t\t\t\t<\/div>\n\t\t\t\t<\/div>\n\t\t\t\t<\/div>\n\t\t\t\t<\/div>\n\t\t\t\t<\/div>\n\t\t","protected":false},"excerpt":{"rendered":"<p><strong>MACHINE D\u2019EMERISAGE AUTOMATIQUE POUR LES AR\u00caTES DES BARRES CARR\u00c9ES MOD\u00c8LE \u00ab\u00a0SSB\/120\u00a0\u00bb<\/strong><\/p>\n<p>La machine est \u00e9quip\u00e9e avec 16 bandes abrasives et elle est adapt\u00e9e pour \u00e9meriser les ar\u00eates des barres carr\u00e9es. La bar, gr\u00e2ce \u00e0 des rouleaux motoris\u00e9s, avance automatiquement et passe \u00e0 travers les bandes inclin\u00e9s, qui en basculant, \u00e9merises les quatre ar\u00eates au m\u00eames temps. Le positionnement des bandes est r\u00e9gl\u00e9 par un tableau \u00e0 poussoir digitale, avec un indicateur de positionne digital et un potentiom\u00e8tre pour changer la vitesse.<\/p>\n","protected":false},"featured_media":11500,"comment_status":"closed","ping_status":"closed","template":"","meta":{"_acf_changed":false},"product_brand":[],"product_cat":[204,207],"product_tag":[],"class_list":{"0":"post-12353","1":"product","2":"type-product","3":"status-publish","4":"has-post-thumbnail","6":"product_cat-machines-metal","7":"product_cat-machines-personnalisees","8":"pa_applicazioni-solution-sur-mesure","10":"first","11":"instock","12":"shipping-taxable","13":"product-type-simple"},"acf":[],"_links":{"self":[{"href":"https:\/\/www.sibo.it\/fr\/wp-json\/wp\/v2\/product\/12353","targetHints":{"allow":["GET"]}}],"collection":[{"href":"https:\/\/www.sibo.it\/fr\/wp-json\/wp\/v2\/product"}],"about":[{"href":"https:\/\/www.sibo.it\/fr\/wp-json\/wp\/v2\/types\/product"}],"replies":[{"embeddable":true,"href":"https:\/\/www.sibo.it\/fr\/wp-json\/wp\/v2\/comments?post=12353"}],"version-history":[{"count":1,"href":"https:\/\/www.sibo.it\/fr\/wp-json\/wp\/v2\/product\/12353\/revisions"}],"predecessor-version":[{"id":12354,"href":"https:\/\/www.sibo.it\/fr\/wp-json\/wp\/v2\/product\/12353\/revisions\/12354"}],"wp:featuredmedia":[{"embeddable":true,"href":"https:\/\/www.sibo.it\/fr\/wp-json\/wp\/v2\/media\/11500"}],"wp:attachment":[{"href":"https:\/\/www.sibo.it\/fr\/wp-json\/wp\/v2\/media?parent=12353"}],"wp:term":[{"taxonomy":"product_brand","embeddable":true,"href":"https:\/\/www.sibo.it\/fr\/wp-json\/wp\/v2\/product_brand?post=12353"},{"taxonomy":"product_cat","embeddable":true,"href":"https:\/\/www.sibo.it\/fr\/wp-json\/wp\/v2\/product_cat?post=12353"},{"taxonomy":"product_tag","embeddable":true,"href":"https:\/\/www.sibo.it\/fr\/wp-json\/wp\/v2\/product_tag?post=12353"}],"curies":[{"name":"wp","href":"https:\/\/api.w.org\/{rel}","templated":true}]}}