{"id":12337,"date":"2023-08-24T16:48:00","date_gmt":"2023-08-24T15:48:00","guid":{"rendered":"https:\/\/www.sibo.it\/prodotto\/sab-cnc\/"},"modified":"2024-03-25T10:37:58","modified_gmt":"2024-03-25T09:37:58","slug":"sab-cnc","status":"publish","type":"product","link":"https:\/\/www.sibo.it\/fr\/produit\/sab-cnc\/","title":{"rendered":"SAB\/CNC"},"content":{"rendered":"\t\t<div data-elementor-type=\"product-post\" data-elementor-id=\"12337\" class=\"elementor elementor-12337 elementor-11534\" data-elementor-post-type=\"product\">\n\t\t\t\t<div class=\"elementor-element elementor-element-cf1f3ba e-con-full e-flex e-con e-parent\" data-id=\"cf1f3ba\" data-element_type=\"container\" data-e-type=\"container\">\r\n\t\t<div class=\"elementor-element elementor-element-6d430be e-con-full e-flex e-con e-parent\" data-id=\"6d430be\" data-element_type=\"container\" data-e-type=\"container\">\r\n\t\t\t\t<div class=\"elementor-element elementor-element-ddd2f7f elementor-widget elementor-widget-text-editor\" data-id=\"ddd2f7f\" data-element_type=\"widget\" data-e-type=\"widget\" data-widget_type=\"text-editor.default\">\n\t\t\t\t<div class=\"elementor-widget-container\">\n\t\t\t\t\t\t\t\t\t<table border=\"0\" cellspacing=\"0\" cellpadding=\"0\">\n<tbody>\n<tr>\n<td>max. diameter <\/td>\n<td><strong> 750<\/strong> <strong>mm.<\/strong><\/td>\n<\/tr>\n<tr>\n<td>min. diameter<\/td>\n<td><strong> 300 mm.<\/strong><\/td>\n<\/tr>\n<tr>\n<td>abrasive belt speed<\/td>\n<td><strong>25 mt.\/sec.<\/strong><\/td>\n<\/tr>\n<tr>\n<td>abrasive belt dimension<\/td>\n<td><strong>3500&#215;60 mm.<\/strong><\/td>\n<\/tr>\n<tr>\n<td>max. cylinder lenght<\/td>\n<td><strong>11000 mm.<\/strong><\/td>\n<\/tr>\n<tr>\n<td>min. cylinder lenght<\/td>\n<td><strong> 1000 mm.<\/strong><\/td>\n<\/tr>\n<tr>\n<td>net weight<\/td>\n<td><strong>3500 kg.<\/strong><\/td>\n<\/tr>\n<\/tbody>\n<\/table>\n\t\t\t\t\t\t\t\t<\/div>\n\t\t\t\t<\/div>\n\t\t\t\t<\/div>\n\t\t<div class=\"elementor-element elementor-element-8616444 e-con-full e-flex e-con e-parent\" data-id=\"8616444\" data-element_type=\"container\" data-e-type=\"container\">\r\n\t\t\t\t<div class=\"elementor-element elementor-element-e1de2a1 elementor-widget elementor-widget-text-editor\" data-id=\"e1de2a1\" data-element_type=\"widget\" data-e-type=\"widget\" data-widget_type=\"text-editor.default\">\n\t\t\t\t<div class=\"elementor-widget-container\">\n\t\t\t\t\t\t\t\t\t<p style=\"text-align: center;\"><b>AUCUNES PRODUITS R\u00c9ALISABLES<br \/><img decoding=\"async\" class=\"alignnone size-medium wp-image-11543\" src=\"https:\/\/www.sibo.it\/wp-content\/uploads\/2023\/08\/CAMP_BOMBOLE-300x150.jpg\" alt=\"\" width=\"300\" height=\"150\"> <br \/><\/b><\/p>\n<p><b> <\/b><\/p>\n\t\t\t\t\t\t\t\t<\/div>\n\t\t\t\t<\/div>\n\t\t\t\t<\/div>\n\t\t\t\t<\/div>\n\t\t\t\t<\/div>\n\t\t","protected":false},"excerpt":{"rendered":"<p><strong>MACHINE AUTOMATIQUE CNC POUR \u00c9MERISER LES OGIVES DES BOUTEILLES DE GAZ mod\u00e8le \u00ab\u00a0SAB\/cnc\u00a0\u00bb<\/strong><\/p>\n<p>Rectifieuse CNC \u00e0 4 axes, adapt\u00e9e \u00e0 la rectification de la surface des ogives de bouteilles de gaz. La machine est \u00e9quip\u00e9e d&rsquo;une bande abrasive et de quatre glissi\u00e8res, chacune command\u00e9e par un moteur sans balais qui permet de suivre le profil de l&rsquo;ogive.<\/p>\n","protected":false},"featured_media":11538,"comment_status":"closed","ping_status":"closed","template":"","meta":{"_acf_changed":false},"product_brand":[],"product_cat":[204,207],"product_tag":[],"class_list":{"0":"post-12337","1":"product","2":"type-product","3":"status-publish","4":"has-post-thumbnail","6":"product_cat-machines-metal","7":"product_cat-machines-personnalisees","8":"pa_applicazioni-solution-sur-mesure","10":"first","11":"instock","12":"shipping-taxable","13":"product-type-simple"},"acf":[],"_links":{"self":[{"href":"https:\/\/www.sibo.it\/fr\/wp-json\/wp\/v2\/product\/12337","targetHints":{"allow":["GET"]}}],"collection":[{"href":"https:\/\/www.sibo.it\/fr\/wp-json\/wp\/v2\/product"}],"about":[{"href":"https:\/\/www.sibo.it\/fr\/wp-json\/wp\/v2\/types\/product"}],"replies":[{"embeddable":true,"href":"https:\/\/www.sibo.it\/fr\/wp-json\/wp\/v2\/comments?post=12337"}],"version-history":[{"count":4,"href":"https:\/\/www.sibo.it\/fr\/wp-json\/wp\/v2\/product\/12337\/revisions"}],"predecessor-version":[{"id":17269,"href":"https:\/\/www.sibo.it\/fr\/wp-json\/wp\/v2\/product\/12337\/revisions\/17269"}],"wp:featuredmedia":[{"embeddable":true,"href":"https:\/\/www.sibo.it\/fr\/wp-json\/wp\/v2\/media\/11538"}],"wp:attachment":[{"href":"https:\/\/www.sibo.it\/fr\/wp-json\/wp\/v2\/media?parent=12337"}],"wp:term":[{"taxonomy":"product_brand","embeddable":true,"href":"https:\/\/www.sibo.it\/fr\/wp-json\/wp\/v2\/product_brand?post=12337"},{"taxonomy":"product_cat","embeddable":true,"href":"https:\/\/www.sibo.it\/fr\/wp-json\/wp\/v2\/product_cat?post=12337"},{"taxonomy":"product_tag","embeddable":true,"href":"https:\/\/www.sibo.it\/fr\/wp-json\/wp\/v2\/product_tag?post=12337"}],"curies":[{"name":"wp","href":"https:\/\/api.w.org\/{rel}","templated":true}]}}