{"id":12329,"date":"2023-08-24T17:07:13","date_gmt":"2023-08-24T16:07:13","guid":{"rendered":"https:\/\/www.sibo.it\/prodotto\/spt-cnc\/"},"modified":"2024-03-26T14:57:07","modified_gmt":"2024-03-26T13:57:07","slug":"spt-cnc","status":"publish","type":"product","link":"https:\/\/www.sibo.it\/fr\/produit\/spt-cnc\/","title":{"rendered":"SPT\/CNC"},"content":{"rendered":"\t\t<div data-elementor-type=\"product-post\" data-elementor-id=\"12329\" class=\"elementor elementor-12329 elementor-11558\" data-elementor-post-type=\"product\">\n\t\t\t\t<div class=\"elementor-element elementor-element-cf1f3ba e-con-full e-flex e-con e-parent\" data-id=\"cf1f3ba\" data-element_type=\"container\" data-e-type=\"container\">\r\n\t\t<div class=\"elementor-element elementor-element-6d430be e-con-full e-flex e-con e-parent\" data-id=\"6d430be\" data-element_type=\"container\" data-e-type=\"container\">\r\n\t\t\t\t<div class=\"elementor-element elementor-element-ddd2f7f elementor-widget elementor-widget-text-editor\" data-id=\"ddd2f7f\" data-element_type=\"widget\" data-e-type=\"widget\" data-widget_type=\"text-editor.default\">\n\t\t\t\t<div class=\"elementor-widget-container\">\n\t\t\t\t\t\t\t\t\t<table border=\"0\" cellspacing=\"0\" cellpadding=\"0\">\n<tbody>\n<tr>\n<td>hauteur max. de travail<\/td>\n<td><strong>120<\/strong> <strong>mm.<\/strong><\/td>\n<\/tr>\n<tr>\n<td>largeur max. de travail<\/td>\n<td><strong>150 mm.<\/strong><\/td>\n<\/tr>\n<tr>\n<td>vitesse bande abrasive<\/td>\n<td><strong>25 mt\/sec<\/strong>.<\/td>\n<\/tr>\n<tr>\n<td>dimension bandes abrasives<\/td>\n<td><strong>2500&#215;150 mm.<\/strong><\/td>\n<\/tr>\n<tr>\n<td>dimensions max. des pi\u00e8ces<\/td>\n<td><strong>500x120x120<\/strong> <strong>mm.<\/strong><\/td>\n<\/tr>\n<tr>\n<td>temps de production de la pi\u00e8ce<\/td>\n<td><strong>3 minuti circa<\/strong><\/td>\n<\/tr>\n<tr>\n<td>poids net<\/td>\n<td><strong>900 kg.<\/strong><\/td>\n<\/tr>\n<\/tbody>\n<\/table>\n\t\t\t\t\t\t\t\t<\/div>\n\t\t\t\t<\/div>\n\t\t\t\t<\/div>\n\t\t<div class=\"elementor-element elementor-element-8616444 e-con-full e-flex e-con e-parent\" data-id=\"8616444\" data-element_type=\"container\" data-e-type=\"container\">\r\n\t\t\t\t<div class=\"elementor-element elementor-element-e1de2a1 elementor-widget elementor-widget-text-editor\" data-id=\"e1de2a1\" data-element_type=\"widget\" data-e-type=\"widget\" data-widget_type=\"text-editor.default\">\n\t\t\t\t<div class=\"elementor-widget-container\">\n\t\t\t\t\t\t\t\t\t<p style=\"text-align: center;\"><b>AUCUNES PRODUITS R\u00c9ALISABLES<br \/><img decoding=\"async\" class=\"alignnone size-medium wp-image-11567\" src=\"https:\/\/www.sibo.it\/wp-content\/uploads\/2023\/08\/CAMP_PALE_TURBINE-300x150.jpg\" alt=\"\" width=\"300\" height=\"150\"> <br \/><\/b><\/p>\n<p><b> <\/b><\/p>\n\t\t\t\t\t\t\t\t<\/div>\n\t\t\t\t<\/div>\n\t\t\t\t<\/div>\n\t\t\t\t<\/div>\n\t\t\t\t<\/div>\n\t\t","protected":false},"excerpt":{"rendered":"<p><strong>MACHINE AUTOMATIQUE CNC POUR EMERISER LES PALES DES TURBINES MOD\u00c8LE \u00ab\u00a0SPT\/CNC\u00a0\u00bb<\/strong><\/p>\n<p>Machine automatique \u00e0 contr\u00f4le num\u00e9rique avec 3 axes interpol\u00e9s, pour \u00e9meriser la partie ant\u00e9rieure des pales des turbines. La machine est \u00e9quip\u00e9e avec une bande abrasive et 3 glissi\u00e8res chaque contr\u00f4l\u00e9e par un moteur brushless et un CN avec monitor touch screen et syst\u00e8me \u00ab\u00a0Linux\u00a0\u00bb.<\/p>\n","protected":false},"featured_media":17053,"comment_status":"closed","ping_status":"closed","template":"","meta":{"_acf_changed":false},"product_brand":[],"product_cat":[204,207],"product_tag":[],"class_list":{"0":"post-12329","1":"product","2":"type-product","3":"status-publish","4":"has-post-thumbnail","6":"product_cat-machines-metal","7":"product_cat-machines-personnalisees","8":"pa_applicazioni-solution-sur-mesure","10":"first","11":"instock","12":"shipping-taxable","13":"product-type-simple"},"acf":[],"_links":{"self":[{"href":"https:\/\/www.sibo.it\/fr\/wp-json\/wp\/v2\/product\/12329","targetHints":{"allow":["GET"]}}],"collection":[{"href":"https:\/\/www.sibo.it\/fr\/wp-json\/wp\/v2\/product"}],"about":[{"href":"https:\/\/www.sibo.it\/fr\/wp-json\/wp\/v2\/types\/product"}],"replies":[{"embeddable":true,"href":"https:\/\/www.sibo.it\/fr\/wp-json\/wp\/v2\/comments?post=12329"}],"version-history":[{"count":1,"href":"https:\/\/www.sibo.it\/fr\/wp-json\/wp\/v2\/product\/12329\/revisions"}],"predecessor-version":[{"id":12330,"href":"https:\/\/www.sibo.it\/fr\/wp-json\/wp\/v2\/product\/12329\/revisions\/12330"}],"wp:featuredmedia":[{"embeddable":true,"href":"https:\/\/www.sibo.it\/fr\/wp-json\/wp\/v2\/media\/17053"}],"wp:attachment":[{"href":"https:\/\/www.sibo.it\/fr\/wp-json\/wp\/v2\/media?parent=12329"}],"wp:term":[{"taxonomy":"product_brand","embeddable":true,"href":"https:\/\/www.sibo.it\/fr\/wp-json\/wp\/v2\/product_brand?post=12329"},{"taxonomy":"product_cat","embeddable":true,"href":"https:\/\/www.sibo.it\/fr\/wp-json\/wp\/v2\/product_cat?post=12329"},{"taxonomy":"product_tag","embeddable":true,"href":"https:\/\/www.sibo.it\/fr\/wp-json\/wp\/v2\/product_tag?post=12329"}],"curies":[{"name":"wp","href":"https:\/\/api.w.org\/{rel}","templated":true}]}}