{"id":12319,"date":"2023-08-24T17:12:16","date_gmt":"2023-08-24T16:12:16","guid":{"rendered":"https:\/\/www.sibo.it\/prodotto\/ssie-6t\/"},"modified":"2024-03-26T15:21:45","modified_gmt":"2024-03-26T14:21:45","slug":"ssie-6t","status":"publish","type":"product","link":"https:\/\/www.sibo.it\/fr\/produit\/ssie-6t\/","title":{"rendered":"SSIE\/6T"},"content":{"rendered":"\t\t<div data-elementor-type=\"product-post\" data-elementor-id=\"12319\" class=\"elementor elementor-12319 elementor-11576\" data-elementor-post-type=\"product\">\n\t\t\t\t<div class=\"elementor-element elementor-element-cf1f3ba e-con-full e-flex e-con e-parent\" data-id=\"cf1f3ba\" data-element_type=\"container\" data-e-type=\"container\">\r\n\t\t<div class=\"elementor-element elementor-element-6d430be e-con-full e-flex e-con e-parent\" data-id=\"6d430be\" data-element_type=\"container\" data-e-type=\"container\">\r\n\t\t\t\t<div class=\"elementor-element elementor-element-ddd2f7f elementor-widget elementor-widget-text-editor\" data-id=\"ddd2f7f\" data-element_type=\"widget\" data-e-type=\"widget\" data-widget_type=\"text-editor.default\">\n\t\t\t\t<div class=\"elementor-widget-container\">\n\t\t\t\t\t\t\t\t\t<table border=\"0\" cellspacing=\"0\" cellpadding=\"0\">\n<tbody>\n<tr>\n<td>hauteur max. de travail<\/td>\n<td><strong>140 mm.<\/strong><\/td>\n<\/tr>\n<tr>\n<td>d\u00e9veloppement de la bande abrasive externe<\/td>\n<td><strong>2500&#215;150<\/strong> <strong>mm.<\/strong><\/td>\n<\/tr>\n<tr>\n<td>vitesse bande abrasive<\/td>\n<td><strong>25 mt\/sec.<\/strong><\/td>\n<\/tr>\n<tr>\n<td>d\u00e9veloppement de la bande abrasive interne<\/td>\n<td><strong>440\/785 mm.<\/strong><\/td>\n<\/tr>\n<tr>\n<td>course d&rsquo;oscillation<\/td>\n<td><strong>20 mm.<\/strong><\/td>\n<\/tr>\n<tr>\n<td>max. dimension de la pi\u00e8ce<\/td>\n<td><strong> 550x550x40<\/strong> <strong>mm.<\/strong><\/td>\n<\/tr>\n<tr>\n<td>poids net<\/td>\n<td><strong>3200 kg.<\/strong><\/td>\n<\/tr>\n<\/tbody>\n<\/table>\n\t\t\t\t\t\t\t\t<\/div>\n\t\t\t\t<\/div>\n\t\t\t\t<\/div>\n\t\t<div class=\"elementor-element elementor-element-8616444 e-con-full e-flex e-con e-parent\" data-id=\"8616444\" data-element_type=\"container\" data-e-type=\"container\">\r\n\t\t\t\t<div class=\"elementor-element elementor-element-e1de2a1 elementor-widget elementor-widget-text-editor\" data-id=\"e1de2a1\" data-element_type=\"widget\" data-e-type=\"widget\" data-widget_type=\"text-editor.default\">\n\t\t\t\t<div class=\"elementor-widget-container\">\n\t\t\t\t\t\t\t\t\t<p style=\"text-align: center;\"><b>AUCUNES PRODUITS R\u00c9ALISABLES<br \/><img decoding=\"async\" class=\"alignnone size-medium wp-image-11585\" src=\"https:\/\/www.sibo.it\/wp-content\/uploads\/2023\/08\/CAMP_SSIE6T-300x150.jpg\" alt=\"\" width=\"300\" height=\"150\"><br \/><\/b><\/p>\n<p><b> <\/b><\/p>\n\t\t\t\t\t\t\t\t<\/div>\n\t\t\t\t<\/div>\n\t\t\t\t<\/div>\n\t\t\t\t<\/div>\n\t\t\t\t<\/div>\n\t\t","protected":false},"excerpt":{"rendered":"<p><strong>LIGNE AUTOMATIQUE POUR LA FINITION DE PROFILS FERM\u00c9S MOD\u00c8LE \u00ab\u00a0SSIE\/6T\u00a0\u00bb<\/strong><\/p>\n<p>Ligne automatique \u00e0 contr\u00f4le num\u00e9rique adapte pour satiner et \u00e9meriser surfaces internes et externes de profils ferm\u00e9s \u00e0 section rectangulaire, ovale, carr\u00e9 et rond. La ligne est \u00e9quip\u00e9e avec trois unit\u00e9s abrasives pour travailler le partie interne et avec 3 unit\u00e9s abrasifs pour travailler la partie ext\u00e9rieur. Chaque unit\u00e9 peut osciller et elle est \u00e9quip\u00e9e avec moteurs brushless pour une configuration rapide et facile. Les pi\u00e8ces sont automatiquement d\u00e9plac\u00e9es d&rsquo;un poste de travail \u00e0 l\u2019autre gr\u00e2ce \u00e0 pinces autocentrants et selon les dimensions des pi\u00e8ces, il est possible de travailler jusqu&rsquo;\u00e0 6 pieces en m\u00eame temps.<\/p>\n","protected":false},"featured_media":11580,"comment_status":"closed","ping_status":"closed","template":"","meta":{"_acf_changed":false},"product_brand":[],"product_cat":[204,207],"product_tag":[],"class_list":{"0":"post-12319","1":"product","2":"type-product","3":"status-publish","4":"has-post-thumbnail","6":"product_cat-machines-metal","7":"product_cat-machines-personnalisees","8":"pa_applicazioni-solution-sur-mesure","10":"first","11":"instock","12":"shipping-taxable","13":"product-type-simple"},"acf":[],"_links":{"self":[{"href":"https:\/\/www.sibo.it\/fr\/wp-json\/wp\/v2\/product\/12319","targetHints":{"allow":["GET"]}}],"collection":[{"href":"https:\/\/www.sibo.it\/fr\/wp-json\/wp\/v2\/product"}],"about":[{"href":"https:\/\/www.sibo.it\/fr\/wp-json\/wp\/v2\/types\/product"}],"replies":[{"embeddable":true,"href":"https:\/\/www.sibo.it\/fr\/wp-json\/wp\/v2\/comments?post=12319"}],"version-history":[{"count":1,"href":"https:\/\/www.sibo.it\/fr\/wp-json\/wp\/v2\/product\/12319\/revisions"}],"predecessor-version":[{"id":12320,"href":"https:\/\/www.sibo.it\/fr\/wp-json\/wp\/v2\/product\/12319\/revisions\/12320"}],"wp:featuredmedia":[{"embeddable":true,"href":"https:\/\/www.sibo.it\/fr\/wp-json\/wp\/v2\/media\/11580"}],"wp:attachment":[{"href":"https:\/\/www.sibo.it\/fr\/wp-json\/wp\/v2\/media?parent=12319"}],"wp:term":[{"taxonomy":"product_brand","embeddable":true,"href":"https:\/\/www.sibo.it\/fr\/wp-json\/wp\/v2\/product_brand?post=12319"},{"taxonomy":"product_cat","embeddable":true,"href":"https:\/\/www.sibo.it\/fr\/wp-json\/wp\/v2\/product_cat?post=12319"},{"taxonomy":"product_tag","embeddable":true,"href":"https:\/\/www.sibo.it\/fr\/wp-json\/wp\/v2\/product_tag?post=12319"}],"curies":[{"name":"wp","href":"https:\/\/api.w.org\/{rel}","templated":true}]}}