{"id":12271,"date":"2023-05-18T09:13:32","date_gmt":"2023-05-18T08:13:32","guid":{"rendered":"https:\/\/www.sibo.it\/prodotto\/lsp-400\/"},"modified":"2023-08-28T12:05:45","modified_gmt":"2023-08-28T11:05:45","slug":"lsp-400","status":"publish","type":"product","link":"https:\/\/www.sibo.it\/fr\/produit\/lsp-400\/","title":{"rendered":"LSP\/400"},"content":{"rendered":"\t\t<div data-elementor-type=\"product-post\" data-elementor-id=\"12271\" class=\"elementor elementor-12271 elementor-9761\" data-elementor-post-type=\"product\">\n\t\t\t\t<div class=\"elementor-element elementor-element-cf1f3ba e-con-full e-flex e-con e-parent\" data-id=\"cf1f3ba\" data-element_type=\"container\" data-e-type=\"container\">\r\n\t\t<div class=\"elementor-element elementor-element-6d430be e-con-full e-flex e-con e-parent\" data-id=\"6d430be\" data-element_type=\"container\" data-e-type=\"container\">\r\n\t\t\t\t<div class=\"elementor-element elementor-element-ddd2f7f elementor-widget elementor-widget-text-editor\" data-id=\"ddd2f7f\" data-element_type=\"widget\" data-e-type=\"widget\" data-widget_type=\"text-editor.default\">\n\t\t\t\t<div class=\"elementor-widget-container\">\n\t\t\t\t\t\t\t\t\t<table border=\"0\" cellspacing=\"0\" cellpadding=\"0\">\n<tbody>\n<tr>\n<td>longueur max. de travail<\/td>\n<td><strong> 400 mm. <\/strong><\/td>\n<\/tr>\n<tr>\n<td>largeur max. de travail<\/td>\n<td><strong> 400 mm. <\/strong><\/td>\n<\/tr>\n<tr>\n<td>\u00e9paisseur max. de travail<\/td>\n<td><strong> 50mm. <\/strong><\/td>\n<\/tr>\n<tr>\n<td>diam\u00e8tre des brosses<\/td>\n<td><strong> 200\/350 mm. <\/strong><\/td>\n<\/tr>\n<tr>\n<td>\u00d8 bouche d\u2019aspiration<\/td>\n<td><strong>120 mm. <\/strong><\/td>\n<\/tr>\n<tr>\n<td>vitesse rotation des brosses<\/td>\n<td><strong>2800 RPM<\/strong><\/td>\n<\/tr>\n<tr>\n<td>vitesse de travail<\/td>\n<td><strong>0-16 mt.\/min.<\/strong><\/td>\n<\/tr>\n<tr>\n<td>oscillation de la table<\/td>\n<td><strong>14\/min.<\/strong><\/td>\n<\/tr>\n<tr>\n<td>poids net<\/td>\n<td><strong>950 kg.<\/strong><\/td>\n<\/tr>\n<\/tbody>\n<\/table>\n\t\t\t\t\t\t\t\t<\/div>\n\t\t\t\t<\/div>\n\t\t\t\t<\/div>\n\t\t<div class=\"elementor-element elementor-element-8616444 e-con-full e-flex e-con e-parent\" data-id=\"8616444\" data-element_type=\"container\" data-e-type=\"container\">\r\n\t\t\t\t<div class=\"elementor-element elementor-element-e1de2a1 elementor-widget elementor-widget-text-editor\" data-id=\"e1de2a1\" data-element_type=\"widget\" data-e-type=\"widget\" data-widget_type=\"text-editor.default\">\n\t\t\t\t<div class=\"elementor-widget-container\">\n\t\t\t\t\t\t\t\t\t<p style=\"text-align: center;\"><b>AUCUNES PRODUITS R\u00c9ALISABLES<br \/><\/b><b><img fetchpriority=\"high\" decoding=\"async\" class=\"alignnone size-full wp-image-9879\" src=\"https:\/\/www.sibo.it\/wp-content\/uploads\/2023\/05\/Campioni-LSP-400.jpg\" alt=\"\" width=\"300\" height=\"300\"><\/b><\/p>\n<p><b> <\/b><\/p>\n\t\t\t\t\t\t\t\t<\/div>\n\t\t\t\t<\/div>\n\t\t\t\t<\/div>\n\t\t\t\t<\/div>\n\t\t\t\t<\/div>\n\t\t","protected":false},"excerpt":{"rendered":"<h2>MACHINE AUTOMATIQUE DE POLISSAGE AVEC BROSSES MOD\u00c8LE \u00ab\u00a0LSP\/400\u00a0\u00bb<\/h2>\n<p>Machine adapt\u00e9 pour polir surfaces planes en acier, aluminium, laiton, etc. La plaque \u00e0 polir est mise manuellement sur la table et est bloqu\u00e9e avec un syst\u00e8me de vacuum. En pressant le bouton \u00ab\u00a0START\u00a0\u00bb la table porte plaque commence \u00e0 glisser en avant et en arri\u00e8re pour le nombre de cycles d\u00e9finis pr\u00e9c\u00e9demment. En m\u00eame temps, la brosse se rapproche aux pi\u00e8ces et commence \u00e0 les polir. La machine peut travailler avec ou sans oscillation de la table et il est possible de programmer le num\u00e9ro de courses selon le type de finition \u00e0 obtenir. Fini le polissage, la pi\u00e8ce est d\u00e9bloqu\u00e9 automatiquement.<\/p>\n","protected":false},"featured_media":9765,"comment_status":"closed","ping_status":"closed","template":"","meta":{"_acf_changed":false},"product_brand":[],"product_cat":[204,205],"product_tag":[],"class_list":{"0":"post-12271","1":"product","2":"type-product","3":"status-publish","4":"has-post-thumbnail","6":"product_cat-machines-metal","7":"product_cat-polissage-des-planes","8":"pa_applicazioni-surfaces-planes","10":"first","11":"instock","12":"shipping-taxable","13":"product-type-simple"},"acf":[],"_links":{"self":[{"href":"https:\/\/www.sibo.it\/fr\/wp-json\/wp\/v2\/product\/12271","targetHints":{"allow":["GET"]}}],"collection":[{"href":"https:\/\/www.sibo.it\/fr\/wp-json\/wp\/v2\/product"}],"about":[{"href":"https:\/\/www.sibo.it\/fr\/wp-json\/wp\/v2\/types\/product"}],"replies":[{"embeddable":true,"href":"https:\/\/www.sibo.it\/fr\/wp-json\/wp\/v2\/comments?post=12271"}],"version-history":[{"count":1,"href":"https:\/\/www.sibo.it\/fr\/wp-json\/wp\/v2\/product\/12271\/revisions"}],"predecessor-version":[{"id":12272,"href":"https:\/\/www.sibo.it\/fr\/wp-json\/wp\/v2\/product\/12271\/revisions\/12272"}],"wp:featuredmedia":[{"embeddable":true,"href":"https:\/\/www.sibo.it\/fr\/wp-json\/wp\/v2\/media\/9765"}],"wp:attachment":[{"href":"https:\/\/www.sibo.it\/fr\/wp-json\/wp\/v2\/media?parent=12271"}],"wp:term":[{"taxonomy":"product_brand","embeddable":true,"href":"https:\/\/www.sibo.it\/fr\/wp-json\/wp\/v2\/product_brand?post=12271"},{"taxonomy":"product_cat","embeddable":true,"href":"https:\/\/www.sibo.it\/fr\/wp-json\/wp\/v2\/product_cat?post=12271"},{"taxonomy":"product_tag","embeddable":true,"href":"https:\/\/www.sibo.it\/fr\/wp-json\/wp\/v2\/product_tag?post=12271"}],"curies":[{"name":"wp","href":"https:\/\/api.w.org\/{rel}","templated":true}]}}