{"id":11928,"date":"2023-08-25T12:36:44","date_gmt":"2023-08-25T11:36:44","guid":{"rendered":"https:\/\/www.sibo.it\/?post_type=product&#038;p=11928"},"modified":"2024-02-16T18:30:09","modified_gmt":"2024-02-16T17:30:09","slug":"smo-140","status":"publish","type":"product","link":"https:\/\/www.sibo.it\/fr\/produit\/smo-140\/","title":{"rendered":"SMO\/140"},"content":{"rendered":"\t\t<div data-elementor-type=\"product-post\" data-elementor-id=\"11928\" class=\"elementor elementor-11928 elementor-11924\" data-elementor-post-type=\"product\">\n\t\t\t\t<div class=\"elementor-element elementor-element-cf1f3ba e-con-full e-flex e-con e-parent\" data-id=\"cf1f3ba\" data-element_type=\"container\" data-e-type=\"container\">\r\n\t\t<div class=\"elementor-element elementor-element-6d430be e-con-full e-flex e-con e-child\" data-id=\"6d430be\" data-element_type=\"container\" data-e-type=\"container\">\r\n\t\t\t\t<div class=\"elementor-element elementor-element-ddd2f7f elementor-widget elementor-widget-text-editor\" data-id=\"ddd2f7f\" data-element_type=\"widget\" data-e-type=\"widget\" data-widget_type=\"text-editor.default\">\n\t\t\t\t<div class=\"elementor-widget-container\">\n\t\t\t\t\t\t\t\t\t<table border=\"0\" cellspacing=\"0\" cellpadding=\"0\">\n<tbody>\n<tr>\n<td>hauteur max. de travail<\/td>\n<td><strong>140 mm.<\/strong><\/td>\n<\/tr>\n<tr>\n<td>table \u00e0 ouvrage<\/td>\n<td><strong>670&#215;1700 mm.<\/strong><\/td>\n<\/tr>\n<tr>\n<td>vitesse bande abrasive<\/td>\n<td><strong>20 mt.\/sec.<\/strong><\/td>\n<\/tr>\n<tr>\n<td>dimension bandes abrasives<\/td>\n<td><strong>2500&#215;150 mm.<\/strong><\/td>\n<\/tr>\n<tr>\n<td>course d&rsquo;oscillation<\/td>\n<td><strong> 20 mm.<\/strong><\/td>\n<\/tr>\n<tr>\n<td>poids net.<\/td>\n<td><strong>375 kg.<\/strong><\/td>\n<\/tr>\n<\/tbody>\n<\/table>\n<p style=\"text-align: left;\">\n\t\t\t\t\t\t\t\t<\/div>\n\t\t\t\t<\/div>\n\t\t\t\t<\/div>\n\t\t<div class=\"elementor-element elementor-element-8616444 e-con-full e-flex e-con e-child\" data-id=\"8616444\" data-element_type=\"container\" data-e-type=\"container\">\r\n\t\t\t\t<div class=\"elementor-element elementor-element-e1de2a1 elementor-widget elementor-widget-text-editor\" data-id=\"e1de2a1\" data-element_type=\"widget\" data-e-type=\"widget\" data-widget_type=\"text-editor.default\">\n\t\t\t\t<div class=\"elementor-widget-container\">\n\t\t\t\t\t\t\t\t\t<p><b>AUCUNES PRODUITS R\u00c9ALISABLES<\/b><\/p>\n<p><img decoding=\"async\" class=\"alignnone size-medium wp-image-11869\" src=\"https:\/\/www.sibo.it\/wp-content\/uploads\/2023\/08\/SSP300-CAMP-300x150.jpg\" alt=\"\" width=\"300\" height=\"150\"><\/p>\n\t\t\t\t\t\t\t\t<\/div>\n\t\t\t\t<\/div>\n\t\t\t\t<div class=\"elementor-element elementor-element-5c4e076 elementor-widget elementor-widget-text-editor\" data-id=\"5c4e076\" data-element_type=\"widget\" data-e-type=\"widget\" data-widget_type=\"text-editor.default\">\n\t\t\t\t<div class=\"elementor-widget-container\">\n\t\t\t\t\t\t\t\t\t<p><b>\u00c9QUIPEMENT SUPPL\u00c9MENTAIRE<\/b><\/p>\n<p><img fetchpriority=\"high\" decoding=\"async\" class=\"alignnone size-medium wp-image-11717\" src=\"https:\/\/www.sibo.it\/wp-content\/uploads\/2023\/08\/invertor-2LU200-300x300.jpg\" alt=\"\" width=\"300\" height=\"300\"><\/p>\n\t\t\t\t\t\t\t\t<\/div>\n\t\t\t\t<\/div>\n\t\t\t\t<\/div>\n\t\t\t\t<\/div>\n\t\t\t\t<\/div>\n\t\t","protected":false},"excerpt":{"rendered":"<p><strong>MACHINE POUR EMERISER SATINER MOD\u00c8LE \u00ab\u00a0SMO\/140\u00a0\u00bb<\/strong><\/p>\n<p>Adapte pour satiner et \u00e9meriser les pi\u00e8ces droites avec section cylindrique et ovale.<br \/>\nLa machine est \u00e9quip\u00e9e d&rsquo;un syst\u00e8me oscillant de la bande afin de permettre une meilleure finition de la pi\u00e8ce.<\/p>\n<p><strong>La machine peut \u00eatre \u00e9quip\u00e9 avec:<\/strong><\/p>\n<ul>\n<li>variateur \u00e9lectronique de vitesse des bandes abrasives<\/li>\n<\/ul>\n","protected":false},"featured_media":11931,"comment_status":"closed","ping_status":"closed","template":"","meta":{"_acf_changed":false},"product_brand":[],"product_cat":[209,204],"product_tag":[],"class_list":{"0":"post-11928","1":"product","2":"type-product","3":"status-publish","4":"has-post-thumbnail","6":"product_cat-emeriser-et-satiner-planes","7":"product_cat-machines-metal","8":"pa_applicazioni-surfaces-planes","10":"first","11":"instock","12":"shipping-taxable","13":"product-type-simple"},"acf":[],"_links":{"self":[{"href":"https:\/\/www.sibo.it\/fr\/wp-json\/wp\/v2\/product\/11928","targetHints":{"allow":["GET"]}}],"collection":[{"href":"https:\/\/www.sibo.it\/fr\/wp-json\/wp\/v2\/product"}],"about":[{"href":"https:\/\/www.sibo.it\/fr\/wp-json\/wp\/v2\/types\/product"}],"replies":[{"embeddable":true,"href":"https:\/\/www.sibo.it\/fr\/wp-json\/wp\/v2\/comments?post=11928"}],"version-history":[{"count":7,"href":"https:\/\/www.sibo.it\/fr\/wp-json\/wp\/v2\/product\/11928\/revisions"}],"predecessor-version":[{"id":16720,"href":"https:\/\/www.sibo.it\/fr\/wp-json\/wp\/v2\/product\/11928\/revisions\/16720"}],"wp:featuredmedia":[{"embeddable":true,"href":"https:\/\/www.sibo.it\/fr\/wp-json\/wp\/v2\/media\/11931"}],"wp:attachment":[{"href":"https:\/\/www.sibo.it\/fr\/wp-json\/wp\/v2\/media?parent=11928"}],"wp:term":[{"taxonomy":"product_brand","embeddable":true,"href":"https:\/\/www.sibo.it\/fr\/wp-json\/wp\/v2\/product_brand?post=11928"},{"taxonomy":"product_cat","embeddable":true,"href":"https:\/\/www.sibo.it\/fr\/wp-json\/wp\/v2\/product_cat?post=11928"},{"taxonomy":"product_tag","embeddable":true,"href":"https:\/\/www.sibo.it\/fr\/wp-json\/wp\/v2\/product_tag?post=11928"}],"curies":[{"name":"wp","href":"https:\/\/api.w.org\/{rel}","templated":true}]}}