{"id":11913,"date":"2023-08-25T12:34:01","date_gmt":"2023-08-25T11:34:01","guid":{"rendered":"https:\/\/www.sibo.it\/?post_type=product&#038;p=11913"},"modified":"2024-02-16T18:30:13","modified_gmt":"2024-02-16T17:30:13","slug":"sts-150","status":"publish","type":"product","link":"https:\/\/www.sibo.it\/fr\/produit\/sts-150\/","title":{"rendered":"STS\/150"},"content":{"rendered":"\t\t<div data-elementor-type=\"product-post\" data-elementor-id=\"11913\" class=\"elementor elementor-11913 elementor-11909\" data-elementor-post-type=\"product\">\n\t\t\t\t<div class=\"elementor-element elementor-element-cf1f3ba e-con-full e-flex e-con e-parent\" data-id=\"cf1f3ba\" data-element_type=\"container\" data-e-type=\"container\">\r\n\t\t<div class=\"elementor-element elementor-element-6d430be e-con-full e-flex e-con e-child\" data-id=\"6d430be\" data-element_type=\"container\" data-e-type=\"container\">\r\n\t\t\t\t<div class=\"elementor-element elementor-element-ddd2f7f elementor-widget elementor-widget-text-editor\" data-id=\"ddd2f7f\" data-element_type=\"widget\" data-e-type=\"widget\" data-widget_type=\"text-editor.default\">\n\t\t\t\t<div class=\"elementor-widget-container\">\n\t\t\t\t\t\t\t\t\t<table border=\"0\" cellspacing=\"0\" cellpadding=\"0\">\n<tbody>\n<tr>\n<td>largeur max. de travail<\/td>\n<td><strong>50 mm.<\/strong><\/td>\n<\/tr>\n<tr>\n<td>\u00e9paisseur max. de travail<\/td>\n<td><strong>100 mm.<\/strong><\/td>\n<\/tr>\n<tr>\n<td>vitesse de la brosse<\/td>\n<td><strong>2400 RPM<\/strong><\/td>\n<\/tr>\n<tr>\n<td>vitesse du tapis<\/td>\n<td><strong>2-10 mt\/min.<\/strong><\/td>\n<\/tr>\n<tr>\n<td>dimension de la brosse<\/td>\n<td><strong> 400&#215;150 mm.<\/strong><\/td>\n<\/tr>\n<tr>\n<td>poids net<\/td>\n<td><strong>420 kg.<\/strong><\/td>\n<\/tr>\n<\/tbody>\n<\/table>\n<p style=\"text-align: left;\">\n\t\t\t\t\t\t\t\t<\/div>\n\t\t\t\t<\/div>\n\t\t\t\t<\/div>\n\t\t<div class=\"elementor-element elementor-element-8616444 e-con-full e-flex e-con e-child\" data-id=\"8616444\" data-element_type=\"container\" data-e-type=\"container\">\r\n\t\t\t\t<div class=\"elementor-element elementor-element-e1de2a1 elementor-widget elementor-widget-text-editor\" data-id=\"e1de2a1\" data-element_type=\"widget\" data-e-type=\"widget\" data-widget_type=\"text-editor.default\">\n\t\t\t\t<div class=\"elementor-widget-container\">\n\t\t\t\t\t\t\t\t\t<p><b>AUCUNES PRODUITS R\u00c9ALISABLES<\/b><\/p>\n<p><img decoding=\"async\" class=\"alignnone size-medium wp-image-11869\" src=\"https:\/\/www.sibo.it\/wp-content\/uploads\/2023\/08\/SSP300-CAMP-300x150.jpg\" alt=\"\" width=\"300\" height=\"150\"><\/p>\n\t\t\t\t\t\t\t\t<\/div>\n\t\t\t\t<\/div>\n\t\t\t\t<div class=\"elementor-element elementor-element-5c4e076 elementor-widget elementor-widget-text-editor\" data-id=\"5c4e076\" data-element_type=\"widget\" data-e-type=\"widget\" data-widget_type=\"text-editor.default\">\n\t\t\t\t<div class=\"elementor-widget-container\">\n\t\t\t\t\t\t\t\t\t<p><b>\u00c9QUIPEMENT SUPPL\u00c9MENTAIRE<\/b><\/p>\n<p><img decoding=\"async\" class=\"alignnone size-full wp-image-11641\" src=\"https:\/\/www.sibo.it\/wp-content\/uploads\/2023\/08\/2lu30-equipment1.jpg\" alt=\"\" width=\"111\" height=\"140\"><\/p>\n\t\t\t\t\t\t\t\t<\/div>\n\t\t\t\t<\/div>\n\t\t\t\t<\/div>\n\t\t\t\t<\/div>\n\t\t\t\t<\/div>\n\t\t","protected":false},"excerpt":{"rendered":"<p><strong>MACHINE D&rsquo;EMERISAGE\/SATINAGE MOD\u00c8LE \u00ab\u00a0STS\/150<\/strong><\/p>\n<p>Machine pour le poncage, satinage e polissage des pi\u00e8ces droites en m\u00e9taux: barres, tubes a section carr\u00e9, surfaces planes, plates, en acier, fer, aluminium, laiton etc. La vitesse d\u2019avancement de la pi\u00e8ce peut \u00eatre r\u00e9gl\u00e9e aussi pendant le travail.<\/p>\n<p><strong>La machine peut \u00eatre \u00e9quip\u00e9 avec:<\/strong><\/p>\n<ul>\n<li>r\u00e9glage hauteur du travail motoris\u00e9 0,37 Kw<\/li>\n<li>cuve pour le liquide r\u00e9frig\u00e9rante avec \u00e9purateur complet de system motoris\u00e9 de filtrage<\/li>\n<li>variateur \u00e9lectronique de vitesse dela brosse<\/li>\n<li>dispositif de soufflage pour le nettoyage de la pi\u00e8ce<\/li>\n<\/ul>\n","protected":false},"featured_media":11916,"comment_status":"closed","ping_status":"closed","template":"","meta":{"_acf_changed":false},"product_brand":[],"product_cat":[209,204],"product_tag":[],"class_list":{"0":"post-11913","1":"product","2":"type-product","3":"status-publish","4":"has-post-thumbnail","6":"product_cat-emeriser-et-satiner-planes","7":"product_cat-machines-metal","8":"pa_applicazioni-surfaces-planes","10":"first","11":"instock","12":"shipping-taxable","13":"product-type-simple"},"acf":[],"_links":{"self":[{"href":"https:\/\/www.sibo.it\/fr\/wp-json\/wp\/v2\/product\/11913","targetHints":{"allow":["GET"]}}],"collection":[{"href":"https:\/\/www.sibo.it\/fr\/wp-json\/wp\/v2\/product"}],"about":[{"href":"https:\/\/www.sibo.it\/fr\/wp-json\/wp\/v2\/types\/product"}],"replies":[{"embeddable":true,"href":"https:\/\/www.sibo.it\/fr\/wp-json\/wp\/v2\/comments?post=11913"}],"version-history":[{"count":6,"href":"https:\/\/www.sibo.it\/fr\/wp-json\/wp\/v2\/product\/11913\/revisions"}],"predecessor-version":[{"id":16726,"href":"https:\/\/www.sibo.it\/fr\/wp-json\/wp\/v2\/product\/11913\/revisions\/16726"}],"wp:featuredmedia":[{"embeddable":true,"href":"https:\/\/www.sibo.it\/fr\/wp-json\/wp\/v2\/media\/11916"}],"wp:attachment":[{"href":"https:\/\/www.sibo.it\/fr\/wp-json\/wp\/v2\/media?parent=11913"}],"wp:term":[{"taxonomy":"product_brand","embeddable":true,"href":"https:\/\/www.sibo.it\/fr\/wp-json\/wp\/v2\/product_brand?post=11913"},{"taxonomy":"product_cat","embeddable":true,"href":"https:\/\/www.sibo.it\/fr\/wp-json\/wp\/v2\/product_cat?post=11913"},{"taxonomy":"product_tag","embeddable":true,"href":"https:\/\/www.sibo.it\/fr\/wp-json\/wp\/v2\/product_tag?post=11913"}],"curies":[{"name":"wp","href":"https:\/\/api.w.org\/{rel}","templated":true}]}}