{"id":11840,"date":"2023-08-25T12:04:59","date_gmt":"2023-08-25T11:04:59","guid":{"rendered":"https:\/\/www.sibo.it\/?post_type=product&#038;p=11840"},"modified":"2024-02-16T18:30:18","modified_gmt":"2024-02-16T17:30:18","slug":"ssp-300m","status":"publish","type":"product","link":"https:\/\/www.sibo.it\/fr\/produit\/ssp-300m\/","title":{"rendered":"SSP\/300M"},"content":{"rendered":"\t\t<div data-elementor-type=\"product-post\" data-elementor-id=\"11840\" class=\"elementor elementor-11840 elementor-11836\" data-elementor-post-type=\"product\">\n\t\t\t\t<div class=\"elementor-element elementor-element-cf1f3ba e-con-full e-flex e-con e-parent\" data-id=\"cf1f3ba\" data-element_type=\"container\" data-e-type=\"container\">\r\n\t\t<div class=\"elementor-element elementor-element-6d430be e-con-full e-flex e-con e-child\" data-id=\"6d430be\" data-element_type=\"container\" data-e-type=\"container\">\r\n\t\t\t\t<div class=\"elementor-element elementor-element-ddd2f7f elementor-widget elementor-widget-text-editor\" data-id=\"ddd2f7f\" data-element_type=\"widget\" data-e-type=\"widget\" data-widget_type=\"text-editor.default\">\n\t\t\t\t<div class=\"elementor-widget-container\">\n\t\t\t\t\t\t\t\t\t<table border=\"0\" cellspacing=\"0\" cellpadding=\"0\">\n<tbody>\n<tr>\n<td>largeur max. de travail<\/td>\n<td><strong>300&nbsp;mm.<\/strong><\/td>\n<\/tr>\n<tr>\n<td>\u00e9paisseur max. de travail<\/td>\n<td><strong>150&nbsp;mm.<\/strong><\/td>\n<\/tr>\n<tr>\n<td>\u00e9paisseur min. de travail<\/td>\n<td><strong>1 mm.<\/strong><\/td>\n<\/tr>\n<tr>\n<td>longueur max. de travail<\/td>\n<td><strong>500 mm.<\/strong><\/td>\n<\/tr>\n<tr>\n<td>dimension de plan \u00e9lectromagn\u00e9tique<\/td>\n<td><strong>500&#215;250 mm.<\/strong><\/td>\n<\/tr>\n<tr>\n<td>d\u00e9veloppement bande abrasive<\/td>\n<td><strong>2500&#215;300&nbsp;mm.<\/strong><\/td>\n<\/tr>\n<tr>\n<td>poids net<\/td>\n<td><strong>995 kg.<\/strong><\/td>\n<\/tr>\n<\/tbody>\n<\/table>\n<p style=\"text-align: left;\">\n<\/p>\t\t\t\t\t\t\t\t<\/div>\n\t\t\t\t<\/div>\n\t\t\t\t<\/div>\n\t\t<div class=\"elementor-element elementor-element-8616444 e-con-full e-flex e-con e-child\" data-id=\"8616444\" data-element_type=\"container\" data-e-type=\"container\">\r\n\t\t\t\t<div class=\"elementor-element elementor-element-e1de2a1 elementor-widget elementor-widget-text-editor\" data-id=\"e1de2a1\" data-element_type=\"widget\" data-e-type=\"widget\" data-widget_type=\"text-editor.default\">\n\t\t\t\t<div class=\"elementor-widget-container\">\n\t\t\t\t\t\t\t\t\t<p><b>AUCUNES PRODUITS R\u00c9ALISABLES<\/b><\/p>\n<p><img decoding=\"async\" class=\"alignnone size-medium wp-image-11848\" src=\"https:\/\/www.sibo.it\/wp-content\/uploads\/2023\/08\/Campioni-SSP300M-300x150.jpg\" alt=\"\" width=\"300\" height=\"150\"><\/p>\n\t\t\t\t\t\t\t\t<\/div>\n\t\t\t\t<\/div>\n\t\t\t\t<div class=\"elementor-element elementor-element-5c4e076 elementor-widget elementor-widget-text-editor\" data-id=\"5c4e076\" data-element_type=\"widget\" data-e-type=\"widget\" data-widget_type=\"text-editor.default\">\n\t\t\t\t<div class=\"elementor-widget-container\">\n\t\t\t\t\t\t\t\t\t<p><b>\u00c9QUIPEMENT SUPPL\u00c9MENTAIRE<\/b><\/p>\n<p><img decoding=\"async\" class=\"alignnone size-full wp-image-11641\" src=\"https:\/\/www.sibo.it\/wp-content\/uploads\/2023\/08\/2lu30-equipment1.jpg\" alt=\"\" width=\"111\" height=\"140\"><\/p>\n\t\t\t\t\t\t\t\t<\/div>\n\t\t\t\t<\/div>\n\t\t\t\t<\/div>\n\t\t\t\t<\/div>\n\t\t\t\t<\/div>\n\t\t","protected":false},"excerpt":{"rendered":"<p><strong>MACHINE D&rsquo;EMERISAGE\/SATINAGE \u00c0 PLAN \u00c9LECTROMAGN\u00c9TIQUE MOD\u00c8LE \u00ab\u00a0SSP\/300M\u00a0\u00bb<\/strong><\/p>\n<p>Machine \u00e0 plan \u00e9lectromagn\u00e9tique adapt\u00e9e a l&#8217;emerisage et \u00e0 la finition satin\u00e9e de t\u00f4les m\u00e9talliques, surfaces planes en acier et fer. Cette machine est con\u00e7ue pour fonctionner avec et sans refroidissement avec la possibilit\u00e9 d&rsquo;utiliser l&rsquo;oscillation de la bande abrasive. Les pi\u00e8ces \u00e0 travailler sont plac\u00e9es sur un plan \u00e9lectromagn\u00e9tique, ce qui permet \u00e9galement de travailler des pi\u00e8ces de petites dimensions avec un ou plusieurs passages jusqu\u2019\u00e0 la finition souhait\u00e9e.<\/p>\n<p><strong>La machine peut \u00eatre \u00e9quip\u00e9 avec:<\/strong><\/p>\n<ul>\n<li>r\u00e9glage hauteur du travail motoris\u00e9 0,37 Kw<\/li>\n<li>cuve pour le liquide r\u00e9frig\u00e9rante avec \u00e9purateur complet de system motoris\u00e9 de filtrage<\/li>\n<li>variateur \u00e9lectronique de vitesse des bandes abrasives<\/li>\n<\/ul>\n","protected":false},"featured_media":11843,"comment_status":"closed","ping_status":"closed","template":"","meta":{"_acf_changed":false},"product_brand":[],"product_cat":[209,204],"product_tag":[],"class_list":{"0":"post-11840","1":"product","2":"type-product","3":"status-publish","4":"has-post-thumbnail","6":"product_cat-emeriser-et-satiner-planes","7":"product_cat-machines-metal","8":"pa_applicazioni-surfaces-planes","10":"first","11":"instock","12":"shipping-taxable","13":"product-type-simple"},"acf":[],"_links":{"self":[{"href":"https:\/\/www.sibo.it\/fr\/wp-json\/wp\/v2\/product\/11840","targetHints":{"allow":["GET"]}}],"collection":[{"href":"https:\/\/www.sibo.it\/fr\/wp-json\/wp\/v2\/product"}],"about":[{"href":"https:\/\/www.sibo.it\/fr\/wp-json\/wp\/v2\/types\/product"}],"replies":[{"embeddable":true,"href":"https:\/\/www.sibo.it\/fr\/wp-json\/wp\/v2\/comments?post=11840"}],"version-history":[{"count":6,"href":"https:\/\/www.sibo.it\/fr\/wp-json\/wp\/v2\/product\/11840\/revisions"}],"predecessor-version":[{"id":16740,"href":"https:\/\/www.sibo.it\/fr\/wp-json\/wp\/v2\/product\/11840\/revisions\/16740"}],"wp:featuredmedia":[{"embeddable":true,"href":"https:\/\/www.sibo.it\/fr\/wp-json\/wp\/v2\/media\/11843"}],"wp:attachment":[{"href":"https:\/\/www.sibo.it\/fr\/wp-json\/wp\/v2\/media?parent=11840"}],"wp:term":[{"taxonomy":"product_brand","embeddable":true,"href":"https:\/\/www.sibo.it\/fr\/wp-json\/wp\/v2\/product_brand?post=11840"},{"taxonomy":"product_cat","embeddable":true,"href":"https:\/\/www.sibo.it\/fr\/wp-json\/wp\/v2\/product_cat?post=11840"},{"taxonomy":"product_tag","embeddable":true,"href":"https:\/\/www.sibo.it\/fr\/wp-json\/wp\/v2\/product_tag?post=11840"}],"curies":[{"name":"wp","href":"https:\/\/api.w.org\/{rel}","templated":true}]}}