{"id":11816,"date":"2023-08-25T11:52:22","date_gmt":"2023-08-25T10:52:22","guid":{"rendered":"https:\/\/www.sibo.it\/?post_type=product&#038;p=11816"},"modified":"2024-02-16T18:30:21","modified_gmt":"2024-02-16T17:30:21","slug":"2lu-f380","status":"publish","type":"product","link":"https:\/\/www.sibo.it\/fr\/produit\/2lu-f380\/","title":{"rendered":"2LU\/F380"},"content":{"rendered":"\t\t<div data-elementor-type=\"product-post\" data-elementor-id=\"11816\" class=\"elementor elementor-11816 elementor-11812\" data-elementor-post-type=\"product\">\n\t\t\t\t<div class=\"elementor-element elementor-element-cf1f3ba e-con-full e-flex e-con e-parent\" data-id=\"cf1f3ba\" data-element_type=\"container\" data-e-type=\"container\">\r\n\t\t<div class=\"elementor-element elementor-element-6d430be e-con-full e-flex e-con e-child\" data-id=\"6d430be\" data-element_type=\"container\" data-e-type=\"container\">\r\n\t\t\t\t<div class=\"elementor-element elementor-element-ddd2f7f elementor-widget elementor-widget-text-editor\" data-id=\"ddd2f7f\" data-element_type=\"widget\" data-e-type=\"widget\" data-widget_type=\"text-editor.default\">\n\t\t\t\t<div class=\"elementor-widget-container\">\n\t\t\t\t\t\t\t\t\t<table border=\"0\" cellspacing=\"0\" cellpadding=\"0\">\n<tbody>\n<tr>\n<td>diam\u00e8tre min<\/td>\n<td><strong> 1 mm.<\/strong><\/td>\n<\/tr>\n<tr>\n<td>diam\u00e8tre max.<\/td>\n<td><strong>45 mm.<\/strong><\/td>\n<\/tr>\n<tr>\n<td>d\u00e9veloppement bande abrasive \u00d8 1-100 mm.<\/td>\n<td><strong>1550&#215;80<\/strong><\/td>\n<\/tr>\n<tr>\n<td>d\u00e9veloppement bande abrasive \u00d8 100-140 mm.<\/td>\n<td><strong>1420&#215;80<\/strong><\/td>\n<\/tr>\n<tr>\n<td>poids net<\/td>\n<td><strong> 500 kg.<\/strong><\/td>\n<\/tr>\n<\/tbody>\n<\/table>\n<p style=\"text-align: left;\">\n\t\t\t\t\t\t\t\t<\/div>\n\t\t\t\t<\/div>\n\t\t\t\t<\/div>\n\t\t<div class=\"elementor-element elementor-element-8616444 e-con-full e-flex e-con e-child\" data-id=\"8616444\" data-element_type=\"container\" data-e-type=\"container\">\r\n\t\t\t\t<div class=\"elementor-element elementor-element-e1de2a1 elementor-widget elementor-widget-text-editor\" data-id=\"e1de2a1\" data-element_type=\"widget\" data-e-type=\"widget\" data-widget_type=\"text-editor.default\">\n\t\t\t\t<div class=\"elementor-widget-container\">\n\t\t\t\t\t\t\t\t\t<p><b>AUCUNES PRODUITS R\u00c9ALISABLES<\/b><\/p>\n<p><img decoding=\"async\" class=\"alignnone size-medium wp-image-11699\" src=\"https:\/\/www.sibo.it\/wp-content\/uploads\/2023\/08\/samples_2Lu200_-1-300x150.jpg\" alt=\"\" width=\"300\" height=\"150\"><\/p>\n\t\t\t\t\t\t\t\t<\/div>\n\t\t\t\t<\/div>\n\t\t\t\t<div class=\"elementor-element elementor-element-5c4e076 elementor-widget elementor-widget-text-editor\" data-id=\"5c4e076\" data-element_type=\"widget\" data-e-type=\"widget\" data-widget_type=\"text-editor.default\">\n\t\t\t\t<div class=\"elementor-widget-container\">\n\t\t\t\t\t\t\t\t\t<p><b>\u00c9QUIPEMENT SUPPL\u00c9MENTAIRE<\/b><\/p>\n<p><img fetchpriority=\"high\" decoding=\"async\" class=\"alignnone size-medium wp-image-7206\" src=\"https:\/\/www.sibo.it\/wp-content\/uploads\/2023\/03\/Horizontal-loaderi-300x300.jpg\" alt=\"\" width=\"300\" height=\"300\"><\/p>\n\t\t\t\t\t\t\t\t<\/div>\n\t\t\t\t<\/div>\n\t\t\t\t<\/div>\n\t\t\t\t<\/div>\n\t\t\t\t<\/div>\n\t\t","protected":false},"excerpt":{"rendered":"<h3 class=\"h3desc\">MACHINE D&rsquo;EMERISAGE ORBITALE AUTOMATIQUE MOD\u00c8LE \u00ab\u00a02LU\/F380\u00a0\u00bb<\/h3>\n<p>Cette machine est apte pour l\u2019emerissage, satinage et polissage de fil en acier, laiton, aluminium, etc. Une des caract\u00e9ristiques principales de la machine est que la pi\u00e8ce \u00e0 poncer avance sans tourner.<\/p>\n<p><strong>La machine peut \u00eatre \u00e9quip\u00e9 avec:<\/strong><\/p>\n<ul>\n<li><span style=\"font-size: 16px;\">commande temporis\u00e9e avec photocellule pour l\u2019ouvrage des bandes<\/span><\/li>\n<li><span style=\"font-size: 16px;\">groupe motoris\u00e9 pour les rouleaux extraction<\/span><\/li>\n<li><span style=\"font-size: 16px;\">groupe motoris\u00e9 pour les rouleaux d\u2019introduction<\/span><\/li>\n<li><span style=\"font-size: 16px;\">variateur \u00e9lectronique de vitesse des bandes abrasives<\/span><\/li>\n<li><span style=\"font-size: 16px;\">cylindre pneumatique connect\u00e9 \u00e0 la photocellule pour ouvrir les rouleaux d\u2019introduction<\/span><\/li>\n<li><span style=\"font-size: 16px;\">inversion avancement de la pi\u00e8ce<\/span><\/li>\n<\/ul>\n","protected":false},"featured_media":11819,"comment_status":"closed","ping_status":"closed","template":"","meta":{"_acf_changed":false},"product_brand":[],"product_cat":[208,204],"product_tag":[],"class_list":{"0":"post-11816","1":"product","2":"type-product","3":"status-publish","4":"has-post-thumbnail","6":"product_cat-emeriser-et-satiner-fil","7":"product_cat-machines-metal","8":"pa_applicazioni-fil","10":"first","11":"instock","12":"shipping-taxable","13":"product-type-simple"},"acf":[],"_links":{"self":[{"href":"https:\/\/www.sibo.it\/fr\/wp-json\/wp\/v2\/product\/11816","targetHints":{"allow":["GET"]}}],"collection":[{"href":"https:\/\/www.sibo.it\/fr\/wp-json\/wp\/v2\/product"}],"about":[{"href":"https:\/\/www.sibo.it\/fr\/wp-json\/wp\/v2\/types\/product"}],"replies":[{"embeddable":true,"href":"https:\/\/www.sibo.it\/fr\/wp-json\/wp\/v2\/comments?post=11816"}],"version-history":[{"count":8,"href":"https:\/\/www.sibo.it\/fr\/wp-json\/wp\/v2\/product\/11816\/revisions"}],"predecessor-version":[{"id":16745,"href":"https:\/\/www.sibo.it\/fr\/wp-json\/wp\/v2\/product\/11816\/revisions\/16745"}],"wp:featuredmedia":[{"embeddable":true,"href":"https:\/\/www.sibo.it\/fr\/wp-json\/wp\/v2\/media\/11819"}],"wp:attachment":[{"href":"https:\/\/www.sibo.it\/fr\/wp-json\/wp\/v2\/media?parent=11816"}],"wp:term":[{"taxonomy":"product_brand","embeddable":true,"href":"https:\/\/www.sibo.it\/fr\/wp-json\/wp\/v2\/product_brand?post=11816"},{"taxonomy":"product_cat","embeddable":true,"href":"https:\/\/www.sibo.it\/fr\/wp-json\/wp\/v2\/product_cat?post=11816"},{"taxonomy":"product_tag","embeddable":true,"href":"https:\/\/www.sibo.it\/fr\/wp-json\/wp\/v2\/product_tag?post=11816"}],"curies":[{"name":"wp","href":"https:\/\/api.w.org\/{rel}","templated":true}]}}