{"id":11795,"date":"2023-08-25T11:03:19","date_gmt":"2023-08-25T10:03:19","guid":{"rendered":"https:\/\/www.sibo.it\/?post_type=product&#038;p=11795"},"modified":"2024-02-16T18:30:21","modified_gmt":"2024-02-16T17:30:21","slug":"lsb","status":"publish","type":"product","link":"https:\/\/www.sibo.it\/fr\/produit\/lsb\/","title":{"rendered":"LSB"},"content":{"rendered":"\t\t<div data-elementor-type=\"product-post\" data-elementor-id=\"11795\" class=\"elementor elementor-11795 elementor-11791\" data-elementor-post-type=\"product\">\n\t\t\t\t<div class=\"elementor-element elementor-element-cf1f3ba e-con-full e-flex e-con e-parent\" data-id=\"cf1f3ba\" data-element_type=\"container\" data-e-type=\"container\">\r\n\t\t<div class=\"elementor-element elementor-element-6d430be e-con-full e-flex e-con e-child\" data-id=\"6d430be\" data-element_type=\"container\" data-e-type=\"container\">\r\n\t\t\t\t<div class=\"elementor-element elementor-element-ddd2f7f elementor-widget elementor-widget-text-editor\" data-id=\"ddd2f7f\" data-element_type=\"widget\" data-e-type=\"widget\" data-widget_type=\"text-editor.default\">\n\t\t\t\t<div class=\"elementor-widget-container\">\n\t\t\t\t\t\t\t\t\t<table border=\"0\" cellspacing=\"0\" cellpadding=\"0\">\n<tbody>\n<tr>\n<td>diam\u00e8tre min.<\/td>\n<td><strong> 5 mm.<\/strong><\/td>\n<\/tr>\n<tr>\n<td>diam\u00e8tre max.<\/td>\n<td><strong>100 mm.<\/strong><\/td>\n<\/tr>\n<tr>\n<td>longueur min.<\/td>\n<td><strong>600 mm.<\/strong><\/td>\n<\/tr>\n<tr>\n<td>longueur max.<\/td>\n<td><strong>6000 mm.<\/strong><\/td>\n<\/tr>\n<tr>\n<td>d\u00e9veloppement bandes abrasives<\/td>\n<td><strong>2000&#215;120 mm.<\/strong><\/td>\n<\/tr>\n<tr>\n<td>poids net<\/td>\n<td><strong> 1500 kg.<\/strong><\/td>\n<\/tr>\n<\/tbody>\n<\/table>\n<p style=\"text-align: left;\">\n\t\t\t\t\t\t\t\t<\/div>\n\t\t\t\t<\/div>\n\t\t\t\t<\/div>\n\t\t<div class=\"elementor-element elementor-element-8616444 e-con-full e-flex e-con e-child\" data-id=\"8616444\" data-element_type=\"container\" data-e-type=\"container\">\r\n\t\t\t\t<div class=\"elementor-element elementor-element-e1de2a1 elementor-widget elementor-widget-text-editor\" data-id=\"e1de2a1\" data-element_type=\"widget\" data-e-type=\"widget\" data-widget_type=\"text-editor.default\">\n\t\t\t\t<div class=\"elementor-widget-container\">\n\t\t\t\t\t\t\t\t\t<p><b>AUCUNES PRODUITS R\u00c9ALISABLES<\/b><\/p>\n<p><img decoding=\"async\" class=\"alignnone size-medium wp-image-11699\" src=\"https:\/\/www.sibo.it\/wp-content\/uploads\/2023\/08\/samples_2Lu200_-1-300x150.jpg\" alt=\"\" width=\"300\" height=\"150\"><\/p>\n\t\t\t\t\t\t\t\t<\/div>\n\t\t\t\t<\/div>\n\t\t\t\t<div class=\"elementor-element elementor-element-09ef385 elementor-widget elementor-widget-text-editor\" data-id=\"09ef385\" data-element_type=\"widget\" data-e-type=\"widget\" data-widget_type=\"text-editor.default\">\n\t\t\t\t<div class=\"elementor-widget-container\">\n\t\t\t\t\t\t\t\t\t<p><strong>\u00c9QUIPEMENT SUPPL\u00c9MENTAIRE<\/strong><\/p>\n<p><img fetchpriority=\"high\" decoding=\"async\" class=\"alignnone size-medium wp-image-11705\" src=\"https:\/\/www.sibo.it\/wp-content\/uploads\/2023\/08\/Device_complete_with_photocel-300x300.jpg\" alt=\"\" width=\"300\" height=\"300\">  <img decoding=\"async\" class=\"alignnone size-medium wp-image-11717\" src=\"https:\/\/www.sibo.it\/wp-content\/uploads\/2023\/08\/invertor-2LU200-300x300.jpg\" alt=\"\" width=\"300\" height=\"300\"><\/p>\n\t\t\t\t\t\t\t\t<\/div>\n\t\t\t\t<\/div>\n\t\t\t\t<\/div>\n\t\t\t\t<\/div>\n\t\t\t\t<\/div>\n\t\t","protected":false},"excerpt":{"rendered":"<p><strong>LIGNE AUTOMATIQUE POUR EMERISER BARRES MOD\u00c8LE \u00ab\u00a0LSB\u00a0\u00bb<\/strong><\/p>\n<p>Cette ligne est apte \u00e0 satiner et \u00e9meriser des barres droites a section ronde et ovale en acier, fer, aluminium etc. Les barres sont mises sur le chargeur que automatiquement pousse une barre \u00e0 la fois en la machine pour \u00e9meriser, et la pi\u00e8ce avance entre les bandes abrasives. La pi\u00e8ce avance SANS TOURNER \u00e0 la vitesse d\u00e9sir\u00e9. Quand la barre sort de la machine, la pi\u00e8ce est d\u00e9charg\u00e9 automatiquement sur le coulisseau post\u00e9rieure.<\/p>\n<p><strong>La ligne est \u00e9quip\u00e9 avec:<\/strong><\/p>\n<ul>\n<li><span style=\"font-size: 16px;\">commande temporis\u00e9e avec photocellule pour l\u2019ouvrage des bandes<\/span><\/li>\n<li><span style=\"font-size: 16px;\">groupe motoris\u00e9 pour les rouleaux extraction<\/span><\/li>\n<li><span style=\"font-size: 16px;\">variateur \u00e9lectronique de vitesse des bandes abrasives<\/span><\/li>\n<li><span style=\"font-size: 16px;\">cylindre pneumatique connect\u00e9 \u00e0 la photocellule pour ouvrir les rouleaux d\u2019introduction<\/span><\/li>\n<li><span style=\"font-size: 16px;\">groupe de lubrification automatique centralis\u00e9<\/span><\/li>\n<li><span style=\"font-size: 16px;\">chargeur pour barres longueur max. 6000 mm.<\/span><\/li>\n<li><span style=\"font-size: 16px;\">d\u00e9chargeur pour barres longueur 6000 mm.<\/span><\/li>\n<\/ul>\n","protected":false},"featured_media":11798,"comment_status":"closed","ping_status":"closed","template":"","meta":{"_acf_changed":false},"product_brand":[],"product_cat":[210,204],"product_tag":[],"class_list":{"0":"post-11795","1":"product","2":"type-product","3":"status-publish","4":"has-post-thumbnail","6":"product_cat-emeriser-et-satiner-tubes","7":"product_cat-machines-metal","8":"pa_applicazioni-tubes-droits","10":"first","11":"instock","12":"shipping-taxable","13":"product-type-simple"},"acf":[],"_links":{"self":[{"href":"https:\/\/www.sibo.it\/fr\/wp-json\/wp\/v2\/product\/11795","targetHints":{"allow":["GET"]}}],"collection":[{"href":"https:\/\/www.sibo.it\/fr\/wp-json\/wp\/v2\/product"}],"about":[{"href":"https:\/\/www.sibo.it\/fr\/wp-json\/wp\/v2\/types\/product"}],"replies":[{"embeddable":true,"href":"https:\/\/www.sibo.it\/fr\/wp-json\/wp\/v2\/comments?post=11795"}],"version-history":[{"count":6,"href":"https:\/\/www.sibo.it\/fr\/wp-json\/wp\/v2\/product\/11795\/revisions"}],"predecessor-version":[{"id":16747,"href":"https:\/\/www.sibo.it\/fr\/wp-json\/wp\/v2\/product\/11795\/revisions\/16747"}],"wp:featuredmedia":[{"embeddable":true,"href":"https:\/\/www.sibo.it\/fr\/wp-json\/wp\/v2\/media\/11798"}],"wp:attachment":[{"href":"https:\/\/www.sibo.it\/fr\/wp-json\/wp\/v2\/media?parent=11795"}],"wp:term":[{"taxonomy":"product_brand","embeddable":true,"href":"https:\/\/www.sibo.it\/fr\/wp-json\/wp\/v2\/product_brand?post=11795"},{"taxonomy":"product_cat","embeddable":true,"href":"https:\/\/www.sibo.it\/fr\/wp-json\/wp\/v2\/product_cat?post=11795"},{"taxonomy":"product_tag","embeddable":true,"href":"https:\/\/www.sibo.it\/fr\/wp-json\/wp\/v2\/product_tag?post=11795"}],"curies":[{"name":"wp","href":"https:\/\/api.w.org\/{rel}","templated":true}]}}