{"id":11633,"date":"2023-08-25T09:10:17","date_gmt":"2023-08-25T08:10:17","guid":{"rendered":"https:\/\/www.sibo.it\/?post_type=product&#038;p=11633"},"modified":"2024-02-16T18:30:33","modified_gmt":"2024-02-16T17:30:33","slug":"2lu-30","status":"publish","type":"product","link":"https:\/\/www.sibo.it\/fr\/produit\/2lu-30\/","title":{"rendered":"2LU\/30"},"content":{"rendered":"\t\t<div data-elementor-type=\"product-post\" data-elementor-id=\"11633\" class=\"elementor elementor-11633 elementor-11629\" data-elementor-post-type=\"product\">\n\t\t\t\t<div class=\"elementor-element elementor-element-cf1f3ba e-con-full e-flex e-con e-parent\" data-id=\"cf1f3ba\" data-element_type=\"container\" data-e-type=\"container\">\r\n\t\t<div class=\"elementor-element elementor-element-6d430be e-con-full e-flex e-con e-child\" data-id=\"6d430be\" data-element_type=\"container\" data-e-type=\"container\">\r\n\t\t\t\t<div class=\"elementor-element elementor-element-ddd2f7f elementor-widget elementor-widget-text-editor\" data-id=\"ddd2f7f\" data-element_type=\"widget\" data-e-type=\"widget\" data-widget_type=\"text-editor.default\">\n\t\t\t\t<div class=\"elementor-widget-container\">\n\t\t\t\t\t\t\t\t\t<table border=\"0\" cellspacing=\"0\" cellpadding=\"0\">\n<tbody>\n<tr>\n<td>diam\u00e8tre min.<\/td>\n<td><strong>5 mm.<\/strong><\/td>\n<\/tr>\n<tr>\n<td>diam\u00e8tre max.<\/td>\n<td><strong>30 mm.<\/strong><\/td>\n<\/tr>\n<tr>\n<td>rayon min. de courbure pour pi\u00e8ces avec \u00d8 max 30<\/td>\n<td><strong>100 mm.<\/strong><\/td>\n<\/tr>\n<tr>\n<td>d\u00e9veloppement bande abrasive<\/td>\n<td><strong>500&#215;30\/50 mm.<\/strong><\/td>\n<\/tr>\n<tr>\n<td>poids net<\/td>\n<td><strong> 140 kg.<\/strong><\/td>\n<\/tr>\n<\/tbody>\n<\/table>\n<p style=\"text-align: left;\">\n\t\t\t\t\t\t\t\t<\/div>\n\t\t\t\t<\/div>\n\t\t\t\t<\/div>\n\t\t<div class=\"elementor-element elementor-element-8616444 e-con-full e-flex e-con e-child\" data-id=\"8616444\" data-element_type=\"container\" data-e-type=\"container\">\r\n\t\t\t\t<div class=\"elementor-element elementor-element-e1de2a1 elementor-widget elementor-widget-text-editor\" data-id=\"e1de2a1\" data-element_type=\"widget\" data-e-type=\"widget\" data-widget_type=\"text-editor.default\">\n\t\t\t\t<div class=\"elementor-widget-container\">\n\t\t\t\t\t\t\t\t\t<p><b>AUCUNES PRODUITS R\u00c9ALISABLES<\/b><\/p>\n<p><img decoding=\"async\" class=\"alignnone size-medium wp-image-11619\" src=\"https:\/\/www.sibo.it\/wp-content\/uploads\/2023\/08\/2LU45-CAMP-300x150.jpg\" alt=\"\" width=\"300\" height=\"150\"><\/p>\n\t\t\t\t\t\t\t\t<\/div>\n\t\t\t\t<\/div>\n\t\t\t\t<div class=\"elementor-element elementor-element-5c4e076 elementor-widget elementor-widget-text-editor\" data-id=\"5c4e076\" data-element_type=\"widget\" data-e-type=\"widget\" data-widget_type=\"text-editor.default\">\n\t\t\t\t<div class=\"elementor-widget-container\">\n\t\t\t\t\t\t\t\t\t<p><b>\u00c9QUIPEMENT SUPPL\u00c9MENTAIRE<\/b><\/p>\n<p><img fetchpriority=\"high\" decoding=\"async\" class=\"alignnone size-medium wp-image-11647\" src=\"https:\/\/www.sibo.it\/wp-content\/uploads\/2023\/08\/2lu30-equipment2-300x300.jpg\" alt=\"\" width=\"300\" height=\"300\"><\/p>\n\t\t\t\t\t\t\t\t<\/div>\n\t\t\t\t<\/div>\n\t\t\t\t<\/div>\n\t\t\t\t<\/div>\n\t\t\t\t<\/div>\n\t\t","protected":false},"excerpt":{"rendered":"<p><strong>MACHINE D&rsquo;EMERISAGE ORBITALE MOD\u00c8LE \u00ab\u00a02LU\/30\u00a0\u00bb<\/strong><br \/>\nCette machine est surtout apte \u00e0 emeriser et satiner des tubes tr\u00e8s courb\u00e9es ou droites avec section cylindrique et ovale en laiton, acier, etc. La caract\u00e9ristique principale de la machine est que la pi\u00e8ce \u00e0 poncer avance automatiquement sans tourner.<\/p>\n<p><strong>La machine peut \u00eatre \u00e9quip\u00e9 avec:<\/strong><\/p>\n<ul>\n<li><span style=\"font-size: 16px;\">variateur \u00e9lectronique de vitesse des bandes abrasives<\/span><\/li>\n<li><span style=\"font-size: 16px;\">pince de serrage \u00e0 centrage automatique pour le serrage de pi\u00e8ces courtes<\/span><\/li>\n<li><span style=\"font-size: 16px;\">moteur-frein pour le volant<\/span><\/li>\n<\/ul>\n","protected":false},"featured_media":11636,"comment_status":"closed","ping_status":"closed","template":"","meta":{"_acf_changed":false},"product_brand":[],"product_cat":[210,204],"product_tag":[],"class_list":{"0":"post-11633","1":"product","2":"type-product","3":"status-publish","4":"has-post-thumbnail","6":"product_cat-emeriser-et-satiner-tubes","7":"product_cat-machines-metal","8":"pa_applicazioni-tubes-courbes","10":"first","11":"instock","12":"shipping-taxable","13":"product-type-simple"},"acf":[],"_links":{"self":[{"href":"https:\/\/www.sibo.it\/fr\/wp-json\/wp\/v2\/product\/11633","targetHints":{"allow":["GET"]}}],"collection":[{"href":"https:\/\/www.sibo.it\/fr\/wp-json\/wp\/v2\/product"}],"about":[{"href":"https:\/\/www.sibo.it\/fr\/wp-json\/wp\/v2\/types\/product"}],"replies":[{"embeddable":true,"href":"https:\/\/www.sibo.it\/fr\/wp-json\/wp\/v2\/comments?post=11633"}],"version-history":[{"count":6,"href":"https:\/\/www.sibo.it\/fr\/wp-json\/wp\/v2\/product\/11633\/revisions"}],"predecessor-version":[{"id":16770,"href":"https:\/\/www.sibo.it\/fr\/wp-json\/wp\/v2\/product\/11633\/revisions\/16770"}],"wp:featuredmedia":[{"embeddable":true,"href":"https:\/\/www.sibo.it\/fr\/wp-json\/wp\/v2\/media\/11636"}],"wp:attachment":[{"href":"https:\/\/www.sibo.it\/fr\/wp-json\/wp\/v2\/media?parent=11633"}],"wp:term":[{"taxonomy":"product_brand","embeddable":true,"href":"https:\/\/www.sibo.it\/fr\/wp-json\/wp\/v2\/product_brand?post=11633"},{"taxonomy":"product_cat","embeddable":true,"href":"https:\/\/www.sibo.it\/fr\/wp-json\/wp\/v2\/product_cat?post=11633"},{"taxonomy":"product_tag","embeddable":true,"href":"https:\/\/www.sibo.it\/fr\/wp-json\/wp\/v2\/product_tag?post=11633"}],"curies":[{"name":"wp","href":"https:\/\/api.w.org\/{rel}","templated":true}]}}