{"id":11391,"date":"2023-08-09T12:53:48","date_gmt":"2023-08-09T11:53:48","guid":{"rendered":"https:\/\/www.sibo.it\/prodotto\/fbi-2c2t-4x1cnc\/"},"modified":"2024-01-23T15:38:48","modified_gmt":"2024-01-23T14:38:48","slug":"fbi-2c2t-4x1cnc","status":"publish","type":"product","link":"https:\/\/www.sibo.it\/fr\/produit\/fbi-2c2t-4x1cnc\/","title":{"rendered":"FBI\/2C2T\/4X1cnc"},"content":{"rendered":"\t\t<div data-elementor-type=\"product-post\" data-elementor-id=\"11391\" class=\"elementor elementor-11391 elementor-10410\" data-elementor-post-type=\"product\">\n\t\t\t\t<div class=\"elementor-element elementor-element-cf1f3ba e-con-full e-flex e-con e-parent\" data-id=\"cf1f3ba\" data-element_type=\"container\" data-e-type=\"container\">\r\n\t\t<div class=\"elementor-element elementor-element-6d430be e-con-full e-flex e-con e-parent\" data-id=\"6d430be\" data-element_type=\"container\" data-e-type=\"container\">\r\n\t\t\t\t<div class=\"elementor-element elementor-element-ddd2f7f elementor-widget elementor-widget-text-editor\" data-id=\"ddd2f7f\" data-element_type=\"widget\" data-e-type=\"widget\" data-widget_type=\"text-editor.default\">\n\t\t\t\t<div class=\"elementor-widget-container\">\n\t\t\t\t\t\t\t\t\t<table border=\"0\" cellspacing=\"0\" cellpadding=\"0\">\n<tbody>\n<tr>\n<td>longueur max.<\/td>\n<td><strong>400 mm.<\/strong><\/td>\n<\/tr>\n<tr>\n<td>largeur max.<\/td>\n<td><strong>100 mm.<\/strong><\/td>\n<\/tr>\n<tr>\n<td>\u00e9paisseur max.<\/td>\n<td><strong>25 mm.<\/strong><\/td>\n<\/tr>\n<tr>\n<td>rotation des outils<\/td>\n<td><strong>20000\u00f724000 RPM<\/strong><\/td>\n<\/tr>\n<tr>\n<td colspan=\"2\">chargement d\u00e9chargement des pi\u00e8ces automatique<\/td>\n<\/tr>\n<\/tbody>\n<\/table>\n<p style=\"text-align: left;\"><b>\u00c9QUIPEMENT SUPPL\u00c9MENTAIRE<\/b><\/p>\n<p style=\"text-align: left;\">\n\t\t\t\t\t\t\t\t<\/div>\n\t\t\t\t<\/div>\n\t\t\t\t<\/div>\n\t\t<div class=\"elementor-element elementor-element-8616444 e-con-full e-flex e-con e-parent\" data-id=\"8616444\" data-element_type=\"container\" data-e-type=\"container\">\r\n\t\t\t\t<div class=\"elementor-element elementor-element-e1de2a1 elementor-widget elementor-widget-text-editor\" data-id=\"e1de2a1\" data-element_type=\"widget\" data-e-type=\"widget\" data-widget_type=\"text-editor.default\">\n\t\t\t\t<div class=\"elementor-widget-container\">\n\t\t\t\t\t\t\t\t\t<p><b>AUCUNES PRODUITS R\u00c9ALISABLES<\/b><\/p>\n<p><img decoding=\"async\" class=\"alignnone size-medium wp-image-8314\" src=\"https:\/\/www.sibo.it\/wp-content\/uploads\/2023\/03\/Spazzole-FBI-4x1-1-300x150.jpg\" alt=\"\" width=\"300\" height=\"150\"><\/p>\n\t\t\t\t\t\t\t\t<\/div>\n\t\t\t\t<\/div>\n\t\t\t\t<\/div>\n\t\t\t\t<\/div>\n\t\t\t\t<\/div>\n\t\t","protected":false},"excerpt":{"rendered":"<p><strong>FRAISEUSE AUTOMATIQUE AVEC 2 T\u00caTES MOD\u00c8LE \u00ab\u00a0FBI\/2C2T\/4X1CNC\u00a0\u00bb<\/strong><\/p>\n<p>La fraiseuse \u00e0 commande num\u00e9rique est adapt\u00e9e pour r\u00e9aliser les profils externes des brosses en bois. La machine a deux positions de travail qui permettent de fraiser deux profils en m\u00eame temps. Il est \u00e9galement possible de fraiser des manches de couteaux, des manches de scies \u00e0 m\u00e9taux et des pinceaux.<br \/>\nDescription:<br \/>\nLes pi\u00e8ces brutes sont plac\u00e9es manuellement dans le chargeur qui charge 1 pi\u00e8ce \u00e0 la fois sur la table de travail. La pi\u00e8ce est automatiquement bloqu\u00e9e sur une c\u00f4t\u00e9, le chargeur revient \u00e0 la position de d\u00e9part et la fraise mont\u00e9e sur 2 glissi\u00e8res \u00e0 commande num\u00e9rique usine une moiti\u00e9 du profil. A la fin de cette op\u00e9ration les pi\u00e8ces sont bloqu\u00e9e sur le c\u00f4t\u00e9 oppos\u00e9 et les fraises travaillent l&rsquo;autre moiti\u00e9 du profil. \u00c0 la fin du cycle, les pi\u00e8ces sont automatiquement d\u00e9charg\u00e9es, tandis que les chargeurs portent les autres nouvelles en position de travail.<\/p>\n","protected":false},"featured_media":8310,"comment_status":"closed","ping_status":"closed","template":"","meta":{"_acf_changed":false},"product_brand":[],"product_cat":[196,134],"product_tag":[],"class_list":{"0":"post-11391","1":"product","2":"type-product","3":"status-publish","4":"has-post-thumbnail","6":"product_cat-cnc-fraiseuses","7":"product_cat-machines-a-bois","8":"pa_applicazioni-balais-et-brosses","10":"first","11":"instock","12":"shipping-taxable","13":"product-type-simple"},"acf":[],"_links":{"self":[{"href":"https:\/\/www.sibo.it\/fr\/wp-json\/wp\/v2\/product\/11391","targetHints":{"allow":["GET"]}}],"collection":[{"href":"https:\/\/www.sibo.it\/fr\/wp-json\/wp\/v2\/product"}],"about":[{"href":"https:\/\/www.sibo.it\/fr\/wp-json\/wp\/v2\/types\/product"}],"replies":[{"embeddable":true,"href":"https:\/\/www.sibo.it\/fr\/wp-json\/wp\/v2\/comments?post=11391"}],"version-history":[{"count":5,"href":"https:\/\/www.sibo.it\/fr\/wp-json\/wp\/v2\/product\/11391\/revisions"}],"predecessor-version":[{"id":14252,"href":"https:\/\/www.sibo.it\/fr\/wp-json\/wp\/v2\/product\/11391\/revisions\/14252"}],"wp:featuredmedia":[{"embeddable":true,"href":"https:\/\/www.sibo.it\/fr\/wp-json\/wp\/v2\/media\/8310"}],"wp:attachment":[{"href":"https:\/\/www.sibo.it\/fr\/wp-json\/wp\/v2\/media?parent=11391"}],"wp:term":[{"taxonomy":"product_brand","embeddable":true,"href":"https:\/\/www.sibo.it\/fr\/wp-json\/wp\/v2\/product_brand?post=11391"},{"taxonomy":"product_cat","embeddable":true,"href":"https:\/\/www.sibo.it\/fr\/wp-json\/wp\/v2\/product_cat?post=11391"},{"taxonomy":"product_tag","embeddable":true,"href":"https:\/\/www.sibo.it\/fr\/wp-json\/wp\/v2\/product_tag?post=11391"}],"curies":[{"name":"wp","href":"https:\/\/api.w.org\/{rel}","templated":true}]}}