{"id":11373,"date":"2023-08-09T13:16:09","date_gmt":"2023-08-09T12:16:09","guid":{"rendered":"https:\/\/www.sibo.it\/prodotto\/fbi-2c2t-3x1cnc\/"},"modified":"2024-01-23T15:22:10","modified_gmt":"2024-01-23T14:22:10","slug":"fbi-2c2t-3x1cnc","status":"publish","type":"product","link":"https:\/\/www.sibo.it\/fr\/produit\/fbi-2c2t-3x1cnc\/","title":{"rendered":"FBI\/2C2T\/3X1cnc"},"content":{"rendered":"\t\t<div data-elementor-type=\"product-post\" data-elementor-id=\"11373\" class=\"elementor elementor-11373 elementor-10422\" data-elementor-post-type=\"product\">\n\t\t\t\t<div class=\"elementor-element elementor-element-cf1f3ba e-con-full e-flex e-con e-parent\" data-id=\"cf1f3ba\" data-element_type=\"container\" data-e-type=\"container\">\r\n\t\t<div class=\"elementor-element elementor-element-6d430be e-con-full e-flex e-con e-parent\" data-id=\"6d430be\" data-element_type=\"container\" data-e-type=\"container\">\r\n\t\t\t\t<div class=\"elementor-element elementor-element-ddd2f7f elementor-widget elementor-widget-text-editor\" data-id=\"ddd2f7f\" data-element_type=\"widget\" data-e-type=\"widget\" data-widget_type=\"text-editor.default\">\n\t\t\t\t<div class=\"elementor-widget-container\">\n\t\t\t\t\t\t\t\t\t<table border=\"0\" cellspacing=\"0\" cellpadding=\"0\">\n<tbody>\n<tr>\n<td>longueur max.<\/td>\n<td><strong>300 mm.<\/strong><\/td>\n<\/tr>\n<tr>\n<td>largeur max.<\/td>\n<td><strong>100 mm.<\/strong><\/td>\n<\/tr>\n<tr>\n<td>\u00e9paisseur max.<\/td>\n<td><strong>50 mm.<\/strong><\/td>\n<\/tr>\n<tr>\n<td>rotation de l&rsquo;outil<\/td>\n<td><strong>18000\u00f724000 RPM<\/strong><\/td>\n<\/tr>\n<tr>\n<td colspan=\"2\">chargement d\u00e9chargement des pi\u00e8ces automatique<\/td>\n<\/tr>\n<\/tbody>\n<\/table>\n<p style=\"text-align: left;\"><b>\u00c9QUIPEMENT SUPPL\u00c9MENTAIRE<\/b><\/p>\n<p style=\"text-align: left;\">\n\t\t\t\t\t\t\t\t<\/div>\n\t\t\t\t<\/div>\n\t\t\t\t<\/div>\n\t\t<div class=\"elementor-element elementor-element-8616444 e-con-full e-flex e-con e-parent\" data-id=\"8616444\" data-element_type=\"container\" data-e-type=\"container\">\r\n\t\t\t\t<div class=\"elementor-element elementor-element-e1de2a1 elementor-widget elementor-widget-text-editor\" data-id=\"e1de2a1\" data-element_type=\"widget\" data-e-type=\"widget\" data-widget_type=\"text-editor.default\">\n\t\t\t\t<div class=\"elementor-widget-container\">\n\t\t\t\t\t\t\t\t\t<p><b>AUCUNES PRODUITS R\u00c9ALISABLES<\/b><\/p>\n<p><img decoding=\"async\" class=\"alignnone size-medium wp-image-8388\" src=\"https:\/\/www.sibo.it\/wp-content\/uploads\/2023\/03\/Prodotti-realizabili-FBI-300x150.jpg\" alt=\"\" width=\"300\" height=\"150\"><\/p>\n\t\t\t\t\t\t\t\t<\/div>\n\t\t\t\t<\/div>\n\t\t\t\t<\/div>\n\t\t\t\t<\/div>\n\t\t\t\t<\/div>\n\t\t","protected":false},"excerpt":{"rendered":"<p><strong>FRAISEUSE AUTOMATIQUE AVEC 2 T\u00caTES MOD\u00c8LE \u00ab\u00a0FBI\/2C2T\/3X1CNC\u00a0\u00bb<\/strong><\/p>\n<p>Cette fraiseuse \u00e0 commande num\u00e9rique est adapt\u00e9e pour r\u00e9aliser les profils internes et externes des brosses en bois. La machine a deux positions de travail qui permettent de fraiser deux profils en m\u00eame temps. Il est \u00e9galement possible de fraiser des manches de couteaux, des manches de scies \u00e0 m\u00e9taux et des pinceaux.<br \/>\nDescription:<br \/>\nLes pi\u00e8ces \u00e0 travailler sont mises manuellement dans deux chargeurs et chacune de ces chargeurs porte une pi\u00e8ce sur une table de travail. \u00c0 ce moment-ci les pi\u00e8ces sont bloqu\u00e9es, les chargeurs retournent en position de d\u00e9part et les deux outils, mont\u00e9s sur deux glissi\u00e8res pilot\u00e9es par une commande num\u00e9rique, ex\u00e9cutent l\u2019usinage d\u2019une moiti\u00e9 du profil. \u00c0 la fin de cette phase de travail, les pi\u00e8ces sont bloqu\u00e9es en position oppos\u00e9e et les outils ex\u00e9cutent l\u2019usinage de l\u2019autre moiti\u00e9 du profil. \u00c0 la fin du cycle, les pi\u00e8ces sont automatiquement d\u00e9charg\u00e9es, tandis que les chargeurs portent les autres nouvelles en position de travail. La machine est equipp\u00e9e avec l&rsquo;axe \u00ab\u00a0Z\u00a0\u00bb, qui permette de usiner les profiles internes.<\/p>\n","protected":false},"featured_media":8396,"comment_status":"closed","ping_status":"closed","template":"","meta":{"_acf_changed":false},"product_brand":[],"product_cat":[196,134],"product_tag":[],"class_list":{"0":"post-11373","1":"product","2":"type-product","3":"status-publish","4":"has-post-thumbnail","6":"product_cat-cnc-fraiseuses","7":"product_cat-machines-a-bois","8":"pa_applicazioni-balais-et-brosses","9":"pa_applicazioni-manches-de-couteau","11":"first","12":"instock","13":"shipping-taxable","14":"product-type-simple"},"acf":[],"_links":{"self":[{"href":"https:\/\/www.sibo.it\/fr\/wp-json\/wp\/v2\/product\/11373","targetHints":{"allow":["GET"]}}],"collection":[{"href":"https:\/\/www.sibo.it\/fr\/wp-json\/wp\/v2\/product"}],"about":[{"href":"https:\/\/www.sibo.it\/fr\/wp-json\/wp\/v2\/types\/product"}],"replies":[{"embeddable":true,"href":"https:\/\/www.sibo.it\/fr\/wp-json\/wp\/v2\/comments?post=11373"}],"version-history":[{"count":3,"href":"https:\/\/www.sibo.it\/fr\/wp-json\/wp\/v2\/product\/11373\/revisions"}],"predecessor-version":[{"id":14234,"href":"https:\/\/www.sibo.it\/fr\/wp-json\/wp\/v2\/product\/11373\/revisions\/14234"}],"wp:featuredmedia":[{"embeddable":true,"href":"https:\/\/www.sibo.it\/fr\/wp-json\/wp\/v2\/media\/8396"}],"wp:attachment":[{"href":"https:\/\/www.sibo.it\/fr\/wp-json\/wp\/v2\/media?parent=11373"}],"wp:term":[{"taxonomy":"product_brand","embeddable":true,"href":"https:\/\/www.sibo.it\/fr\/wp-json\/wp\/v2\/product_brand?post=11373"},{"taxonomy":"product_cat","embeddable":true,"href":"https:\/\/www.sibo.it\/fr\/wp-json\/wp\/v2\/product_cat?post=11373"},{"taxonomy":"product_tag","embeddable":true,"href":"https:\/\/www.sibo.it\/fr\/wp-json\/wp\/v2\/product_tag?post=11373"}],"curies":[{"name":"wp","href":"https:\/\/api.w.org\/{rel}","templated":true}]}}