{"id":11349,"date":"2023-08-09T14:02:26","date_gmt":"2023-08-09T13:02:26","guid":{"rendered":"https:\/\/www.sibo.it\/prodotto\/fbi-1c1t-2x1cnc\/"},"modified":"2024-01-23T12:02:36","modified_gmt":"2024-01-23T11:02:36","slug":"fbi-1c1t-2x1cnc","status":"publish","type":"product","link":"https:\/\/www.sibo.it\/fr\/produit\/fbi-1c1t-2x1cnc\/","title":{"rendered":"FBI\/1C1T\/2X1cnc"},"content":{"rendered":"\t\t<div data-elementor-type=\"product-post\" data-elementor-id=\"11349\" class=\"elementor elementor-11349 elementor-10439\" data-elementor-post-type=\"product\">\n\t\t\t\t<div class=\"elementor-element elementor-element-cf1f3ba e-con-full e-flex e-con e-parent\" data-id=\"cf1f3ba\" data-element_type=\"container\" data-e-type=\"container\">\r\n\t\t<div class=\"elementor-element elementor-element-6d430be e-con-full e-flex e-con e-parent\" data-id=\"6d430be\" data-element_type=\"container\" data-e-type=\"container\">\r\n\t\t\t\t<div class=\"elementor-element elementor-element-ddd2f7f elementor-widget elementor-widget-text-editor\" data-id=\"ddd2f7f\" data-element_type=\"widget\" data-e-type=\"widget\" data-widget_type=\"text-editor.default\">\n\t\t\t\t<div class=\"elementor-widget-container\">\n\t\t\t\t\t\t\t\t\t<table border=\"0\" cellspacing=\"0\" cellpadding=\"0\">\n<tbody>\n<tr>\n<td>longueur max. de travail<\/td>\n<td><strong>200 mm. <\/strong><\/td>\n<\/tr>\n<tr>\n<td>largeur max.<\/td>\n<td><strong>100 mm. <\/strong><\/td>\n<\/tr>\n<tr>\n<td>\u00e9paisseur max.<\/td>\n<td><strong>25 mm. <\/strong><\/td>\n<\/tr>\n<tr>\n<td>rotation de l&rsquo;outil<\/td>\n<td><strong>18000\u00f724000 RPM<\/strong><\/td>\n<\/tr>\n<tr>\n<td>production <\/td>\n<td><strong>2\u00f74 pcs.\/min.<\/strong><\/td>\n<\/tr>\n<tr>\n<td colspan=\"2\">chargement d\u00e9chargement des pi\u00e8ces automatique<\/td>\n<\/tr>\n<\/tbody>\n<\/table>\n<p style=\"text-align: left;\"><b>\u00c9QUIPEMENT SUPPL\u00c9MENTAIRE<\/b><\/p>\n<p style=\"text-align: left;\">\n\t\t\t\t\t\t\t\t<\/div>\n\t\t\t\t<\/div>\n\t\t\t\t<\/div>\n\t\t<div class=\"elementor-element elementor-element-8616444 e-con-full e-flex e-con e-parent\" data-id=\"8616444\" data-element_type=\"container\" data-e-type=\"container\">\r\n\t\t\t\t<div class=\"elementor-element elementor-element-e1de2a1 elementor-widget elementor-widget-text-editor\" data-id=\"e1de2a1\" data-element_type=\"widget\" data-e-type=\"widget\" data-widget_type=\"text-editor.default\">\n\t\t\t\t<div class=\"elementor-widget-container\">\n\t\t\t\t\t\t\t\t\t<p><b>AUCUNES PRODUITS R\u00c9ALISABLES<\/b><\/p>\n<p><img decoding=\"async\" class=\"alignnone size-medium wp-image-10441\" src=\"https:\/\/www.sibo.it\/wp-content\/uploads\/2023\/08\/FMRC-300x150.jpg\" alt=\"\" width=\"300\" height=\"150\"><\/p>\n\t\t\t\t\t\t\t\t<\/div>\n\t\t\t\t<\/div>\n\t\t\t\t<\/div>\n\t\t\t\t<\/div>\n\t\t\t\t<\/div>\n\t\t","protected":false},"excerpt":{"rendered":"<p><strong>FRAISEUSE AUTOMATIQUE AVEC 1 T\u00caTE MOD\u00c8LE \u00ab\u00a0FBI\/1C1T\/2X1CNC\u00a0\u00bb<\/strong><\/p>\n<p>Cette fraiseuse automatique est adapt\u00e9e \u00e0 moudre le profil des poign\u00e9es de couteau et les forer.<br \/>\nDescription:<br \/>\nLes pi\u00e8ces \u00e0 travailler sont mises manuellement dans deux chargeurs et chacune de ces chargeurs porte une pi\u00e8ce sur une table de travail. \u00c0 ce moment-ci les pi\u00e8ces sont bloqu\u00e9es, les chargeurs retournent en position de d\u00e9part et les deux outils, mont\u00e9s sur deux glissi\u00e8res pilot\u00e9es par une commande num\u00e9rique, ex\u00e9cutent l\u2019usinage d\u2019une moiti\u00e9 du profil. \u00c0 la fin de cette phase de travail, les pi\u00e8ces sont bloqu\u00e9es en position oppos\u00e9e et les outils ex\u00e9cutent l\u2019usinage de l\u2019autre moiti\u00e9 du profil. \u00c0 la fin du cycle, les pi\u00e8ces sont automatiquement d\u00e9charg\u00e9es, tandis que les chargeurs portent les autres nouvelles en position de travail.<\/p>\n","protected":false},"featured_media":8446,"comment_status":"closed","ping_status":"closed","template":"","meta":{"_acf_changed":false},"product_brand":[],"product_cat":[196,134],"product_tag":[],"class_list":{"0":"post-11349","1":"product","2":"type-product","3":"status-publish","4":"has-post-thumbnail","6":"product_cat-cnc-fraiseuses","7":"product_cat-machines-a-bois","8":"pa_applicazioni-manches-de-couteau","10":"first","11":"instock","12":"shipping-taxable","13":"product-type-simple"},"acf":[],"_links":{"self":[{"href":"https:\/\/www.sibo.it\/fr\/wp-json\/wp\/v2\/product\/11349","targetHints":{"allow":["GET"]}}],"collection":[{"href":"https:\/\/www.sibo.it\/fr\/wp-json\/wp\/v2\/product"}],"about":[{"href":"https:\/\/www.sibo.it\/fr\/wp-json\/wp\/v2\/types\/product"}],"replies":[{"embeddable":true,"href":"https:\/\/www.sibo.it\/fr\/wp-json\/wp\/v2\/comments?post=11349"}],"version-history":[{"count":6,"href":"https:\/\/www.sibo.it\/fr\/wp-json\/wp\/v2\/product\/11349\/revisions"}],"predecessor-version":[{"id":15562,"href":"https:\/\/www.sibo.it\/fr\/wp-json\/wp\/v2\/product\/11349\/revisions\/15562"}],"wp:featuredmedia":[{"embeddable":true,"href":"https:\/\/www.sibo.it\/fr\/wp-json\/wp\/v2\/media\/8446"}],"wp:attachment":[{"href":"https:\/\/www.sibo.it\/fr\/wp-json\/wp\/v2\/media?parent=11349"}],"wp:term":[{"taxonomy":"product_brand","embeddable":true,"href":"https:\/\/www.sibo.it\/fr\/wp-json\/wp\/v2\/product_brand?post=11349"},{"taxonomy":"product_cat","embeddable":true,"href":"https:\/\/www.sibo.it\/fr\/wp-json\/wp\/v2\/product_cat?post=11349"},{"taxonomy":"product_tag","embeddable":true,"href":"https:\/\/www.sibo.it\/fr\/wp-json\/wp\/v2\/product_tag?post=11349"}],"curies":[{"name":"wp","href":"https:\/\/api.w.org\/{rel}","templated":true}]}}