{"id":11325,"date":"2023-08-09T12:46:38","date_gmt":"2023-08-09T11:46:38","guid":{"rendered":"https:\/\/www.sibo.it\/prodotto\/fmc-1-cnc\/"},"modified":"2024-01-23T15:51:13","modified_gmt":"2024-01-23T14:51:13","slug":"fmc-1-cnc","status":"publish","type":"product","link":"https:\/\/www.sibo.it\/fr\/produit\/fmc-1-cnc\/","title":{"rendered":"FMC\/1 CNC"},"content":{"rendered":"\t\t<div data-elementor-type=\"product-post\" data-elementor-id=\"11325\" class=\"elementor elementor-11325 elementor-10405\" data-elementor-post-type=\"product\">\n\t\t\t\t<div class=\"elementor-element elementor-element-cf1f3ba e-con-full e-flex e-con e-parent\" data-id=\"cf1f3ba\" data-element_type=\"container\" data-e-type=\"container\">\r\n\t\t<div class=\"elementor-element elementor-element-6d430be e-con-full e-flex e-con e-child\" data-id=\"6d430be\" data-element_type=\"container\" data-e-type=\"container\">\r\n\t\t\t\t<div class=\"elementor-element elementor-element-ddd2f7f elementor-widget elementor-widget-text-editor\" data-id=\"ddd2f7f\" data-element_type=\"widget\" data-e-type=\"widget\" data-widget_type=\"text-editor.default\">\n\t\t\t\t<div class=\"elementor-widget-container\">\n\t\t\t\t\t\t\t\t\t<table border=\"0\" cellspacing=\"0\" cellpadding=\"0\">\n<tbody>\n<tr>\n<td>longueur max. des pi\u00e8ces<\/td>\n<td><strong>200&nbsp;mm.<\/strong><\/td>\n<\/tr>\n<tr>\n<td>largeur max.<\/td>\n<td><strong>&nbsp;50 mm.<\/strong><\/td>\n<\/tr>\n<tr>\n<td>\u00e9paisseur max.<\/td>\n<td><strong>20 mm.<\/strong><\/td>\n<\/tr>\n<tr>\n<td>diam\u00e8tre max. de l\u2019outil<\/td>\n<td><strong>80&nbsp;mm.<\/strong><\/td>\n<\/tr>\n<tr>\n<td>rotation de l\u2019outil<\/td>\n<td><strong>&nbsp;15000\u00f718000 RPM<\/strong><\/td>\n<\/tr>\n<tr>\n<td>pi\u00e8ces travaill\u00e9 dans le m\u00eame temps<\/td>\n<td><strong>1<\/strong><\/td>\n<\/tr>\n<tr>\n<td>production pour les pi\u00e8ces&nbsp;<br>L=100 mm.<\/td>\n<td><strong>6 pcs.\/min.<\/strong><\/td>\n<\/tr>\n<\/tbody>\n<\/table>\n<p style=\"text-align: left;\"><br><\/p>\n<p style=\"text-align: left;\">\n<\/p>\t\t\t\t\t\t\t\t<\/div>\n\t\t\t\t<\/div>\n\t\t\t\t<\/div>\n\t\t<div class=\"elementor-element elementor-element-8616444 e-con-full e-flex e-con e-child\" data-id=\"8616444\" data-element_type=\"container\" data-e-type=\"container\">\r\n\t\t\t\t<div class=\"elementor-element elementor-element-e1de2a1 elementor-widget elementor-widget-text-editor\" data-id=\"e1de2a1\" data-element_type=\"widget\" data-e-type=\"widget\" data-widget_type=\"text-editor.default\">\n\t\t\t\t<div class=\"elementor-widget-container\">\n\t\t\t\t\t\t\t\t\t<p><b> AUCUNES PRODUITS R\u00c9ALISABLES<\/b><\/p>\n<p><img decoding=\"async\" class=\"alignnone size-medium wp-image-8235\" src=\"https:\/\/www.sibo.it\/wp-content\/uploads\/2023\/03\/Campioni-FMC-1-CNC-300x150.jpg\" alt=\"\" width=\"300\" height=\"150\"><\/p>\n\t\t\t\t\t\t\t\t<\/div>\n\t\t\t\t<\/div>\n\t\t\t\t<\/div>\n\t\t\t\t<\/div>\n\t\t\t\t<\/div>\n\t\t","protected":false},"excerpt":{"rendered":"<p><strong>FRAISEUSE POUR MANCHES DES CUTEAUX MOD\u00c8LE \u00ab\u00a0FMC\/1 CNC\u00a0\u00bb<\/strong><\/p>\n<p>Cette fraiseuse \u00e0 commande num\u00e9rique est apt\u00e9e pour la production des pi\u00e8ces usin\u00e9es sur 3 cot\u00e9s comme manches des couteaux, pinceaux etc. La machine a 2 positions de travail, chaque position a un chargeurs, un blocages et une unit\u00e9 d\u2019usinage. Le cycle de travail est: pendant que la 1\u00e8re pi\u00e8ce est charg\u00e9e dans la premi\u00e8re position, la 2\u00e8me pi\u00e8ce est travaill\u00e9e dans la deuxi\u00e8me position, donc il n&rsquo;y a pas de temps d&rsquo;arr\u00eat.<\/p>\n","protected":false},"featured_media":8231,"comment_status":"closed","ping_status":"closed","template":"","meta":{"_acf_changed":false},"product_brand":[],"product_cat":[196,134],"product_tag":[],"class_list":{"0":"post-11325","1":"product","2":"type-product","3":"status-publish","4":"has-post-thumbnail","6":"product_cat-cnc-fraiseuses","7":"product_cat-machines-a-bois","8":"pa_applicazioni-manches-de-couteau","10":"first","11":"instock","12":"shipping-taxable","13":"product-type-simple"},"acf":[],"_links":{"self":[{"href":"https:\/\/www.sibo.it\/fr\/wp-json\/wp\/v2\/product\/11325","targetHints":{"allow":["GET"]}}],"collection":[{"href":"https:\/\/www.sibo.it\/fr\/wp-json\/wp\/v2\/product"}],"about":[{"href":"https:\/\/www.sibo.it\/fr\/wp-json\/wp\/v2\/types\/product"}],"replies":[{"embeddable":true,"href":"https:\/\/www.sibo.it\/fr\/wp-json\/wp\/v2\/comments?post=11325"}],"version-history":[{"count":5,"href":"https:\/\/www.sibo.it\/fr\/wp-json\/wp\/v2\/product\/11325\/revisions"}],"predecessor-version":[{"id":15625,"href":"https:\/\/www.sibo.it\/fr\/wp-json\/wp\/v2\/product\/11325\/revisions\/15625"}],"wp:featuredmedia":[{"embeddable":true,"href":"https:\/\/www.sibo.it\/fr\/wp-json\/wp\/v2\/media\/8231"}],"wp:attachment":[{"href":"https:\/\/www.sibo.it\/fr\/wp-json\/wp\/v2\/media?parent=11325"}],"wp:term":[{"taxonomy":"product_brand","embeddable":true,"href":"https:\/\/www.sibo.it\/fr\/wp-json\/wp\/v2\/product_brand?post=11325"},{"taxonomy":"product_cat","embeddable":true,"href":"https:\/\/www.sibo.it\/fr\/wp-json\/wp\/v2\/product_cat?post=11325"},{"taxonomy":"product_tag","embeddable":true,"href":"https:\/\/www.sibo.it\/fr\/wp-json\/wp\/v2\/product_tag?post=11325"}],"curies":[{"name":"wp","href":"https:\/\/api.w.org\/{rel}","templated":true}]}}