{"id":11319,"date":"2023-08-09T14:10:05","date_gmt":"2023-08-09T13:10:05","guid":{"rendered":"https:\/\/www.sibo.it\/prodotto\/fmc-cnc\/"},"modified":"2024-01-23T12:01:35","modified_gmt":"2024-01-23T11:01:35","slug":"fmc-cnc","status":"publish","type":"product","link":"https:\/\/www.sibo.it\/fr\/produit\/fmc-cnc\/","title":{"rendered":"FMC\/CNC"},"content":{"rendered":"\t\t<div data-elementor-type=\"product-post\" data-elementor-id=\"11319\" class=\"elementor elementor-11319 elementor-10450\" data-elementor-post-type=\"product\">\n\t\t\t\t<div class=\"elementor-element elementor-element-cf1f3ba e-con-full e-flex e-con e-parent\" data-id=\"cf1f3ba\" data-element_type=\"container\" data-e-type=\"container\">\r\n\t\t<div class=\"elementor-element elementor-element-6d430be e-con-full e-flex e-con e-parent\" data-id=\"6d430be\" data-element_type=\"container\" data-e-type=\"container\">\r\n\t\t\t\t<div class=\"elementor-element elementor-element-ddd2f7f elementor-widget elementor-widget-text-editor\" data-id=\"ddd2f7f\" data-element_type=\"widget\" data-e-type=\"widget\" data-widget_type=\"text-editor.default\">\n\t\t\t\t<div class=\"elementor-widget-container\">\n\t\t\t\t\t\t\t\t\t<table border=\"0\" cellspacing=\"0\" cellpadding=\"0\">\n<tbody>\n<tr>\n<td>longueur max.<\/td>\n<td><strong>200 mm.<\/strong><\/td>\n<\/tr>\n<tr>\n<td>largeur max.<\/td>\n<td><strong> 50 mm.<\/strong><\/td>\n<\/tr>\n<tr>\n<td>hauteur max.<\/td>\n<td><strong>20 mm.<\/strong><\/td>\n<\/tr>\n<tr>\n<td>diam\u00e8tre max. de l\u2019outil<\/td>\n<td><strong>80 mm.<\/strong><\/td>\n<\/tr>\n<tr>\n<td>rotation de l\u2019outil<\/td>\n<td><strong>15000\u00f718000 RPM<\/strong><\/td>\n<\/tr>\n<tr>\n<td>pi\u00e8ces travaill\u00e9 dans le m\u00eame temps<\/td>\n<td><strong>2<\/strong><\/td>\n<\/tr>\n<tr>\n<td>production pi\u00e8ces <br \/>L=100 mm<\/td>\n<td><strong>10 pcs.\/min<\/strong><\/td>\n<\/tr>\n<\/tbody>\n<\/table>\n<p style=\"text-align: left;\"><b>\u00c9QUIPEMENT SUPPL\u00c9MENTAIRE<\/b><\/p>\n<p style=\"text-align: left;\">\n\t\t\t\t\t\t\t\t<\/div>\n\t\t\t\t<\/div>\n\t\t\t\t<\/div>\n\t\t<div class=\"elementor-element elementor-element-8616444 e-con-full e-flex e-con e-parent\" data-id=\"8616444\" data-element_type=\"container\" data-e-type=\"container\">\r\n\t\t\t\t<div class=\"elementor-element elementor-element-e1de2a1 elementor-widget elementor-widget-text-editor\" data-id=\"e1de2a1\" data-element_type=\"widget\" data-e-type=\"widget\" data-widget_type=\"text-editor.default\">\n\t\t\t\t<div class=\"elementor-widget-container\">\n\t\t\t\t\t\t\t\t\t<p><b>AUCUNES PRODUITS R\u00c9ALISABLES<\/b><\/p>\n<p><img decoding=\"async\" class=\"alignnone size-medium wp-image-8235\" src=\"https:\/\/www.sibo.it\/wp-content\/uploads\/2023\/03\/Campioni-FMC-1-CNC-300x150.jpg\" alt=\"\" width=\"300\" height=\"150\"><\/p>\n\t\t\t\t\t\t\t\t<\/div>\n\t\t\t\t<\/div>\n\t\t\t\t<\/div>\n\t\t\t\t<\/div>\n\t\t\t\t<\/div>\n\t\t","protected":false},"excerpt":{"rendered":"<p><strong>FRAISEUSE POUR MANCHES DES CUTEAUX MOD\u00c8LE \u00ab\u00a0FMC\/CNC\u00a0\u00bb<\/strong><\/p>\n<p>Cette fraiseuse \u00e0 commande num\u00e9rique est apt\u00e9e pour la production des pi\u00e8ces usin\u00e9es sur 3 cot\u00e9s comme manches des couteaux, pinceaux etc. La machine a 2 positions de travail, chaque position a deux chargeurs, deux blocages ind\u00e9pendants et une unit\u00e9 d\u2019usinage \u00e0 2 mandrins (chaque mandrin travaille une pi\u00e8ce). Deux premi\u00e8res pi\u00e8ces sont charg\u00e9es et bloqu\u00e9es dans la premi\u00e8re position de travail et la fraise commence \u00e0 les usiner, maintenent dans la deuxi\u00e8me position autres deux pi\u00e8ces sont charg\u00e9es et bloqu\u00e9es. Lorsque les deux premi\u00e8res pi\u00e8ces ont \u00e9t\u00e9 charg\u00e9es et serr\u00e9es dans la premi\u00e8re station, la fraise commence \u00e0 les usiner et, en m\u00eame temps, deux autres pi\u00e8ces sont charg\u00e9es dans la deuxi\u00e8me station. Lorsque l&rsquo;usinage des deux premi\u00e8res pi\u00e8ces est termin\u00e9, les fraises se d\u00e9placent vers la deuxi\u00e8me station pour usiner celles qui ont \u00e9t\u00e9 charg\u00e9es pr\u00e9c\u00e9demment, tandis que dans la premi\u00e8re station, deux nouvelles \u00e9bauches sont charg\u00e9es, en d\u00e9chargeant celles qui ont \u00e9t\u00e9 finies. Ainci que il n&rsquo;y a pas des temps morts.<br \/>\n<strong>IMPORTANT<\/strong>: les pi\u00e8ces sont fixes et sont les outils que se d\u00e9placent.<\/p>\n","protected":false},"featured_media":8289,"comment_status":"closed","ping_status":"closed","template":"","meta":{"_acf_changed":false},"product_brand":[],"product_cat":[196,134],"product_tag":[],"class_list":{"0":"post-11319","1":"product","2":"type-product","3":"status-publish","4":"has-post-thumbnail","6":"product_cat-cnc-fraiseuses","7":"product_cat-machines-a-bois","8":"pa_applicazioni-manches-de-couteau","10":"first","11":"instock","12":"shipping-taxable","13":"product-type-simple"},"acf":[],"_links":{"self":[{"href":"https:\/\/www.sibo.it\/fr\/wp-json\/wp\/v2\/product\/11319","targetHints":{"allow":["GET"]}}],"collection":[{"href":"https:\/\/www.sibo.it\/fr\/wp-json\/wp\/v2\/product"}],"about":[{"href":"https:\/\/www.sibo.it\/fr\/wp-json\/wp\/v2\/types\/product"}],"replies":[{"embeddable":true,"href":"https:\/\/www.sibo.it\/fr\/wp-json\/wp\/v2\/comments?post=11319"}],"version-history":[{"count":3,"href":"https:\/\/www.sibo.it\/fr\/wp-json\/wp\/v2\/product\/11319\/revisions"}],"predecessor-version":[{"id":14210,"href":"https:\/\/www.sibo.it\/fr\/wp-json\/wp\/v2\/product\/11319\/revisions\/14210"}],"wp:featuredmedia":[{"embeddable":true,"href":"https:\/\/www.sibo.it\/fr\/wp-json\/wp\/v2\/media\/8289"}],"wp:attachment":[{"href":"https:\/\/www.sibo.it\/fr\/wp-json\/wp\/v2\/media?parent=11319"}],"wp:term":[{"taxonomy":"product_brand","embeddable":true,"href":"https:\/\/www.sibo.it\/fr\/wp-json\/wp\/v2\/product_brand?post=11319"},{"taxonomy":"product_cat","embeddable":true,"href":"https:\/\/www.sibo.it\/fr\/wp-json\/wp\/v2\/product_cat?post=11319"},{"taxonomy":"product_tag","embeddable":true,"href":"https:\/\/www.sibo.it\/fr\/wp-json\/wp\/v2\/product_tag?post=11319"}],"curies":[{"name":"wp","href":"https:\/\/api.w.org\/{rel}","templated":true}]}}