{"id":11302,"date":"2023-08-09T14:29:54","date_gmt":"2023-08-09T13:29:54","guid":{"rendered":"https:\/\/www.sibo.it\/prodotto\/revo-2-0\/"},"modified":"2024-01-23T11:46:35","modified_gmt":"2024-01-23T10:46:35","slug":"revo-2-0","status":"publish","type":"product","link":"https:\/\/www.sibo.it\/fr\/produit\/revo-2-0\/","title":{"rendered":"REVO 2.0"},"content":{"rendered":"\t\t<div data-elementor-type=\"product-post\" data-elementor-id=\"11302\" class=\"elementor elementor-11302 elementor-10467\" data-elementor-post-type=\"product\">\n\t\t\t\t<div class=\"elementor-element elementor-element-cf1f3ba e-con-full e-flex e-con e-parent\" data-id=\"cf1f3ba\" data-element_type=\"container\" data-e-type=\"container\">\r\n\t\t<div class=\"elementor-element elementor-element-6d430be e-con-full e-flex e-con e-parent\" data-id=\"6d430be\" data-element_type=\"container\" data-e-type=\"container\">\r\n\t\t\t\t<div class=\"elementor-element elementor-element-ddd2f7f elementor-widget elementor-widget-text-editor\" data-id=\"ddd2f7f\" data-element_type=\"widget\" data-e-type=\"widget\" data-widget_type=\"text-editor.default\">\n\t\t\t\t<div class=\"elementor-widget-container\">\n\t\t\t\t\t\t\t\t\t<table border=\"0\" cellspacing=\"0\" cellpadding=\"0\">\n<tbody>\n<tr>\n<td>longueur max.<\/td>\n<td><strong>150 mm.<\/strong><\/td>\n<\/tr>\n<tr>\n<td>largeur max.<\/td>\n<td><strong>55 mm.<\/strong><\/td>\n<\/tr>\n<tr>\n<td>hauteur max.<\/td>\n<td><strong>55 mm.<\/strong><\/td>\n<\/tr>\n<tr>\n<td>rotation de l\u2019outil<\/td>\n<td><strong>11.000 RPM<\/strong><\/td>\n<\/tr>\n<tr>\n<td>diam\u00e8tre du mandrin<\/td>\n<td><strong>30 mm.<\/strong><\/td>\n<\/tr>\n<tr>\n<td>production variable<\/td>\n<td><strong>240-360 pcs.\/h.<\/strong><\/td>\n<\/tr>\n<\/tbody>\n<\/table>\n<p style=\"text-align: left;\"><b>\u00c9QUIPEMENT SUPPL\u00c9MENTAIRE<\/b><\/p>\n<p style=\"text-align: left;\">\n\t\t\t\t\t\t\t\t<\/div>\n\t\t\t\t<\/div>\n\t\t\t\t<\/div>\n\t\t<div class=\"elementor-element elementor-element-8616444 e-con-full e-flex e-con e-parent\" data-id=\"8616444\" data-element_type=\"container\" data-e-type=\"container\">\r\n\t\t\t\t<div class=\"elementor-element elementor-element-e1de2a1 elementor-widget elementor-widget-text-editor\" data-id=\"e1de2a1\" data-element_type=\"widget\" data-e-type=\"widget\" data-widget_type=\"text-editor.default\">\n\t\t\t\t<div class=\"elementor-widget-container\">\n\t\t\t\t\t\t\t\t\t<p><b>AUCUNES PRODUITS R\u00c9ALISABLES<\/b><\/p>\n<p><img decoding=\"async\" class=\"alignnone size-medium wp-image-8498\" src=\"https:\/\/www.sibo.it\/wp-content\/uploads\/2023\/03\/REVO-CAMP-300x150.jpg\" alt=\"\" width=\"300\" height=\"150\"><\/p>\n\t\t\t\t\t\t\t\t<\/div>\n\t\t\t\t<\/div>\n\t\t\t\t<\/div>\n\t\t\t\t<\/div>\n\t\t\t\t<\/div>\n\t\t","protected":false},"excerpt":{"rendered":"<p><strong>CNC FRAISEUSE \u00c0 13 AXES MOD\u00c8LE \u00ab\u00a0REVO 2.0\u00a0\u00bb<\/strong><\/p>\n<p>CNC Ligne automatique est con\u00e7u pour fraiser les manches des couteaux jusqu&rsquo;\u00e0 5 profils diff\u00e9rents avec section rond, ovale et irr\u00e9guli\u00e8re. Cette ligne est divis\u00e9e en 3 parties: une zone de d\u00e9coupage, une zone de fraisage \u00e0 13 axes (5 lin\u00e9aires et 8 rotatifs) et une zone de finition. L&rsquo;ensemble de la ligne est contr\u00f4l\u00e9e par un ordinateur industriel avec le syst\u00e8me \u00ab\u00a0Linux\u00a0\u00bb, le moniteur tactile 15&Prime;, connexion Internet pour l&rsquo;assistance \u00e0 distance, p\u00e9riph\u00e9rique USB pour charger et d\u00e9charger des fichiers. Le programme permet de charger les profils des manches dans le format DXF, puis toute la gestion de la trajectoire de l&rsquo;outil est cr\u00e9\u00e9 automatiquement par le programme, en fonction des param\u00e8tres saisis, tels que le diam\u00e8tre de la fraise, le nombre de tours de la pi\u00e8ce, la vitesse de rotation de la pi\u00e8ce.<\/p>\n","protected":false},"featured_media":8494,"comment_status":"closed","ping_status":"closed","template":"","meta":{"_acf_changed":false},"product_brand":[],"product_cat":[196,134],"product_tag":[],"class_list":{"0":"post-11302","1":"product","2":"type-product","3":"status-publish","4":"has-post-thumbnail","6":"product_cat-cnc-fraiseuses","7":"product_cat-machines-a-bois","8":"pa_applicazioni-manches-de-couteau","10":"first","11":"instock","12":"shipping-taxable","13":"product-type-simple"},"acf":[],"_links":{"self":[{"href":"https:\/\/www.sibo.it\/fr\/wp-json\/wp\/v2\/product\/11302","targetHints":{"allow":["GET"]}}],"collection":[{"href":"https:\/\/www.sibo.it\/fr\/wp-json\/wp\/v2\/product"}],"about":[{"href":"https:\/\/www.sibo.it\/fr\/wp-json\/wp\/v2\/types\/product"}],"replies":[{"embeddable":true,"href":"https:\/\/www.sibo.it\/fr\/wp-json\/wp\/v2\/comments?post=11302"}],"version-history":[{"count":5,"href":"https:\/\/www.sibo.it\/fr\/wp-json\/wp\/v2\/product\/11302\/revisions"}],"predecessor-version":[{"id":14201,"href":"https:\/\/www.sibo.it\/fr\/wp-json\/wp\/v2\/product\/11302\/revisions\/14201"}],"wp:featuredmedia":[{"embeddable":true,"href":"https:\/\/www.sibo.it\/fr\/wp-json\/wp\/v2\/media\/8494"}],"wp:attachment":[{"href":"https:\/\/www.sibo.it\/fr\/wp-json\/wp\/v2\/media?parent=11302"}],"wp:term":[{"taxonomy":"product_brand","embeddable":true,"href":"https:\/\/www.sibo.it\/fr\/wp-json\/wp\/v2\/product_brand?post=11302"},{"taxonomy":"product_cat","embeddable":true,"href":"https:\/\/www.sibo.it\/fr\/wp-json\/wp\/v2\/product_cat?post=11302"},{"taxonomy":"product_tag","embeddable":true,"href":"https:\/\/www.sibo.it\/fr\/wp-json\/wp\/v2\/product_tag?post=11302"}],"curies":[{"name":"wp","href":"https:\/\/api.w.org\/{rel}","templated":true}]}}