{"id":11283,"date":"2023-08-10T12:36:48","date_gmt":"2023-08-10T11:36:48","guid":{"rendered":"https:\/\/www.sibo.it\/prodotto\/lce-5\/"},"modified":"2024-03-14T10:28:08","modified_gmt":"2024-03-14T09:28:08","slug":"lce-5","status":"publish","type":"product","link":"https:\/\/www.sibo.it\/fr\/produit\/lce-5\/","title":{"rendered":"LCE\/5"},"content":{"rendered":"\t\t<div data-elementor-type=\"product-post\" data-elementor-id=\"11283\" class=\"elementor elementor-11283 elementor-10678\" data-elementor-post-type=\"product\">\n\t\t\t\t<div class=\"elementor-element elementor-element-cf1f3ba e-con-full e-flex e-con e-parent\" data-id=\"cf1f3ba\" data-element_type=\"container\" data-e-type=\"container\">\r\n\t\t<div class=\"elementor-element elementor-element-6d430be e-con-full e-flex e-con e-child\" data-id=\"6d430be\" data-element_type=\"container\" data-e-type=\"container\">\r\n\t\t\t\t<div class=\"elementor-element elementor-element-ddd2f7f elementor-widget elementor-widget-text-editor\" data-id=\"ddd2f7f\" data-element_type=\"widget\" data-e-type=\"widget\" data-widget_type=\"text-editor.default\">\n\t\t\t\t<div class=\"elementor-widget-container\">\n\t\t\t\t\t\t\t\t\t<table border=\"0\" cellspacing=\"0\" cellpadding=\"0\">\n<tbody>\n<tr>\n<td>\n<table border=\"0\" cellspacing=\"0\" cellpadding=\"0\">\n<tbody>\n<tr>\n<td><span style=\"font-size: 16px;\">longueur max. de la pi\u00e8ce<\/span><\/td>\n<td><span style=\"font-size: 16px;\"><strong>400 mm.<\/strong><\/span><\/td>\n<\/tr>\n<tr>l<\/p>\n<td><span style=\"font-size: 16px;\">ongueur max. de travail<\/span><\/td>\n<td><span style=\"font-size: 16px;\"><strong>140 mm.<\/strong><\/span><\/td>\n<\/tr>\n<tr>\n<td><span style=\"font-size: 16px;\">hauteur max. de travail<\/span><\/td>\n<td><span style=\"font-size: 16px;\"><strong>80 mm.<\/strong><\/span><\/td>\n<\/tr>\n<tr>\n<td><span style=\"font-size: 16px;\">largeur max. de travail<\/span><\/td>\n<td><span style=\"font-size: 16px;\"><strong>80 mm.<\/strong><\/span><\/td>\n<\/tr>\n<tr>\n<td><span style=\"font-size: 16px;\">diam\u00e8tre du mandrin<\/span><\/td>\n<td><span style=\"font-size: 16px;\"><strong>25 mm.<\/strong><\/span><\/td>\n<\/tr>\n<tr>\n<td><span style=\"font-size: 16px;\">production variable<\/span><\/td>\n<td><span style=\"font-size: 16px;\"><strong>7\u00f79 pcs.\/min.<\/strong><\/span><\/td>\n<\/tr>\n<\/tbody>\n<\/table>\n<\/td>\n<td> <\/td>\n<\/tr>\n<\/tbody>\n<\/table>\n<p style=\"text-align: left;\">\n\t\t\t\t\t\t\t\t<\/div>\n\t\t\t\t<\/div>\n\t\t\t\t<\/div>\n\t\t<div class=\"elementor-element elementor-element-8616444 e-con-full e-flex e-con e-child\" data-id=\"8616444\" data-element_type=\"container\" data-e-type=\"container\">\r\n\t\t\t\t<div class=\"elementor-element elementor-element-e1de2a1 elementor-widget elementor-widget-text-editor\" data-id=\"e1de2a1\" data-element_type=\"widget\" data-e-type=\"widget\" data-widget_type=\"text-editor.default\">\n\t\t\t\t<div class=\"elementor-widget-container\">\n\t\t\t\t\t\t\t\t\t<p><b> AUCUNES PRODUITS R\u00c9ALISABLES<\/b><\/p>\n<p><img decoding=\"async\" class=\"alignnone size-medium wp-image-9475\" src=\"https:\/\/www.sibo.it\/wp-content\/uploads\/2023\/03\/Simples-LCE-300x150.jpg\" alt=\"\" width=\"300\" height=\"150\"><\/p>\n\t\t\t\t\t\t\t\t<\/div>\n\t\t\t\t<\/div>\n\t\t\t\t<\/div>\n\t\t\t\t<\/div>\n\t\t\t\t<\/div>\n\t\t","protected":false},"excerpt":{"rendered":"<p><strong>TRANSFERT AUTOMATIQUE CNC MOD\u00c8LE \u00ab\u00a0LCE\/5\u00a0\u00bb<\/strong><\/p>\n<p>Transfert rotatif CNC avec 5 positions de travail adapt\u00e9es pour travailler la t\u00eate des cuill\u00e8res et l&rsquo;extr\u00e9mit\u00e9 des manches.<\/p>\n<p>Les pi\u00e8ces \u00e0 usiner sont plac\u00e9es manuellement dans le chargeur, qui charge une pi\u00e8ce \u00e0 la fois sur la table tournante. Dans la premi\u00e8re position de travail la cuill\u00e8re est bloqu\u00e9e, puis la table effectue une rotation emmenant la pi\u00e8ce dans la seconde position de travail o\u00f9 s&rsquo;effectuent le fraisage plate sur la t\u00eate et le per\u00e7age de l&rsquo;extr\u00e9mit\u00e9 du manche. Dans la troisi\u00e8me position de travail, la machine ex\u00e9cute le creusement sur la t\u00eate et le fraisage plate sur l&rsquo;extr\u00e9mit\u00e9 de la poign\u00e9e. En quatri\u00e8me position sont frais\u00e9s la courbure sur la t\u00eate et le demi-ronde sur l&rsquo;extr\u00e9mit\u00e9 du manche. Dans la derni\u00e8re position de travail, la cuill\u00e8re est automatiquement d\u00e9charg\u00e9e.<\/p>\n","protected":false},"featured_media":9471,"comment_status":"closed","ping_status":"closed","template":"","meta":{"_acf_changed":false},"product_brand":[],"product_cat":[134,202],"product_tag":[],"class_list":{"0":"post-11283","1":"product","2":"type-product","3":"status-publish","4":"has-post-thumbnail","6":"product_cat-machines-a-bois","7":"product_cat-transfer-machines-fr","8":"pa_applicazioni-cuilleres-et-fourchettes","10":"first","11":"instock","12":"shipping-taxable","13":"product-type-simple"},"acf":[],"_links":{"self":[{"href":"https:\/\/www.sibo.it\/fr\/wp-json\/wp\/v2\/product\/11283","targetHints":{"allow":["GET"]}}],"collection":[{"href":"https:\/\/www.sibo.it\/fr\/wp-json\/wp\/v2\/product"}],"about":[{"href":"https:\/\/www.sibo.it\/fr\/wp-json\/wp\/v2\/types\/product"}],"replies":[{"embeddable":true,"href":"https:\/\/www.sibo.it\/fr\/wp-json\/wp\/v2\/comments?post=11283"}],"version-history":[{"count":8,"href":"https:\/\/www.sibo.it\/fr\/wp-json\/wp\/v2\/product\/11283\/revisions"}],"predecessor-version":[{"id":15992,"href":"https:\/\/www.sibo.it\/fr\/wp-json\/wp\/v2\/product\/11283\/revisions\/15992"}],"wp:featuredmedia":[{"embeddable":true,"href":"https:\/\/www.sibo.it\/fr\/wp-json\/wp\/v2\/media\/9471"}],"wp:attachment":[{"href":"https:\/\/www.sibo.it\/fr\/wp-json\/wp\/v2\/media?parent=11283"}],"wp:term":[{"taxonomy":"product_brand","embeddable":true,"href":"https:\/\/www.sibo.it\/fr\/wp-json\/wp\/v2\/product_brand?post=11283"},{"taxonomy":"product_cat","embeddable":true,"href":"https:\/\/www.sibo.it\/fr\/wp-json\/wp\/v2\/product_cat?post=11283"},{"taxonomy":"product_tag","embeddable":true,"href":"https:\/\/www.sibo.it\/fr\/wp-json\/wp\/v2\/product_tag?post=11283"}],"curies":[{"name":"wp","href":"https:\/\/api.w.org\/{rel}","templated":true}]}}