{"id":11247,"date":"2023-08-10T12:47:54","date_gmt":"2023-08-10T11:47:54","guid":{"rendered":"https:\/\/www.sibo.it\/prodotto\/fmr-8\/"},"modified":"2024-01-24T14:56:28","modified_gmt":"2024-01-24T13:56:28","slug":"fmr-8","status":"publish","type":"product","link":"https:\/\/www.sibo.it\/fr\/produit\/fmr-8\/","title":{"rendered":"FMR\/8"},"content":{"rendered":"\t\t<div data-elementor-type=\"product-post\" data-elementor-id=\"11247\" class=\"elementor elementor-11247 elementor-10687\" data-elementor-post-type=\"product\">\n\t\t\t\t<div class=\"elementor-element elementor-element-cf1f3ba e-con-full e-flex e-con e-parent\" data-id=\"cf1f3ba\" data-element_type=\"container\" data-e-type=\"container\">\r\n\t\t<div class=\"elementor-element elementor-element-6d430be e-con-full e-flex e-con e-child\" data-id=\"6d430be\" data-element_type=\"container\" data-e-type=\"container\">\r\n\t\t\t\t<div class=\"elementor-element elementor-element-ddd2f7f elementor-widget elementor-widget-text-editor\" data-id=\"ddd2f7f\" data-element_type=\"widget\" data-e-type=\"widget\" data-widget_type=\"text-editor.default\">\n\t\t\t\t<div class=\"elementor-widget-container\">\n\t\t\t\t\t\t\t\t\t<table border=\"0\" cellspacing=\"0\" cellpadding=\"0\">\n<tbody>\n<tr>\n<td>\n<table border=\"0\" cellspacing=\"0\" cellpadding=\"0\">\n<tbody>\n<tr>\n<td><span style=\"font-size: 16px;\">longueur max.<\/span><\/td>\n<td><span style=\"font-size: 16px;\"><strong>115 mm.<\/strong><\/span><\/td>\n<\/tr>\n<tr>\n<td><span style=\"font-size: 16px;\">longueur min.<\/span><\/td>\n<td><span style=\"font-size: 16px;\"><strong>90 mm.<\/strong><\/span><\/td>\n<\/tr>\n<tr>\n<td><span style=\"font-size: 16px;\">\u00e9paisseur max.<\/span><\/td>\n<td><span style=\"font-size: 16px;\"><strong>10 mm.<\/strong><\/span><\/td>\n<\/tr>\n<tr>\n<td><span style=\"font-size: 16px;\">largeur max.<\/span><\/td>\n<td><span style=\"font-size: 16px;\"><strong>40 mm.<\/strong><\/span><\/td>\n<\/tr>\n<tr>\n<td><span style=\"font-size: 16px;\">production variable<\/span><\/td>\n<td><span style=\"font-size: 16px;\"><strong>600\u00f7700 pcs.\/h.<\/strong><\/span><\/td>\n<\/tr>\n<\/tbody>\n<\/table>\n<\/td>\n<td> <\/td>\n<\/tr>\n<\/tbody>\n<\/table>\n<p style=\"text-align: left;\">\n\t\t\t\t\t\t\t\t<\/div>\n\t\t\t\t<\/div>\n\t\t\t\t<\/div>\n\t\t<div class=\"elementor-element elementor-element-8616444 e-con-full e-flex e-con e-child\" data-id=\"8616444\" data-element_type=\"container\" data-e-type=\"container\">\r\n\t\t\t\t<div class=\"elementor-element elementor-element-e1de2a1 elementor-widget elementor-widget-text-editor\" data-id=\"e1de2a1\" data-element_type=\"widget\" data-e-type=\"widget\" data-widget_type=\"text-editor.default\">\n\t\t\t\t<div class=\"elementor-widget-container\">\n\t\t\t\t\t\t\t\t\t<p><b> AUCUNES PRODUITS R\u00c9ALISABLES<\/b><\/p>\n<p><img decoding=\"async\" class=\"alignnone size-medium wp-image-10695\" src=\"https:\/\/www.sibo.it\/wp-content\/uploads\/2023\/08\/samples_FMR8-300x150.jpg\" alt=\"\" width=\"300\" height=\"150\"><\/p>\n\t\t\t\t\t\t\t\t<\/div>\n\t\t\t\t<\/div>\n\t\t\t\t<\/div>\n\t\t\t\t<\/div>\n\t\t\t\t<\/div>\n\t\t","protected":false},"excerpt":{"rendered":"<p><strong>MACHINE AUTOMATIQUE \u00c0 PERCER \u00c0 8 POSITIONS MOD\u00c8LE \u00ab\u00a0FMR\/8\u00a0\u00bb<\/strong><\/p>\n<p>Perceuse automatique adapt\u00e9e au usinage des manches de spatule, des manches de couteaux, des manches de pinceau, etc. La machine est \u00e9quip\u00e9e d&rsquo;un chargeur automatique et d&rsquo;une table rotative de haute pr\u00e9cision avec 8 positions de travail qui permet de r\u00e9aliser simultan\u00e9ment deux trous horizontaux avec des profondeurs diff\u00e9rentes, un per\u00e7age vertical sup\u00e9rieur, un per\u00e7age vertical inf\u00e9rieur et la cheville. Une pi\u00e8ce est automatiquement d\u00e9charg\u00e9e \u00e0 chaque fois que la table tourne.<\/p>\n","protected":false},"featured_media":10690,"comment_status":"closed","ping_status":"closed","template":"","meta":{"_acf_changed":false},"product_brand":[],"product_cat":[134,195,202],"product_tag":[],"class_list":{"0":"post-11247","1":"product","2":"type-product","3":"status-publish","4":"has-post-thumbnail","6":"product_cat-machines-a-bois","7":"product_cat-machines-a-fileter-percer","8":"product_cat-transfer-machines-fr","9":"pa_applicazioni-manches-de-couteau","10":"pa_applicazioni-pinceaux-ovales","11":"pa_applicazioni-pinceaux-plats","12":"pa_applicazioni-pinceaux-rondes","14":"first","15":"instock","16":"shipping-taxable","17":"product-type-simple"},"acf":[],"_links":{"self":[{"href":"https:\/\/www.sibo.it\/fr\/wp-json\/wp\/v2\/product\/11247","targetHints":{"allow":["GET"]}}],"collection":[{"href":"https:\/\/www.sibo.it\/fr\/wp-json\/wp\/v2\/product"}],"about":[{"href":"https:\/\/www.sibo.it\/fr\/wp-json\/wp\/v2\/types\/product"}],"replies":[{"embeddable":true,"href":"https:\/\/www.sibo.it\/fr\/wp-json\/wp\/v2\/comments?post=11247"}],"version-history":[{"count":5,"href":"https:\/\/www.sibo.it\/fr\/wp-json\/wp\/v2\/product\/11247\/revisions"}],"predecessor-version":[{"id":15796,"href":"https:\/\/www.sibo.it\/fr\/wp-json\/wp\/v2\/product\/11247\/revisions\/15796"}],"wp:featuredmedia":[{"embeddable":true,"href":"https:\/\/www.sibo.it\/fr\/wp-json\/wp\/v2\/media\/10690"}],"wp:attachment":[{"href":"https:\/\/www.sibo.it\/fr\/wp-json\/wp\/v2\/media?parent=11247"}],"wp:term":[{"taxonomy":"product_brand","embeddable":true,"href":"https:\/\/www.sibo.it\/fr\/wp-json\/wp\/v2\/product_brand?post=11247"},{"taxonomy":"product_cat","embeddable":true,"href":"https:\/\/www.sibo.it\/fr\/wp-json\/wp\/v2\/product_cat?post=11247"},{"taxonomy":"product_tag","embeddable":true,"href":"https:\/\/www.sibo.it\/fr\/wp-json\/wp\/v2\/product_tag?post=11247"}],"curies":[{"name":"wp","href":"https:\/\/api.w.org\/{rel}","templated":true}]}}