{"id":11216,"date":"2023-08-09T10:14:27","date_gmt":"2023-08-09T09:14:27","guid":{"rendered":"https:\/\/www.sibo.it\/prodotto\/4pra-200\/"},"modified":"2023-11-04T13:42:32","modified_gmt":"2023-11-04T12:42:32","slug":"4pra-200","status":"publish","type":"product","link":"https:\/\/www.sibo.it\/fr\/produit\/4pra-200\/","title":{"rendered":"4PRA\/200"},"content":{"rendered":"\t\t<div data-elementor-type=\"product-post\" data-elementor-id=\"11216\" class=\"elementor elementor-11216 elementor-10371\" data-elementor-post-type=\"product\">\n\t\t\t\t<div class=\"elementor-element elementor-element-cf1f3ba e-con-full e-flex e-con e-parent\" data-id=\"cf1f3ba\" data-element_type=\"container\" data-e-type=\"container\">\r\n\t\t<div class=\"elementor-element elementor-element-6d430be e-con-full e-flex e-con e-parent\" data-id=\"6d430be\" data-element_type=\"container\" data-e-type=\"container\">\r\n\t\t\t\t<div class=\"elementor-element elementor-element-ddd2f7f elementor-widget elementor-widget-text-editor\" data-id=\"ddd2f7f\" data-element_type=\"widget\" data-e-type=\"widget\" data-widget_type=\"text-editor.default\">\n\t\t\t\t<div class=\"elementor-widget-container\">\n\t\t\t\t\t\t\t\t\t<table border=\"0\" cellspacing=\"0\" cellpadding=\"0\">\n<tbody>\n<tr>\n<td>longueur min. de travail<\/td>\n<td><strong>150 mm. <\/strong><\/td>\n<\/tr>\n<tr>\n<td>longueur max. de travail<\/td>\n<td><strong>200 mm. <\/strong><\/td>\n<\/tr>\n<tr>\n<td>longueur max. de la pi\u00e8ce<\/td>\n<td><strong>400 mm.<\/strong><\/td>\n<\/tr>\n<tr>\n<td>diam\u00e8tre min.<\/td>\n<td><strong>10 mm.<\/strong><\/td>\n<\/tr>\n<tr>\n<td>diam\u00e8tre max.<\/td>\n<td><strong>30 mm. <\/strong><\/td>\n<\/tr>\n<tr>\n<td>production<\/td>\n<td><strong>10 pcs.\/h.<\/strong><\/td>\n<\/tr>\n<\/tbody>\n<\/table>\n<p style=\"text-align: left;\"><b> <\/b><\/p>\n<p style=\"text-align: left;\"><b>\u00c9QUIPEMENT SUPPL\u00c9MENTAIRE<\/b><\/p>\n<p style=\"text-align: left;\">\n\t\t\t\t\t\t\t\t<\/div>\n\t\t\t\t<\/div>\n\t\t\t\t<\/div>\n\t\t<div class=\"elementor-element elementor-element-8616444 e-con-full e-flex e-con e-parent\" data-id=\"8616444\" data-element_type=\"container\" data-e-type=\"container\">\r\n\t\t\t\t<div class=\"elementor-element elementor-element-e1de2a1 elementor-widget elementor-widget-text-editor\" data-id=\"e1de2a1\" data-element_type=\"widget\" data-e-type=\"widget\" data-widget_type=\"text-editor.default\">\n\t\t\t\t<div class=\"elementor-widget-container\">\n\t\t\t\t\t\t\t\t\t<p><b>AUCUNES PRODUITS R\u00c9ALISABLES<\/b><\/p>\n<p><img decoding=\"async\" class=\"alignnone size-medium wp-image-7556\" src=\"https:\/\/www.sibo.it\/wp-content\/uploads\/2023\/03\/4PRA200-camp-300x150.jpg\" alt=\"\" width=\"300\" height=\"150\"><\/p>\n\t\t\t\t\t\t\t\t<\/div>\n\t\t\t\t<\/div>\n\t\t\t\t<\/div>\n\t\t\t\t<\/div>\n\t\t\t\t<\/div>\n\t\t","protected":false},"excerpt":{"rendered":"<p><strong>FRAISEUSE AUTOMATIQUE \u00c0 COPIER MOD\u00c8LE \u00ab4PRA\/200\u00bb<\/strong><\/p>\n<p>Fraiseuse automatique a copier apt\u00e9e pour usinage de manches de cuill\u00e8re. La machine est \u00e9quip\u00e9e d&rsquo;un chargeur automatique qui alimente 4 pi\u00e8ces brutes en m\u00eame temps entre les pointes et les contrepointes et quatre fraises profil\u00e9es entra\u00een\u00e9es par une came, qui usinent les manches. \u00c0 la fin du processus, les pi\u00e8ces sont automatiquement \u00e9ject\u00e9es et le cycle recommence.<\/p>\n","protected":false},"featured_media":2333,"comment_status":"closed","ping_status":"closed","template":"","meta":{"_acf_changed":false},"product_brand":[],"product_cat":[198,134],"product_tag":[],"class_list":{"0":"post-11216","1":"product","2":"type-product","3":"status-publish","4":"has-post-thumbnail","6":"product_cat-fraiseuses-a-copier-rotatives","7":"product_cat-machines-a-bois","8":"pa_applicazioni-cuilleres-et-fourchettes","10":"first","11":"instock","12":"shipping-taxable","13":"product-type-simple"},"acf":[],"_links":{"self":[{"href":"https:\/\/www.sibo.it\/fr\/wp-json\/wp\/v2\/product\/11216","targetHints":{"allow":["GET"]}}],"collection":[{"href":"https:\/\/www.sibo.it\/fr\/wp-json\/wp\/v2\/product"}],"about":[{"href":"https:\/\/www.sibo.it\/fr\/wp-json\/wp\/v2\/types\/product"}],"replies":[{"embeddable":true,"href":"https:\/\/www.sibo.it\/fr\/wp-json\/wp\/v2\/comments?post=11216"}],"version-history":[{"count":5,"href":"https:\/\/www.sibo.it\/fr\/wp-json\/wp\/v2\/product\/11216\/revisions"}],"predecessor-version":[{"id":14295,"href":"https:\/\/www.sibo.it\/fr\/wp-json\/wp\/v2\/product\/11216\/revisions\/14295"}],"wp:featuredmedia":[{"embeddable":true,"href":"https:\/\/www.sibo.it\/fr\/wp-json\/wp\/v2\/media\/2333"}],"wp:attachment":[{"href":"https:\/\/www.sibo.it\/fr\/wp-json\/wp\/v2\/media?parent=11216"}],"wp:term":[{"taxonomy":"product_brand","embeddable":true,"href":"https:\/\/www.sibo.it\/fr\/wp-json\/wp\/v2\/product_brand?post=11216"},{"taxonomy":"product_cat","embeddable":true,"href":"https:\/\/www.sibo.it\/fr\/wp-json\/wp\/v2\/product_cat?post=11216"},{"taxonomy":"product_tag","embeddable":true,"href":"https:\/\/www.sibo.it\/fr\/wp-json\/wp\/v2\/product_tag?post=11216"}],"curies":[{"name":"wp","href":"https:\/\/api.w.org\/{rel}","templated":true}]}}