{"id":11208,"date":"2023-08-09T10:34:32","date_gmt":"2023-08-09T09:34:32","guid":{"rendered":"https:\/\/www.sibo.it\/prodotto\/3fra-m50\/"},"modified":"2024-01-18T16:04:44","modified_gmt":"2024-01-18T15:04:44","slug":"3fra-m50","status":"publish","type":"product","link":"https:\/\/www.sibo.it\/fr\/produit\/3fra-m50\/","title":{"rendered":"3FRA\/M50"},"content":{"rendered":"\t\t<div data-elementor-type=\"product-post\" data-elementor-id=\"11208\" class=\"elementor elementor-11208 elementor-10378\" data-elementor-post-type=\"product\">\n\t\t\t\t<div class=\"elementor-element elementor-element-cf1f3ba e-con-full e-flex e-con e-parent\" data-id=\"cf1f3ba\" data-element_type=\"container\" data-e-type=\"container\">\r\n\t\t<div class=\"elementor-element elementor-element-6d430be e-con-full e-flex e-con e-parent\" data-id=\"6d430be\" data-element_type=\"container\" data-e-type=\"container\">\r\n\t\t\t\t<div class=\"elementor-element elementor-element-ddd2f7f elementor-widget elementor-widget-text-editor\" data-id=\"ddd2f7f\" data-element_type=\"widget\" data-e-type=\"widget\" data-widget_type=\"text-editor.default\">\n\t\t\t\t<div class=\"elementor-widget-container\">\n\t\t\t\t\t\t\t\t\t<table border=\"0\" cellspacing=\"0\" cellpadding=\"0\">\n<tbody>\n<tr>\n<td>longueur max.<\/td>\n<td><strong>350-500 mm.<\/strong><\/td>\n<\/tr>\n<tr>\n<td>longueur min.<\/td>\n<td><strong>105 mm.<\/strong><\/td>\n<\/tr>\n<tr>\n<td>diam\u00e8tre min.<\/td>\n<td><strong> 15 mm.<\/strong><\/td>\n<\/tr>\n<tr>\n<td>diam\u00e8tre max.<\/td>\n<td><strong>105 mm.<\/strong><\/td>\n<\/tr>\n<tr>\n<td>production variable<\/td>\n<td><strong>240\u00f7400 pcs.\/h.<\/strong><\/td>\n<\/tr>\n<\/tbody>\n<\/table>\n<p style=\"text-align: left;\"><b> <\/b><\/p>\n<p style=\"text-align: left;\"><b>\u00c9QUIPEMENT SUPPL\u00c9MENTAIRE<\/b><\/p>\n<p style=\"text-align: left;\">\n\t\t\t\t\t\t\t\t<\/div>\n\t\t\t\t<\/div>\n\t\t\t\t<\/div>\n\t\t<div class=\"elementor-element elementor-element-8616444 e-con-full e-flex e-con e-parent\" data-id=\"8616444\" data-element_type=\"container\" data-e-type=\"container\">\r\n\t\t\t\t<div class=\"elementor-element elementor-element-e1de2a1 elementor-widget elementor-widget-text-editor\" data-id=\"e1de2a1\" data-element_type=\"widget\" data-e-type=\"widget\" data-widget_type=\"text-editor.default\">\n\t\t\t\t<div class=\"elementor-widget-container\">\n\t\t\t\t\t\t\t\t\t<p><b>AUCUNES PRODUITS R\u00c9ALISABLES<\/b><\/p>\n<p><img decoding=\"async\" class=\"alignnone size-medium wp-image-7829\" src=\"https:\/\/www.sibo.it\/wp-content\/uploads\/2023\/03\/Example-of-samples-produced-3fram50-300x150.jpg\" alt=\"\" width=\"300\" height=\"150\"><\/p>\n\t\t\t\t\t\t\t\t<\/div>\n\t\t\t\t<\/div>\n\t\t\t\t<\/div>\n\t\t\t\t<\/div>\n\t\t\t\t<\/div>\n\t\t","protected":false},"excerpt":{"rendered":"<p><strong>FRAISEUSE AUTOMATIQUE \u00c0 COPIER AVEC CHARGEUR MOD\u00c8LE \u00ab\u00a03FRA\/M50\u00a0\u00bb<\/strong><\/p>\n<p>Machine id\u00e9ale pour la production des manches de marteau, pinceau, lime, pieds de chaises et petites colonnes, ect., avec section rondes, ovales, carr\u00e9es, hexagonales, octogonales etc. Machine compl\u00e8tement automatique d\u2019emploi universel avec trois stations de travail ind\u00e9pendantes (contr\u00f4l\u00e9es avec un syst\u00e8me hydraulique) qui travaillent dans le m\u00eame temps. Sur chaque station est mont\u00e9 un mandrin (sur lequel sont fix\u00e9es des outils fa\u00e7onn\u00e9s), contr\u00f4l\u00e9 par une came qui permit d\u2019obtenir la section d\u00e9sir\u00e9e (on peut r\u00e9aliser 3 sections diff\u00e9rentes).<\/p>\n<p><strong>La machine peut \u00eatre \u00e9quip\u00e9 avec:<\/strong><\/p>\n<ul>\n<li><span style=\"font-size: 16px;\">groupe de pon\u00e7age avec bandes.<\/span><\/li>\n<\/ul>\n","protected":false},"featured_media":7837,"comment_status":"closed","ping_status":"closed","template":"","meta":{"_acf_changed":false},"product_brand":[],"product_cat":[198,134],"product_tag":[],"class_list":{"0":"post-11208","1":"product","2":"type-product","3":"status-publish","4":"has-post-thumbnail","6":"product_cat-fraiseuses-a-copier-rotatives","7":"product_cat-machines-a-bois","8":"pa_applicazioni-brosses-rondes","9":"pa_applicazioni-manches-de-marteau","10":"pa_applicazioni-pinceaux-ovales","11":"pa_applicazioni-pinceaux-rondes","13":"first","14":"instock","15":"shipping-taxable","16":"product-type-simple"},"acf":[],"_links":{"self":[{"href":"https:\/\/www.sibo.it\/fr\/wp-json\/wp\/v2\/product\/11208","targetHints":{"allow":["GET"]}}],"collection":[{"href":"https:\/\/www.sibo.it\/fr\/wp-json\/wp\/v2\/product"}],"about":[{"href":"https:\/\/www.sibo.it\/fr\/wp-json\/wp\/v2\/types\/product"}],"replies":[{"embeddable":true,"href":"https:\/\/www.sibo.it\/fr\/wp-json\/wp\/v2\/comments?post=11208"}],"version-history":[{"count":4,"href":"https:\/\/www.sibo.it\/fr\/wp-json\/wp\/v2\/product\/11208\/revisions"}],"predecessor-version":[{"id":15292,"href":"https:\/\/www.sibo.it\/fr\/wp-json\/wp\/v2\/product\/11208\/revisions\/15292"}],"wp:featuredmedia":[{"embeddable":true,"href":"https:\/\/www.sibo.it\/fr\/wp-json\/wp\/v2\/media\/7837"}],"wp:attachment":[{"href":"https:\/\/www.sibo.it\/fr\/wp-json\/wp\/v2\/media?parent=11208"}],"wp:term":[{"taxonomy":"product_brand","embeddable":true,"href":"https:\/\/www.sibo.it\/fr\/wp-json\/wp\/v2\/product_brand?post=11208"},{"taxonomy":"product_cat","embeddable":true,"href":"https:\/\/www.sibo.it\/fr\/wp-json\/wp\/v2\/product_cat?post=11208"},{"taxonomy":"product_tag","embeddable":true,"href":"https:\/\/www.sibo.it\/fr\/wp-json\/wp\/v2\/product_tag?post=11208"}],"curies":[{"name":"wp","href":"https:\/\/api.w.org\/{rel}","templated":true}]}}