{"id":11192,"date":"2023-08-09T11:05:05","date_gmt":"2023-08-09T10:05:05","guid":{"rendered":"https:\/\/www.sibo.it\/prodotto\/pra-m140\/"},"modified":"2024-01-18T16:06:17","modified_gmt":"2024-01-18T15:06:17","slug":"pra-m140","status":"publish","type":"product","link":"https:\/\/www.sibo.it\/fr\/produit\/pra-m140\/","title":{"rendered":"PRA\/M140"},"content":{"rendered":"\t\t<div data-elementor-type=\"product-post\" data-elementor-id=\"11192\" class=\"elementor elementor-11192 elementor-10384\" data-elementor-post-type=\"product\">\n\t\t\t\t<div class=\"elementor-element elementor-element-cf1f3ba e-con-full e-flex e-con e-parent\" data-id=\"cf1f3ba\" data-element_type=\"container\" data-e-type=\"container\">\r\n\t\t<div class=\"elementor-element elementor-element-6d430be e-con-full e-flex e-con e-parent\" data-id=\"6d430be\" data-element_type=\"container\" data-e-type=\"container\">\r\n\t\t\t\t<div class=\"elementor-element elementor-element-ddd2f7f elementor-widget elementor-widget-text-editor\" data-id=\"ddd2f7f\" data-element_type=\"widget\" data-e-type=\"widget\" data-widget_type=\"text-editor.default\">\n\t\t\t\t<div class=\"elementor-widget-container\">\n\t\t\t\t\t\t\t\t\t<table border=\"0\" cellspacing=\"0\" cellpadding=\"0\">\n<tbody>\n<tr>\n<td>longueur min.<\/td>\n<td><strong>250 mm. <\/strong><\/td>\n<\/tr>\n<tr>\n<td>longueur max.<\/td>\n<td><strong>1400 mm. <\/strong><\/td>\n<\/tr>\n<tr>\n<td>diam\u00e8tre min.<\/td>\n<td><strong>20 mm.<\/strong><\/td>\n<\/tr>\n<tr>\n<td>diam\u00e8tre max.<\/td>\n<td><strong>100 mm.<\/strong><\/td>\n<\/tr>\n<tr>\n<td>production<\/td>\n<td><strong>80\u00f7150 pcs.h.<\/strong><\/td>\n<\/tr>\n<\/tbody>\n<\/table>\n<p style=\"text-align: left;\">\n<p style=\"text-align: left;\"><b>\u00c9QUIPEMENT SUPPL\u00c9MENTAIRE<\/b><\/p>\n<p style=\"text-align: left;\">\n\t\t\t\t\t\t\t\t<\/div>\n\t\t\t\t<\/div>\n\t\t\t\t<\/div>\n\t\t<div class=\"elementor-element elementor-element-8616444 e-con-full e-flex e-con e-parent\" data-id=\"8616444\" data-element_type=\"container\" data-e-type=\"container\">\r\n\t\t\t\t<div class=\"elementor-element elementor-element-e1de2a1 elementor-widget elementor-widget-text-editor\" data-id=\"e1de2a1\" data-element_type=\"widget\" data-e-type=\"widget\" data-widget_type=\"text-editor.default\">\n\t\t\t\t<div class=\"elementor-widget-container\">\n\t\t\t\t\t\t\t\t\t<p><b>AUCUNES PRODUITS R\u00c9ALISABLES<\/b><\/p>\n<p><img fetchpriority=\"high\" decoding=\"async\" class=\"alignnone size-medium wp-image-7980\" src=\"https:\/\/www.sibo.it\/wp-content\/uploads\/2023\/03\/Manici-da-picone-PRA-130-300x183.jpg\" alt=\"\" width=\"300\" height=\"183\"><\/p>\n\t\t\t\t\t\t\t\t<\/div>\n\t\t\t\t<\/div>\n\t\t\t\t<\/div>\n\t\t\t\t<\/div>\n\t\t\t\t<\/div>\n\t\t","protected":false},"excerpt":{"rendered":"<p><strong>FRAISEUSE AUTOMATIQUE \u00c0 COPIER AVEC CHARGEUR MOD\u00c8LE \u00ab\u00a0PRA\/M140\u00a0\u00bb<\/strong><\/p>\n<p>Machine avec chargeur et t\u00eates mobiles pour la production en s\u00e9rie de pi\u00e8ces \u00e0 section ronde, ovale, octogonale, carr\u00e9e; droites, coniques et fa\u00e7onn\u00e9es, comme manches de marteau, charpentier, pioche, hache, petit pieds pour meubles, jambes pour chaises et pour tables, etc.<\/p>\n<p><strong>La machine peut \u00eatre \u00e9quip\u00e9 avec:<\/strong><\/p>\n<ul>\n<li><span style=\"font-size: 16px;\">appareil brevet\u00e9 pour l\u2019ex\u00e9cution de la cheville ronde s\u00fbr les pieds carr\u00e9s et octogonaux au m\u00eame temps ou ent\u00eater s\u00fbr une extr\u00e9mit\u00e9.<\/span><\/li>\n<\/ul>\n","protected":false},"featured_media":7964,"comment_status":"closed","ping_status":"closed","template":"","meta":{"_acf_changed":false},"product_brand":[],"product_cat":[198,134],"product_tag":[],"class_list":{"0":"post-11192","1":"product","2":"type-product","3":"status-publish","4":"has-post-thumbnail","6":"product_cat-fraiseuses-a-copier-rotatives","7":"product_cat-machines-a-bois","8":"pa_applicazioni-manches-de-marteau","9":"pa_applicazioni-manches-de-pioche","11":"first","12":"instock","13":"shipping-taxable","14":"product-type-simple"},"acf":[],"_links":{"self":[{"href":"https:\/\/www.sibo.it\/fr\/wp-json\/wp\/v2\/product\/11192","targetHints":{"allow":["GET"]}}],"collection":[{"href":"https:\/\/www.sibo.it\/fr\/wp-json\/wp\/v2\/product"}],"about":[{"href":"https:\/\/www.sibo.it\/fr\/wp-json\/wp\/v2\/types\/product"}],"replies":[{"embeddable":true,"href":"https:\/\/www.sibo.it\/fr\/wp-json\/wp\/v2\/comments?post=11192"}],"version-history":[{"count":4,"href":"https:\/\/www.sibo.it\/fr\/wp-json\/wp\/v2\/product\/11192\/revisions"}],"predecessor-version":[{"id":15301,"href":"https:\/\/www.sibo.it\/fr\/wp-json\/wp\/v2\/product\/11192\/revisions\/15301"}],"wp:featuredmedia":[{"embeddable":true,"href":"https:\/\/www.sibo.it\/fr\/wp-json\/wp\/v2\/media\/7964"}],"wp:attachment":[{"href":"https:\/\/www.sibo.it\/fr\/wp-json\/wp\/v2\/media?parent=11192"}],"wp:term":[{"taxonomy":"product_brand","embeddable":true,"href":"https:\/\/www.sibo.it\/fr\/wp-json\/wp\/v2\/product_brand?post=11192"},{"taxonomy":"product_cat","embeddable":true,"href":"https:\/\/www.sibo.it\/fr\/wp-json\/wp\/v2\/product_cat?post=11192"},{"taxonomy":"product_tag","embeddable":true,"href":"https:\/\/www.sibo.it\/fr\/wp-json\/wp\/v2\/product_tag?post=11192"}],"curies":[{"name":"wp","href":"https:\/\/api.w.org\/{rel}","templated":true}]}}