{"id":11170,"date":"2023-08-09T12:41:43","date_gmt":"2023-08-09T11:41:43","guid":{"rendered":"https:\/\/www.sibo.it\/prodotto\/pra-m15\/"},"modified":"2024-01-18T16:09:09","modified_gmt":"2024-01-18T15:09:09","slug":"pra-m15","status":"publish","type":"product","link":"https:\/\/www.sibo.it\/fr\/produit\/pra-m15\/","title":{"rendered":"PRA\/M15"},"content":{"rendered":"\t\t<div data-elementor-type=\"product-post\" data-elementor-id=\"11170\" class=\"elementor elementor-11170 elementor-10400\" data-elementor-post-type=\"product\">\n\t\t\t\t<div class=\"elementor-element elementor-element-cf1f3ba e-con-full e-flex e-con e-parent\" data-id=\"cf1f3ba\" data-element_type=\"container\" data-e-type=\"container\">\r\n\t\t<div class=\"elementor-element elementor-element-6d430be e-con-full e-flex e-con e-child\" data-id=\"6d430be\" data-element_type=\"container\" data-e-type=\"container\">\r\n\t\t\t\t<div class=\"elementor-element elementor-element-ddd2f7f elementor-widget elementor-widget-text-editor\" data-id=\"ddd2f7f\" data-element_type=\"widget\" data-e-type=\"widget\" data-widget_type=\"text-editor.default\">\n\t\t\t\t<div class=\"elementor-widget-container\">\n\t\t\t\t\t\t\t\t\t<table border=\"0\" cellspacing=\"0\" cellpadding=\"0\">\n<tbody>\n<tr>\n<td>longueur max.<\/td>\n<td><strong>150 mm.<\/strong><\/td>\n<\/tr>\n<tr>\n<td>longueur min.<\/td>\n<td><strong>30 mm.<\/strong><\/td>\n<\/tr>\n<tr>\n<td>diam\u00e8tre min.<\/td>\n<td><strong>10 mm.<\/strong><\/td>\n<\/tr>\n<tr>\n<td>diam\u00e8tre max.<\/td>\n<td><strong>50 mm.<\/strong><\/td>\n<\/tr>\n<tr>\n<td>production variable <\/td>\n<td><strong>180\u00f7350 pcs.\/h.<\/strong><\/td>\n<\/tr>\n<\/tbody>\n<\/table>\n<p style=\"text-align: left;\"><b>\u00c9QUIPEMENT SUPPL\u00c9MENTAIRE<\/b><\/p>\n<p style=\"text-align: left;\"><img fetchpriority=\"high\" decoding=\"async\" class=\"alignnone size-medium wp-image-14985\" src=\"https:\/\/www.sibo.it\/wp-content\/uploads\/2024\/01\/Vibratore-PRA-M15-sito-300x300.jpg\" alt=\"\" width=\"300\" height=\"300\"><\/p>\n\t\t\t\t\t\t\t\t<\/div>\n\t\t\t\t<\/div>\n\t\t\t\t<\/div>\n\t\t<div class=\"elementor-element elementor-element-8616444 e-con-full e-flex e-con e-child\" data-id=\"8616444\" data-element_type=\"container\" data-e-type=\"container\">\r\n\t\t\t\t<div class=\"elementor-element elementor-element-e1de2a1 elementor-widget elementor-widget-text-editor\" data-id=\"e1de2a1\" data-element_type=\"widget\" data-e-type=\"widget\" data-widget_type=\"text-editor.default\">\n\t\t\t\t<div class=\"elementor-widget-container\">\n\t\t\t\t\t\t\t\t\t<p><b>AUCUNES PRODUITS R\u00c9ALISABLES<\/b><\/p>\n<p><img decoding=\"async\" class=\"alignnone size-medium wp-image-7662\" src=\"https:\/\/www.sibo.it\/wp-content\/uploads\/2023\/03\/Example-of-samples-produced-pram15-300x150.jpg\" alt=\"\" width=\"300\" height=\"150\"><\/p>\n\t\t\t\t\t\t\t\t<\/div>\n\t\t\t\t<\/div>\n\t\t\t\t<\/div>\n\t\t\t\t<\/div>\n\t\t\t\t<\/div>\n\t\t","protected":false},"excerpt":{"rendered":"<p class=\"h3desc\"><strong>FRAISEUSE AUTOMATIQUE \u00c0 COPIER AVEC CHARGEUR MOD\u00c8LE \u00ab\u00a0PRA\/M15\u00a0\u00bb<\/strong><\/p>\n<p>Machine avec chargeur et t\u00eates mobiles pour la production en s\u00e9rie de pi\u00e8ces droites, coniques et fa\u00e7onn\u00e9es, \u00e0 section ronde, ovale, octogonale, hexagonale, carr\u00e9e, etc., comme trous, manches de lime et manches de pinceau rondes, etc. Machine automatique avec 3 stations de travail, qui travaillent dans le m\u00eame temps. Dans la premi\u00e8re station de travail la pi\u00e8ce est charg\u00e9e et bloqu\u00e9e entre la pointe et la contre pointe. Puis la pi\u00e8ce avance dans la deuxi\u00e8me station de travail o\u00f9 vient usin\u00e9 par une fraise profil\u00e9 et en m\u00eame temps une nouvelle pi\u00e8ce est charg\u00e9e dans la premi\u00e8re. Apr\u00e8s cette op\u00e9ration la pi\u00e8ce avance dans la troisi\u00e8me station o\u00f9 vient d\u00e9charg\u00e9 automatiquement.<\/p>\n<p><strong>La machine peut \u00eatre \u00e9quip\u00e9 avec:<\/strong><\/p>\n<ul>\n<li><span style=\"font-size: 16px;\">vibrateur pour charger les pi\u00e8ces<\/span><\/li>\n<\/ul>\n","protected":false},"featured_media":14941,"comment_status":"closed","ping_status":"closed","template":"","meta":{"_acf_changed":false},"product_brand":[],"product_cat":[198,134],"product_tag":[],"class_list":{"0":"post-11170","1":"product","2":"type-product","3":"status-publish","4":"has-post-thumbnail","6":"product_cat-fraiseuses-a-copier-rotatives","7":"product_cat-machines-a-bois","8":"pa_applicazioni-pinceaux-rondes","10":"first","11":"instock","12":"shipping-taxable","13":"product-type-simple"},"acf":[],"_links":{"self":[{"href":"https:\/\/www.sibo.it\/fr\/wp-json\/wp\/v2\/product\/11170","targetHints":{"allow":["GET"]}}],"collection":[{"href":"https:\/\/www.sibo.it\/fr\/wp-json\/wp\/v2\/product"}],"about":[{"href":"https:\/\/www.sibo.it\/fr\/wp-json\/wp\/v2\/types\/product"}],"replies":[{"embeddable":true,"href":"https:\/\/www.sibo.it\/fr\/wp-json\/wp\/v2\/comments?post=11170"}],"version-history":[{"count":7,"href":"https:\/\/www.sibo.it\/fr\/wp-json\/wp\/v2\/product\/11170\/revisions"}],"predecessor-version":[{"id":15313,"href":"https:\/\/www.sibo.it\/fr\/wp-json\/wp\/v2\/product\/11170\/revisions\/15313"}],"wp:featuredmedia":[{"embeddable":true,"href":"https:\/\/www.sibo.it\/fr\/wp-json\/wp\/v2\/media\/14941"}],"wp:attachment":[{"href":"https:\/\/www.sibo.it\/fr\/wp-json\/wp\/v2\/media?parent=11170"}],"wp:term":[{"taxonomy":"product_brand","embeddable":true,"href":"https:\/\/www.sibo.it\/fr\/wp-json\/wp\/v2\/product_brand?post=11170"},{"taxonomy":"product_cat","embeddable":true,"href":"https:\/\/www.sibo.it\/fr\/wp-json\/wp\/v2\/product_cat?post=11170"},{"taxonomy":"product_tag","embeddable":true,"href":"https:\/\/www.sibo.it\/fr\/wp-json\/wp\/v2\/product_tag?post=11170"}],"curies":[{"name":"wp","href":"https:\/\/api.w.org\/{rel}","templated":true}]}}