{"id":11154,"date":"2023-08-03T09:32:29","date_gmt":"2023-08-03T08:32:29","guid":{"rendered":"https:\/\/www.sibo.it\/prodotto\/dcs-l\/"},"modified":"2023-11-04T13:44:00","modified_gmt":"2023-11-04T12:44:00","slug":"dcs-l","status":"publish","type":"product","link":"https:\/\/www.sibo.it\/fr\/produit\/dcs-l\/","title":{"rendered":"DCS\/L"},"content":{"rendered":"\t\t<div data-elementor-type=\"product-post\" data-elementor-id=\"11154\" class=\"elementor elementor-11154 elementor-10267\" data-elementor-post-type=\"product\">\n\t\t\t\t<div class=\"elementor-element elementor-element-cf1f3ba e-con-full e-flex e-con e-parent\" data-id=\"cf1f3ba\" data-element_type=\"container\" data-e-type=\"container\">\r\n\t\t<div class=\"elementor-element elementor-element-6d430be e-con-full e-flex e-con e-child\" data-id=\"6d430be\" data-element_type=\"container\" data-e-type=\"container\">\r\n\t\t\t\t<div class=\"elementor-element elementor-element-ddd2f7f elementor-widget elementor-widget-text-editor\" data-id=\"ddd2f7f\" data-element_type=\"widget\" data-e-type=\"widget\" data-widget_type=\"text-editor.default\">\n\t\t\t\t<div class=\"elementor-widget-container\">\n\t\t\t\t\t\t\t\t\t<table border=\"0\" cellspacing=\"0\" cellpadding=\"0\">\n<tbody>\n<tr>\n<td>longueur max.<\/td>\n<td><strong>400 mm.<\/strong><\/td>\n<\/tr>\n<tr>\n<td>largeur max.<\/td>\n<td><strong>100 mm.<\/strong><\/td>\n<\/tr>\n<tr>\n<td>\u00e9paisseur max.<\/td>\n<td><strong>25 mm.<\/strong><\/td>\n<\/tr>\n<tr>\n<td>rotation des outils<\/td>\n<td><strong>12.000 RPM<\/strong><\/td>\n<\/tr>\n<tr>\n<td>diam\u00e8tre du mandrin<\/td>\n<td><strong>20 mm.<\/strong><\/td>\n<\/tr>\n<tr>\n<td>production variable<\/td>\n<td><strong>150\u00f7500 pcs.\/h.<\/strong><\/td>\n<\/tr>\n<\/tbody>\n<\/table>\n<p style=\"text-align: left;\"><b> <\/b><\/p>\n<p style=\"text-align: left;\"><b>\u00c9QUIPEMENT SUPPL\u00c9MENTAIRE<\/b><\/p>\n<p style=\"text-align: left;\">\n\t\t\t\t\t\t\t\t<\/div>\n\t\t\t\t<\/div>\n\t\t\t\t<\/div>\n\t\t<div class=\"elementor-element elementor-element-8616444 e-con-full e-flex e-con e-child\" data-id=\"8616444\" data-element_type=\"container\" data-e-type=\"container\">\r\n\t\t\t\t<div class=\"elementor-element elementor-element-e1de2a1 elementor-widget elementor-widget-text-editor\" data-id=\"e1de2a1\" data-element_type=\"widget\" data-e-type=\"widget\" data-widget_type=\"text-editor.default\">\n\t\t\t\t<div class=\"elementor-widget-container\">\n\t\t\t\t\t\t\t\t\t<p><b>AUCUNES PRODUITS R\u00c9ALISABLES<\/b><\/p>\n<p><img decoding=\"async\" class=\"alignnone size-medium wp-image-10276\" src=\"https:\/\/www.sibo.it\/wp-content\/uploads\/2023\/08\/Example-of-samples-produced-300x150.jpg\" alt=\"\" width=\"300\" height=\"150\"><\/p>\n\t\t\t\t\t\t\t\t<\/div>\n\t\t\t\t<\/div>\n\t\t\t\t<\/div>\n\t\t\t\t<\/div>\n\t\t\t\t<\/div>\n\t\t","protected":false},"excerpt":{"rendered":"<p><strong>FRAISEUSE \u00c0 COPIER MOD\u00c8LE \u00ab\u00a0DCS\/L\u00a0\u00bb<\/strong><\/p>\n<p>Machine automatique avec avancement \u00e0 commande hydraulique adapt\u00e9e pour travailler manches de pinceau plat et manche sde couteau, le profil ext\u00e9rieur des cuill\u00e8res et des brosses. La machine travaille dans le m\u00eame temps avec 2 fraises contr\u00f4l\u00e9es par un gabarit. Apr\u00e8s le fraisage les pi\u00e8ces travaill\u00e9es sont d\u00e9charg\u00e9es automatiquement. La vitesse de travail est r\u00e9glable de 0 \u00e0 16mt.\/min. et de plus, la machine est \u00e9quip\u00e9e avec un syst\u00e8me automatique pour r\u00e9duire la vitesse dans les points les plus difficiles et ensuite revenir \u00e0 la vitesse programm\u00e9e. La machine peut avoir 1 ou 2 chargeurs et elle est disponible avec les courroies ou avec \u00e9lectro-broches.<\/p>\n","protected":false},"featured_media":10288,"comment_status":"closed","ping_status":"closed","template":"","meta":{"_acf_changed":false},"product_brand":[],"product_cat":[197,134],"product_tag":[],"class_list":{"0":"post-11154","1":"product","2":"type-product","3":"status-publish","4":"has-post-thumbnail","6":"product_cat-fraiseuses-lineaire-a-copier","7":"product_cat-machines-a-bois","8":"pa_applicazioni-balais-et-brosses","9":"pa_applicazioni-pinceaux-plats","11":"first","12":"instock","13":"shipping-taxable","14":"product-type-simple"},"acf":[],"_links":{"self":[{"href":"https:\/\/www.sibo.it\/fr\/wp-json\/wp\/v2\/product\/11154","targetHints":{"allow":["GET"]}}],"collection":[{"href":"https:\/\/www.sibo.it\/fr\/wp-json\/wp\/v2\/product"}],"about":[{"href":"https:\/\/www.sibo.it\/fr\/wp-json\/wp\/v2\/types\/product"}],"replies":[{"embeddable":true,"href":"https:\/\/www.sibo.it\/fr\/wp-json\/wp\/v2\/comments?post=11154"}],"version-history":[{"count":5,"href":"https:\/\/www.sibo.it\/fr\/wp-json\/wp\/v2\/product\/11154\/revisions"}],"predecessor-version":[{"id":14309,"href":"https:\/\/www.sibo.it\/fr\/wp-json\/wp\/v2\/product\/11154\/revisions\/14309"}],"wp:featuredmedia":[{"embeddable":true,"href":"https:\/\/www.sibo.it\/fr\/wp-json\/wp\/v2\/media\/10288"}],"wp:attachment":[{"href":"https:\/\/www.sibo.it\/fr\/wp-json\/wp\/v2\/media?parent=11154"}],"wp:term":[{"taxonomy":"product_brand","embeddable":true,"href":"https:\/\/www.sibo.it\/fr\/wp-json\/wp\/v2\/product_brand?post=11154"},{"taxonomy":"product_cat","embeddable":true,"href":"https:\/\/www.sibo.it\/fr\/wp-json\/wp\/v2\/product_cat?post=11154"},{"taxonomy":"product_tag","embeddable":true,"href":"https:\/\/www.sibo.it\/fr\/wp-json\/wp\/v2\/product_tag?post=11154"}],"curies":[{"name":"wp","href":"https:\/\/api.w.org\/{rel}","templated":true}]}}