{"id":11131,"date":"2023-08-03T08:35:15","date_gmt":"2023-08-03T07:35:15","guid":{"rendered":"https:\/\/www.sibo.it\/prodotto\/2lu-45\/"},"modified":"2024-01-18T11:35:26","modified_gmt":"2024-01-18T10:35:26","slug":"2lu-45","status":"publish","type":"product","link":"https:\/\/www.sibo.it\/fr\/produit\/2lu-45\/","title":{"rendered":"2LU\/45"},"content":{"rendered":"\t\t<div data-elementor-type=\"product-post\" data-elementor-id=\"11131\" class=\"elementor elementor-11131 elementor-10248\" data-elementor-post-type=\"product\">\n\t\t\t\t<div class=\"elementor-element elementor-element-cf1f3ba e-con-full e-flex e-con e-parent\" data-id=\"cf1f3ba\" data-element_type=\"container\" data-e-type=\"container\">\r\n\t\t<div class=\"elementor-element elementor-element-6d430be e-con-full e-flex e-con e-child\" data-id=\"6d430be\" data-element_type=\"container\" data-e-type=\"container\">\r\n\t\t\t\t<div class=\"elementor-element elementor-element-ddd2f7f elementor-widget elementor-widget-text-editor\" data-id=\"ddd2f7f\" data-element_type=\"widget\" data-e-type=\"widget\" data-widget_type=\"text-editor.default\">\n\t\t\t\t<div class=\"elementor-widget-container\">\n\t\t\t\t\t\t\t\t\t<table border=\"0\" cellspacing=\"0\" cellpadding=\"0\">\n<tbody>\n<tr>\n<td>diam\u00e8tre min.<\/td>\n<td><strong>5 mm.<\/strong><\/td>\n<\/tr>\n<tr>\n<td>diam\u00e8tre max.<\/td>\n<td><strong>80 mm.<\/strong><\/td>\n<\/tr>\n<tr>\n<td>rayon min. pour pi\u00e8ces avec \u00d8 max. 45 mm<\/td>\n<td><strong>150 mm.<\/strong><\/td>\n<\/tr>\n<tr>\n<td>production variable<\/td>\n<td><strong>3\u00f715 mt.\/min.<\/strong><\/td>\n<\/tr>\n<tr>\n<td>d\u00e9veloppement bande abrasive \u00d8 10-45 mm.<\/td>\n<td><strong> 820&#215;30\/50 mm.<\/strong><\/td>\n<\/tr>\n<tr>\n<td>d\u00e9veloppement bande abrasive \u00d8 10-80 mm.<\/td>\n<td><strong> 780&#215;30\/50 mm.<\/strong><\/td>\n<\/tr>\n<tr>\n<td>poids net<\/td>\n<td><strong>235 kg.<\/strong><\/td>\n<\/tr>\n<\/tbody>\n<\/table>\n<p style=\"text-align: left;\">\n\t\t\t\t\t\t\t\t<\/div>\n\t\t\t\t<\/div>\n\t\t\t\t<\/div>\n\t\t<div class=\"elementor-element elementor-element-8616444 e-con-full e-flex e-con e-child\" data-id=\"8616444\" data-element_type=\"container\" data-e-type=\"container\">\r\n\t\t\t\t<div class=\"elementor-element elementor-element-e1de2a1 elementor-widget elementor-widget-text-editor\" data-id=\"e1de2a1\" data-element_type=\"widget\" data-e-type=\"widget\" data-widget_type=\"text-editor.default\">\n\t\t\t\t<div class=\"elementor-widget-container\">\n\t\t\t\t\t\t\t\t\t<p><b>AUCUNES PRODUITS R\u00c9ALISABLES<\/b><\/p>\n<p><img decoding=\"async\" class=\"alignnone size-medium wp-image-10257\" src=\"https:\/\/www.sibo.it\/wp-content\/uploads\/2023\/08\/2LU45-1-300x150.jpg\" alt=\"\" width=\"300\" height=\"150\"><\/p>\n\t\t\t\t\t\t\t\t<\/div>\n\t\t\t\t<\/div>\n\t\t\t\t<div class=\"elementor-element elementor-element-5c4e076 elementor-widget elementor-widget-text-editor\" data-id=\"5c4e076\" data-element_type=\"widget\" data-e-type=\"widget\" data-widget_type=\"text-editor.default\">\n\t\t\t\t<div class=\"elementor-widget-container\">\n\t\t\t\t\t\t\t\t\t<p><b>\u00c9QUIPEMENT SUPPL\u00c9MENTAIRE<\/b><\/p>\n<p><img fetchpriority=\"high\" decoding=\"async\" class=\"alignnone size-medium wp-image-7206\" src=\"https:\/\/www.sibo.it\/wp-content\/uploads\/2023\/03\/Horizontal-loaderi-300x300.jpg\" alt=\"\" width=\"300\" height=\"300\"><\/p>\n\t\t\t\t\t\t\t\t<\/div>\n\t\t\t\t<\/div>\n\t\t\t\t<\/div>\n\t\t\t\t<\/div>\n\t\t\t\t<\/div>\n\t\t","protected":false},"excerpt":{"rendered":"<h3 class=\"h3desc\">PONCEUSE ORBITALE MOD\u00c8LE \u00ab\u00a02LU\/45\u00a0\u00bb<\/h3>\n<p>Machine pour poncer manches de pioche, pelle, charpentier, parapluie, balai, b\u00e2tons pour rames, jambes pour chaises, b\u00e2tons pour tentes, rattan, bambou, etc., soit droit que l\u00e9g\u00e8rement courb\u00e9e, conique et fa\u00e7onn\u00e9, \u00e0 section cylindrique et ovale. La caract\u00e9ristique principale de la machine est que la pi\u00e8ce \u00e0 poncer avance automatiquement sans tourner.<\/p>\n<p><strong>La machine peut \u00eatre \u00e9quip\u00e9 avec:<\/strong><\/p>\n<ul>\n<li><span style=\"font-size: 16px;\">commande temporis\u00e9e avec photocellule pour l\u2019ouvrage des bandes<\/span><\/li>\n<li><span style=\"font-size: 16px;\">cylindre pneumatique connect\u00e9 \u00e0 la photocellule pour ouvrir les rouleaux d\u2019introduction<\/span><\/li>\n<li><span style=\"font-size: 16px;\">pince de serrage \u00e0 centrage automatique pour le serrage de pi\u00e8ces courtes<\/span><\/li>\n<\/ul>\n","protected":false},"featured_media":10252,"comment_status":"closed","ping_status":"closed","template":"","meta":{"_acf_changed":false},"product_brand":[],"product_cat":[134,199],"product_tag":[],"class_list":{"0":"post-11131","1":"product","2":"type-product","3":"status-publish","4":"has-post-thumbnail","6":"product_cat-machines-a-bois","7":"product_cat-ponceuses-orbitales","8":"pa_applicazioni-batons-ronds","10":"first","11":"instock","12":"shipping-taxable","13":"product-type-simple"},"acf":[],"_links":{"self":[{"href":"https:\/\/www.sibo.it\/fr\/wp-json\/wp\/v2\/product\/11131","targetHints":{"allow":["GET"]}}],"collection":[{"href":"https:\/\/www.sibo.it\/fr\/wp-json\/wp\/v2\/product"}],"about":[{"href":"https:\/\/www.sibo.it\/fr\/wp-json\/wp\/v2\/types\/product"}],"replies":[{"embeddable":true,"href":"https:\/\/www.sibo.it\/fr\/wp-json\/wp\/v2\/comments?post=11131"}],"version-history":[{"count":3,"href":"https:\/\/www.sibo.it\/fr\/wp-json\/wp\/v2\/product\/11131\/revisions"}],"predecessor-version":[{"id":15137,"href":"https:\/\/www.sibo.it\/fr\/wp-json\/wp\/v2\/product\/11131\/revisions\/15137"}],"wp:featuredmedia":[{"embeddable":true,"href":"https:\/\/www.sibo.it\/fr\/wp-json\/wp\/v2\/media\/10252"}],"wp:attachment":[{"href":"https:\/\/www.sibo.it\/fr\/wp-json\/wp\/v2\/media?parent=11131"}],"wp:term":[{"taxonomy":"product_brand","embeddable":true,"href":"https:\/\/www.sibo.it\/fr\/wp-json\/wp\/v2\/product_brand?post=11131"},{"taxonomy":"product_cat","embeddable":true,"href":"https:\/\/www.sibo.it\/fr\/wp-json\/wp\/v2\/product_cat?post=11131"},{"taxonomy":"product_tag","embeddable":true,"href":"https:\/\/www.sibo.it\/fr\/wp-json\/wp\/v2\/product_tag?post=11131"}],"curies":[{"name":"wp","href":"https:\/\/api.w.org\/{rel}","templated":true}]}}