{"id":11071,"date":"2023-08-10T13:47:27","date_gmt":"2023-08-10T12:47:27","guid":{"rendered":"https:\/\/www.sibo.it\/prodotto\/lbe-2000\/"},"modified":"2024-01-25T10:37:43","modified_gmt":"2024-01-25T09:37:43","slug":"lbe-2000","status":"publish","type":"product","link":"https:\/\/www.sibo.it\/fr\/produit\/lbe-2000\/","title":{"rendered":"LBE\/2000"},"content":{"rendered":"\t\t<div data-elementor-type=\"product-post\" data-elementor-id=\"11071\" class=\"elementor elementor-11071 elementor-10721\" data-elementor-post-type=\"product\">\n\t\t\t\t<div class=\"elementor-element elementor-element-cf1f3ba e-con-full e-flex e-con e-parent\" data-id=\"cf1f3ba\" data-element_type=\"container\" data-e-type=\"container\">\r\n\t\t<div class=\"elementor-element elementor-element-6d430be e-con-full e-flex e-con e-child\" data-id=\"6d430be\" data-element_type=\"container\" data-e-type=\"container\">\r\n\t\t\t\t<div class=\"elementor-element elementor-element-ddd2f7f elementor-widget elementor-widget-text-editor\" data-id=\"ddd2f7f\" data-element_type=\"widget\" data-e-type=\"widget\" data-widget_type=\"text-editor.default\">\n\t\t\t\t<div class=\"elementor-widget-container\">\n\t\t\t\t\t\t\t\t\t<table border=\"0\" cellspacing=\"0\" cellpadding=\"0\">\n<tbody>\n<tr>\n<td>\n<table border=\"0\" cellspacing=\"0\" cellpadding=\"0\">\n<tbody>\n<tr>\n<td><span style=\"font-size: 16px;\">diam\u00e8tre min.<\/span><\/td>\n<td><span style=\"font-size: 16px;\"><strong>10 mm.<\/strong><\/span><\/td>\n<\/tr>\n<tr>\n<td><span style=\"font-size: 16px;\">diam\u00e8tre max.<\/span><\/td>\n<td><span style=\"font-size: 16px;\"><strong>60 mm.<\/strong><\/span><\/td>\n<\/tr>\n<tr>\n<td><span style=\"font-size: 16px;\">longueur min.<\/span><\/td>\n<td><span style=\"font-size: 16px;\"><strong>600 mm.<\/strong><\/span><\/td>\n<\/tr>\n<tr>\n<td><span style=\"font-size: 16px;\">longueur max.<\/span><\/td>\n<td><span style=\"font-size: 16px;\"><strong>2000 mm.<\/strong><\/span><\/td>\n<\/tr>\n<tr>\n<td><span style=\"font-size: 16px;\">production avec t\u00eate variable<\/span><\/td>\n<td><span style=\"font-size: 16px;\"><strong>5-10 mt.\/min.<\/strong><\/span><\/td>\n<\/tr>\n<\/tbody>\n<\/table>\n<\/td>\n<td> <\/td>\n<\/tr>\n<\/tbody>\n<\/table>\n<p style=\"text-align: left;\">\n\t\t\t\t\t\t\t\t<\/div>\n\t\t\t\t<\/div>\n\t\t\t\t<\/div>\n\t\t<div class=\"elementor-element elementor-element-8616444 e-con-full e-flex e-con e-child\" data-id=\"8616444\" data-element_type=\"container\" data-e-type=\"container\">\r\n\t\t\t\t<div class=\"elementor-element elementor-element-e1de2a1 elementor-widget elementor-widget-text-editor\" data-id=\"e1de2a1\" data-element_type=\"widget\" data-e-type=\"widget\" data-widget_type=\"text-editor.default\">\n\t\t\t\t<div class=\"elementor-widget-container\">\n\t\t\t\t\t\t\t\t\t<p><b>AUCUNES PRODUITS R\u00c9ALISABLES<\/b><\/p>\n<p><img decoding=\"async\" class=\"alignnone size-medium wp-image-10723\" src=\"https:\/\/www.sibo.it\/wp-content\/uploads\/2023\/08\/CAMP_LBE2000-300x150.jpg\" alt=\"\" width=\"300\" height=\"150\"><\/p>\n\t\t\t\t\t\t\t\t<\/div>\n\t\t\t\t<\/div>\n\t\t\t\t<\/div>\n\t\t\t\t<\/div>\n\t\t\t\t<\/div>\n\t\t","protected":false},"excerpt":{"rendered":"<p><strong>LIGNE AUTOMATIQUE POUR LE MANCHES DE BALAI MOD\u00c8LE \u00ab\u00a0LBE\/2000\u00a0\u00bb<\/strong><\/p>\n<p>Ligne automatique pour produire manches de balai complets avec extr\u00e9mit\u00e9 ronde, filetage, trou et \u00e9tiquette. La ligne se compose de: une unit\u00e9 de coupe double avec chargeur, une machine \u00e0 tr\u00e9filer mod\u00e8le \u00ab\u00a0TAU\/60\u00a0\u00bb, une ponceuse, mod\u00e8le \u00ab\u00a02LU\/100\u00a0\u00bb, un convoyeur \u00e0 rouleaux pour l&rsquo;extraction des manches, une fraiseuse mod\u00e8le \u00ab\u00a02TS\/P\u00a0\u00bb, une unit\u00e9 de per\u00e7age et une \u00e9tiqueteuse. Au d\u00e9but du cycle, les barres carr\u00e9es sont introduites manuellement dans le chargeur, qui les porte l&rsquo;une derri\u00e8re l&rsquo;autre en direction des deux lames circulaires o\u00f9 elles sont coup\u00e9es \u00e0 la m\u00eame longueur. Termin\u00e9 cette usinage, chaque pi\u00e8ce sera automatiquement charg\u00e9e dans la machine \u00e0 tr\u00e9filer, puis dans la ponceuse, ensuite dans l\u2019unit\u00e9 de per\u00e7age o\u00f9 le manche sera perc\u00e9 et enfin dans la fraiseuse o\u00f9 seront ex\u00e9cut\u00e9s la demi-ronde sur une c\u00f4t\u00e9 et le filetage \u00e0 l&rsquo;autre c\u00f4t\u00e9. Dans le dernier passage seront appliqu\u00e9es les \u00e9tiquettes et le manche sera d\u00e9charg\u00e9 automatiquement.<\/p>\n","protected":false},"featured_media":9306,"comment_status":"closed","ping_status":"closed","template":"","meta":{"_acf_changed":false},"product_brand":[],"product_cat":[200,134],"product_tag":[],"class_list":{"0":"post-11071","1":"product","2":"type-product","3":"status-publish","4":"has-post-thumbnail","6":"product_cat-lignes-automatiques","7":"product_cat-machines-a-bois","8":"pa_applicazioni-batons-ronds","10":"first","11":"instock","12":"shipping-taxable","13":"product-type-simple"},"acf":[],"_links":{"self":[{"href":"https:\/\/www.sibo.it\/fr\/wp-json\/wp\/v2\/product\/11071","targetHints":{"allow":["GET"]}}],"collection":[{"href":"https:\/\/www.sibo.it\/fr\/wp-json\/wp\/v2\/product"}],"about":[{"href":"https:\/\/www.sibo.it\/fr\/wp-json\/wp\/v2\/types\/product"}],"replies":[{"embeddable":true,"href":"https:\/\/www.sibo.it\/fr\/wp-json\/wp\/v2\/comments?post=11071"}],"version-history":[{"count":2,"href":"https:\/\/www.sibo.it\/fr\/wp-json\/wp\/v2\/product\/11071\/revisions"}],"predecessor-version":[{"id":15973,"href":"https:\/\/www.sibo.it\/fr\/wp-json\/wp\/v2\/product\/11071\/revisions\/15973"}],"wp:featuredmedia":[{"embeddable":true,"href":"https:\/\/www.sibo.it\/fr\/wp-json\/wp\/v2\/media\/9306"}],"wp:attachment":[{"href":"https:\/\/www.sibo.it\/fr\/wp-json\/wp\/v2\/media?parent=11071"}],"wp:term":[{"taxonomy":"product_brand","embeddable":true,"href":"https:\/\/www.sibo.it\/fr\/wp-json\/wp\/v2\/product_brand?post=11071"},{"taxonomy":"product_cat","embeddable":true,"href":"https:\/\/www.sibo.it\/fr\/wp-json\/wp\/v2\/product_cat?post=11071"},{"taxonomy":"product_tag","embeddable":true,"href":"https:\/\/www.sibo.it\/fr\/wp-json\/wp\/v2\/product_tag?post=11071"}],"curies":[{"name":"wp","href":"https:\/\/api.w.org\/{rel}","templated":true}]}}