{"id":11031,"date":"2023-08-10T14:08:21","date_gmt":"2023-08-10T13:08:21","guid":{"rendered":"https:\/\/www.sibo.it\/prodotto\/lc-500\/"},"modified":"2024-02-28T11:15:57","modified_gmt":"2024-02-28T10:15:57","slug":"lc-500","status":"publish","type":"product","link":"https:\/\/www.sibo.it\/fr\/produit\/lc-500\/","title":{"rendered":"LC\/500"},"content":{"rendered":"\t\t<div data-elementor-type=\"product-post\" data-elementor-id=\"11031\" class=\"elementor elementor-11031 elementor-10744\" data-elementor-post-type=\"product\">\n\t\t\t\t<div class=\"elementor-element elementor-element-cf1f3ba e-con-full e-flex e-con e-parent\" data-id=\"cf1f3ba\" data-element_type=\"container\" data-e-type=\"container\">\r\n\t\t<div class=\"elementor-element elementor-element-6d430be e-con-full e-flex e-con e-child\" data-id=\"6d430be\" data-element_type=\"container\" data-e-type=\"container\">\r\n\t\t\t\t<div class=\"elementor-element elementor-element-ddd2f7f elementor-widget elementor-widget-text-editor\" data-id=\"ddd2f7f\" data-element_type=\"widget\" data-e-type=\"widget\" data-widget_type=\"text-editor.default\">\n\t\t\t\t<div class=\"elementor-widget-container\">\n\t\t\t\t\t\t\t\t\t<table border=\"0\" cellspacing=\"0\" cellpadding=\"0\">\n<tbody>\n<tr>\n<td>\n<table border=\"0\" cellspacing=\"0\" cellpadding=\"0\">\n<tbody>\n<tr>\n<td><span style=\"font-size: 16px;\">longueur max. de la cuill\u00e8re<\/span><\/td>\n<td><span style=\"font-size: 16px;\"><strong>500 mm. <\/strong><\/span><\/td>\n<\/tr>\n<tr>\n<td><span style=\"font-size: 16px;\">longueur min. de la cuill\u00e8re<\/span><\/td>\n<td><span style=\"font-size: 16px;\"><strong>200 mm. <\/strong><\/span><\/td>\n<\/tr>\n<tr>\n<td><span style=\"font-size: 16px;\">production<\/span><\/td>\n<td><span style=\"font-size: 16px;\"><strong>12 pcs.\/min.<\/strong><\/span><\/td>\n<\/tr>\n<\/tbody>\n<\/table>\n<\/td>\n<td> <\/td>\n<\/tr>\n<\/tbody>\n<\/table>\n<p style=\"text-align: left;\">\n\t\t\t\t\t\t\t\t<\/div>\n\t\t\t\t<\/div>\n\t\t\t\t<\/div>\n\t\t<div class=\"elementor-element elementor-element-8616444 e-con-full e-flex e-con e-child\" data-id=\"8616444\" data-element_type=\"container\" data-e-type=\"container\">\r\n\t\t\t\t<div class=\"elementor-element elementor-element-e1de2a1 elementor-widget elementor-widget-text-editor\" data-id=\"e1de2a1\" data-element_type=\"widget\" data-e-type=\"widget\" data-widget_type=\"text-editor.default\">\n\t\t\t\t<div class=\"elementor-widget-container\">\n\t\t\t\t\t\t\t\t\t<p><b>AUCUNES PRODUITS R\u00c9ALISABLES<\/b><\/p>\n<p><img decoding=\"async\" class=\"alignnone size-medium wp-image-9397\" src=\"https:\/\/www.sibo.it\/wp-content\/uploads\/2023\/03\/CUCCHIAI-300x150.jpg\" alt=\"\" width=\"300\" height=\"150\"><\/p>\n\t\t\t\t\t\t\t\t<\/div>\n\t\t\t\t<\/div>\n\t\t\t\t<\/div>\n\t\t\t\t<\/div>\n\t\t\t\t<\/div>\n\t\t","protected":false},"excerpt":{"rendered":"<p><strong>LIGNE AUTOMATIQUE POUR CUILLERES MOD\u00c8LE \u00ab\u00a0LC\/500\u00a0\u00bb<\/strong><\/p>\n<p>Nouvelle ligne automatique pour la production des cuill\u00e8res en bois. La ligne se compose de trois machines: une fraiseuse pour travailler le profil ext\u00e9rieur, une machine \u00e0 tr\u00e9filer pour effectuer l\u2019arrondissement du manche et une fraiseuse\/ponceuse pour travailler la face convexe et concave des cuill\u00e8res.<\/p>\n<p>Au d\u00e9but du cycle, les pi\u00e8ces sont mis manuellement dans le chargeur qui les charge 6 par fois sur les machines de fraisage o\u00f9 ils sont serr\u00e9s. \u00c0 ce stade 4 couteaux (2 pour \u00e9baucher et 2 pour la finition) travaillent le profil ext\u00e9rieur de la cuill\u00e8re. \u00c0 la fin de cette op\u00e9ration, les cuill\u00e8res sont automatiquement d\u00e9charg\u00e9es par une pince et port\u00e9es dans le domaine de tr\u00e9filage. Gr\u00e2ce \u00e0 une deuxi\u00e8me pince, 2 cuill\u00e8res \u00e0 la fois, sont charg\u00e9es sur une table rotative de haute pr\u00e9cision et amen\u00e9e devant les 2 t\u00eates de moulage, o\u00f9 les manches seront travaill\u00e9es. \u00c0 la fin de ce processus, chaque cuiller est d\u00e9plac\u00e9 sur la derni\u00e8re machine o\u00f9 elle est fres\u00e9e et ponc\u00e9e sur le c\u00f4t\u00e9 concave et convexe.<\/p>\n<p>L\u2019ensemble du processus est g\u00e9r\u00e9 par un PLC, o\u00f9 il est possible de d\u00e9finir le nombre de pi\u00e8ces \u00e0 usiner, et la vitesse de fraisage.<\/p>\n","protected":false},"featured_media":9393,"comment_status":"closed","ping_status":"closed","template":"","meta":{"_acf_changed":false},"product_brand":[],"product_cat":[200,134],"product_tag":[],"class_list":{"0":"post-11031","1":"product","2":"type-product","3":"status-publish","4":"has-post-thumbnail","6":"product_cat-lignes-automatiques","7":"product_cat-machines-a-bois","8":"pa_applicazioni-cuilleres-et-fourchettes","10":"first","11":"instock","12":"shipping-taxable","13":"product-type-simple"},"acf":[],"_links":{"self":[{"href":"https:\/\/www.sibo.it\/fr\/wp-json\/wp\/v2\/product\/11031","targetHints":{"allow":["GET"]}}],"collection":[{"href":"https:\/\/www.sibo.it\/fr\/wp-json\/wp\/v2\/product"}],"about":[{"href":"https:\/\/www.sibo.it\/fr\/wp-json\/wp\/v2\/types\/product"}],"replies":[{"embeddable":true,"href":"https:\/\/www.sibo.it\/fr\/wp-json\/wp\/v2\/comments?post=11031"}],"version-history":[{"count":11,"href":"https:\/\/www.sibo.it\/fr\/wp-json\/wp\/v2\/product\/11031\/revisions"}],"predecessor-version":[{"id":16955,"href":"https:\/\/www.sibo.it\/fr\/wp-json\/wp\/v2\/product\/11031\/revisions\/16955"}],"wp:featuredmedia":[{"embeddable":true,"href":"https:\/\/www.sibo.it\/fr\/wp-json\/wp\/v2\/media\/9393"}],"wp:attachment":[{"href":"https:\/\/www.sibo.it\/fr\/wp-json\/wp\/v2\/media?parent=11031"}],"wp:term":[{"taxonomy":"product_brand","embeddable":true,"href":"https:\/\/www.sibo.it\/fr\/wp-json\/wp\/v2\/product_brand?post=11031"},{"taxonomy":"product_cat","embeddable":true,"href":"https:\/\/www.sibo.it\/fr\/wp-json\/wp\/v2\/product_cat?post=11031"},{"taxonomy":"product_tag","embeddable":true,"href":"https:\/\/www.sibo.it\/fr\/wp-json\/wp\/v2\/product_tag?post=11031"}],"curies":[{"name":"wp","href":"https:\/\/api.w.org\/{rel}","templated":true}]}}