{"id":11017,"date":"2023-08-10T14:12:24","date_gmt":"2023-08-10T13:12:24","guid":{"rendered":"https:\/\/www.sibo.it\/prodotto\/lib\/"},"modified":"2024-01-24T18:10:04","modified_gmt":"2024-01-24T17:10:04","slug":"lib","status":"publish","type":"product","link":"https:\/\/www.sibo.it\/fr\/produit\/lib\/","title":{"rendered":"LIB"},"content":{"rendered":"\t\t<div data-elementor-type=\"product-post\" data-elementor-id=\"11017\" class=\"elementor elementor-11017 elementor-10749\" data-elementor-post-type=\"product\">\n\t\t\t\t<div class=\"elementor-element elementor-element-cf1f3ba e-con-full e-flex e-con e-parent\" data-id=\"cf1f3ba\" data-element_type=\"container\" data-e-type=\"container\">\r\n\t\t<div class=\"elementor-element elementor-element-6d430be e-con-full e-flex e-con e-child\" data-id=\"6d430be\" data-element_type=\"container\" data-e-type=\"container\">\r\n\t\t\t\t<div class=\"elementor-element elementor-element-ddd2f7f elementor-widget elementor-widget-text-editor\" data-id=\"ddd2f7f\" data-element_type=\"widget\" data-e-type=\"widget\" data-widget_type=\"text-editor.default\">\n\t\t\t\t<div class=\"elementor-widget-container\">\n\t\t\t\t\t\t\t\t\t<table border=\"0\" cellspacing=\"0\" cellpadding=\"0\">\n<tbody>\n<tr>\n<td>\n<table border=\"0\" cellspacing=\"0\" cellpadding=\"0\">\n<tbody>\n<tr>\n<td><span style=\"font-size: 16px;\">longueur min. de la pi\u00e8ce<\/span><\/td>\n<td><span style=\"font-size: 16px;\"><strong>350 mm.<\/strong><\/span><\/td>\n<\/tr>\n<tr>\n<td><span style=\"font-size: 16px;\">longueur max. de la pi\u00e8ce<\/span><\/td>\n<td><span style=\"font-size: 16px;\"><strong>1800 mm.<\/strong><\/span><\/td>\n<\/tr>\n<tr>\n<td><span style=\"font-size: 16px;\">diam\u00e8tre max. de la pi\u00e8ce<\/span><\/td>\n<td><span style=\"font-size: 16px;\"><strong>30 mm.<\/strong><\/span><\/td>\n<\/tr>\n<\/tbody>\n<\/table>\n<\/td>\n<td> <\/td>\n<\/tr>\n<\/tbody>\n<\/table>\n<p style=\"text-align: left;\">\n\t\t\t\t\t\t\t\t<\/div>\n\t\t\t\t<\/div>\n\t\t\t\t<\/div>\n\t\t<div class=\"elementor-element elementor-element-8616444 e-con-full e-flex e-con e-child\" data-id=\"8616444\" data-element_type=\"container\" data-e-type=\"container\">\r\n\t\t\t\t<div class=\"elementor-element elementor-element-e1de2a1 elementor-widget elementor-widget-text-editor\" data-id=\"e1de2a1\" data-element_type=\"widget\" data-e-type=\"widget\" data-widget_type=\"text-editor.default\">\n\t\t\t\t<div class=\"elementor-widget-container\">\n\t\t\t\t\t\t\t\t\t<p><b>AUCUNES PRODUITS R\u00c9ALISABLES<\/b><\/p>\n<p><img decoding=\"async\" class=\"alignnone size-medium wp-image-8752\" src=\"https:\/\/www.sibo.it\/wp-content\/uploads\/2023\/03\/2TSP-CAMP-300x150.jpg\" alt=\"\" width=\"300\" height=\"150\"><\/p>\n\t\t\t\t\t\t\t\t<\/div>\n\t\t\t\t<\/div>\n\t\t\t\t<\/div>\n\t\t\t\t<\/div>\n\t\t\t\t<\/div>\n\t\t","protected":false},"excerpt":{"rendered":"<p><strong>LIGNE AUTOMATIQUE DOUBLE POUR LES EXTREMITES MOD\u00c8LE \u00ab\u00a0LIB\u00a0\u00bb<\/strong><\/p>\n<p>Ligne automatique pour travailler en m\u00eame temps l\u2019extr\u00e9mit\u00e9 des b\u00e2tons ronds, pour faire un ou plus trous perpendiculaires au b\u00e2ton et pour poncer. Les b\u00e2tons sont mises manuellement dans le chargeur que fait avancer une pi\u00e8ce dans l\u2019\u00e9tau auto-centrant. Le b\u00e2ton est centr\u00e9, bloqu\u00e9 et conduit dans la position de travail, o\u00f9 deux outils, (un pour extr\u00e9mit\u00e9) travaillent la pi\u00e8ce. Finie cette op\u00e9ration, la pi\u00e8ce est conduite dans la deuxi\u00e8me position de travail pour le per\u00e7age et puis est charg\u00e9 dans la ponceuse pour ex\u00e9cuter la finition de la surface.<\/p>\n<p><span style=\"font-size: 16px;\"><strong>La machine peut \u00eatre \u00e9quip\u00e9e avec<\/strong>:<\/span><\/p>\n<ul>\n<li><span style=\"font-size: 16px;\">machine \u00e0 tr\u00e9filer automatique mod\u00e8le \u00ab\u00a0TAU\u00a0\u00bb<\/span><br \/>\n<span style=\"font-size: 16px;\">outil pour fileter \u00e0 l\u2019int\u00e9rieur<\/span><br \/>\n<span style=\"font-size: 16px;\">outil pour fileter ext\u00e9rieur<\/span><br \/>\n<span style=\"font-size: 16px;\">outil pour demi rond<\/span><br \/>\n<span style=\"font-size: 16px;\">outil pour le trou<\/span><\/li>\n<\/ul>\n","protected":false},"featured_media":9423,"comment_status":"closed","ping_status":"closed","template":"","meta":{"_acf_changed":false},"product_brand":[],"product_cat":[200,134],"product_tag":[],"class_list":{"0":"post-11017","1":"product","2":"type-product","3":"status-publish","4":"has-post-thumbnail","6":"product_cat-lignes-automatiques","7":"product_cat-machines-a-bois","8":"pa_applicazioni-batons-ronds","10":"first","11":"instock","12":"shipping-taxable","13":"product-type-simple"},"acf":[],"_links":{"self":[{"href":"https:\/\/www.sibo.it\/fr\/wp-json\/wp\/v2\/product\/11017","targetHints":{"allow":["GET"]}}],"collection":[{"href":"https:\/\/www.sibo.it\/fr\/wp-json\/wp\/v2\/product"}],"about":[{"href":"https:\/\/www.sibo.it\/fr\/wp-json\/wp\/v2\/types\/product"}],"replies":[{"embeddable":true,"href":"https:\/\/www.sibo.it\/fr\/wp-json\/wp\/v2\/comments?post=11017"}],"version-history":[{"count":3,"href":"https:\/\/www.sibo.it\/fr\/wp-json\/wp\/v2\/product\/11017\/revisions"}],"predecessor-version":[{"id":15910,"href":"https:\/\/www.sibo.it\/fr\/wp-json\/wp\/v2\/product\/11017\/revisions\/15910"}],"wp:featuredmedia":[{"embeddable":true,"href":"https:\/\/www.sibo.it\/fr\/wp-json\/wp\/v2\/media\/9423"}],"wp:attachment":[{"href":"https:\/\/www.sibo.it\/fr\/wp-json\/wp\/v2\/media?parent=11017"}],"wp:term":[{"taxonomy":"product_brand","embeddable":true,"href":"https:\/\/www.sibo.it\/fr\/wp-json\/wp\/v2\/product_brand?post=11017"},{"taxonomy":"product_cat","embeddable":true,"href":"https:\/\/www.sibo.it\/fr\/wp-json\/wp\/v2\/product_cat?post=11017"},{"taxonomy":"product_tag","embeddable":true,"href":"https:\/\/www.sibo.it\/fr\/wp-json\/wp\/v2\/product_tag?post=11017"}],"curies":[{"name":"wp","href":"https:\/\/api.w.org\/{rel}","templated":true}]}}