{"id":11007,"date":"2023-08-10T14:19:16","date_gmt":"2023-08-10T13:19:16","guid":{"rendered":"https:\/\/www.sibo.it\/prodotto\/lmb\/"},"modified":"2024-01-24T17:51:59","modified_gmt":"2024-01-24T16:51:59","slug":"lmb","status":"publish","type":"product","link":"https:\/\/www.sibo.it\/fr\/produit\/lmb\/","title":{"rendered":"LMB"},"content":{"rendered":"\t\t<div data-elementor-type=\"product-post\" data-elementor-id=\"11007\" class=\"elementor elementor-11007 elementor-10754\" data-elementor-post-type=\"product\">\n\t\t\t\t<div class=\"elementor-element elementor-element-cf1f3ba e-con-full e-flex e-con e-parent\" data-id=\"cf1f3ba\" data-element_type=\"container\" data-e-type=\"container\">\r\n\t\t<div class=\"elementor-element elementor-element-6d430be e-con-full e-flex e-con e-child\" data-id=\"6d430be\" data-element_type=\"container\" data-e-type=\"container\">\r\n\t\t\t\t<div class=\"elementor-element elementor-element-ddd2f7f elementor-widget elementor-widget-text-editor\" data-id=\"ddd2f7f\" data-element_type=\"widget\" data-e-type=\"widget\" data-widget_type=\"text-editor.default\">\n\t\t\t\t<div class=\"elementor-widget-container\">\n\t\t\t\t\t\t\t\t\t<table border=\"0\" cellspacing=\"0\" cellpadding=\"0\">\n<tbody>\n<tr>\n<td>\n<table border=\"0\" cellspacing=\"0\" cellpadding=\"0\">\n<tbody>\n<tr>\n<td><span style=\"font-size: 16px;\">diam\u00e8tre min.<\/span><\/td>\n<td><span style=\"font-size: 16px;\"><strong>20 mm.<\/strong><\/span><\/td>\n<\/tr>\n<tr>\n<td><span style=\"font-size: 16px;\">diam\u00e8tre max.<\/span><\/td>\n<td><span style=\"font-size: 16px;\"><strong>63 mm.<\/strong><\/span><\/td>\n<\/tr>\n<tr>\n<td><span style=\"font-size: 16px;\">diam\u00e8tre sur demande<\/span><\/td>\n<td><span style=\"font-size: 16px;\"><strong>10-40 mm.<\/strong><\/span><\/td>\n<\/tr>\n<tr>l<\/p>\n<td><span style=\"font-size: 16px;\">ongueur min.<\/span><\/td>\n<td><span style=\"font-size: 16px;\"><strong>470 mm.<\/strong><\/span><\/td>\n<\/tr>\n<tr>\n<td><span style=\"font-size: 16px;\">vitesse d\u2019avancement variable<\/span><\/td>\n<td><span style=\"font-size: 16px;\"><strong>0-16 mt.\/min.<\/strong><\/span><\/td>\n<\/tr>\n<\/tbody>\n<\/table>\n<\/td>\n<td> <\/td>\n<\/tr>\n<\/tbody>\n<\/table>\n<p style=\"text-align: left;\">\n\t\t\t\t\t\t\t\t<\/div>\n\t\t\t\t<\/div>\n\t\t\t\t<\/div>\n\t\t<div class=\"elementor-element elementor-element-8616444 e-con-full e-flex e-con e-child\" data-id=\"8616444\" data-element_type=\"container\" data-e-type=\"container\">\r\n\t\t\t\t<div class=\"elementor-element elementor-element-e1de2a1 elementor-widget elementor-widget-text-editor\" data-id=\"e1de2a1\" data-element_type=\"widget\" data-e-type=\"widget\" data-widget_type=\"text-editor.default\">\n\t\t\t\t<div class=\"elementor-widget-container\">\n\t\t\t\t\t\t\t\t\t<p><b>AUCUNES PRODUITS R\u00c9ALISABLES<\/b><\/p>\n<p><img decoding=\"async\" class=\"alignnone size-medium wp-image-9343\" src=\"https:\/\/www.sibo.it\/wp-content\/uploads\/2023\/03\/TTS180-CAMP-300x150.jpg\" alt=\"\" width=\"300\" height=\"150\"><\/p>\n\t\t\t\t\t\t\t\t<\/div>\n\t\t\t\t<\/div>\n\t\t\t\t<\/div>\n\t\t\t\t<\/div>\n\t\t\t\t<\/div>\n\t\t","protected":false},"excerpt":{"rendered":"<p><strong>LIGNE AUTOMATIQUE POUR LA PRODUCTION DE MANCHES DE PELLES MOD\u00c8LE \u00abLMB\u00bb<\/strong><\/p>\n<p>Ligne automatique pour la production de poign\u00e9es de pelle droites et l\u00e9g\u00e8rement courb\u00e9es \u00e0 diam\u00e8tre variable. La ligne se compose des machines suivantes: d\u00e9coupage double avec chargeur de cha\u00eene pour couper les pi\u00e8ces de la m\u00eame longueur, convient aussi bien \u00e0 les pi\u00e8ces droites ou courbes; machine automatique \u00e0 trefiler fa\u00e7onner \u00e0 contr\u00f4le num\u00e9rique mod\u00e8le \u00ab\u00a0TAUS 2 \u00bd\u00a0\u00bb; la bande transporteuse pour l&rsquo;extraction des manches; machine \u00e0 border double mod\u00e8le \u00ab\u00a02TSP\u00a0\u00bb, complete avec chargeur de cha\u00eene pour travailler les 2 extr\u00e9mit\u00e9s des manches en m\u00eame temps; la ponceuse type \u00ab\u00a02LU\/100\u00a0\u00bb pour ex\u00e9cuter le polissage des manches.<\/p>\n<p><span style=\"font-size: 16px;\"><strong>La machine peut \u00eatre \u00e9quip\u00e9 avec:<\/strong><\/span><\/p>\n<ul>\n<li><span style=\"font-size: 16px;\">chargeur electropneumatique pour pi\u00e8ces droites de longueur max. 1400 mm.<\/span><\/li>\n<\/ul>\n","protected":false},"featured_media":9444,"comment_status":"closed","ping_status":"closed","template":"","meta":{"_acf_changed":false},"product_brand":[],"product_cat":[200,134],"product_tag":[],"class_list":{"0":"post-11007","1":"product","2":"type-product","3":"status-publish","4":"has-post-thumbnail","6":"product_cat-lignes-automatiques","7":"product_cat-machines-a-bois","8":"pa_applicazioni-manches-de-pelle","10":"first","11":"instock","12":"shipping-taxable","13":"product-type-simple"},"acf":[],"_links":{"self":[{"href":"https:\/\/www.sibo.it\/fr\/wp-json\/wp\/v2\/product\/11007","targetHints":{"allow":["GET"]}}],"collection":[{"href":"https:\/\/www.sibo.it\/fr\/wp-json\/wp\/v2\/product"}],"about":[{"href":"https:\/\/www.sibo.it\/fr\/wp-json\/wp\/v2\/types\/product"}],"replies":[{"embeddable":true,"href":"https:\/\/www.sibo.it\/fr\/wp-json\/wp\/v2\/comments?post=11007"}],"version-history":[{"count":5,"href":"https:\/\/www.sibo.it\/fr\/wp-json\/wp\/v2\/product\/11007\/revisions"}],"predecessor-version":[{"id":15894,"href":"https:\/\/www.sibo.it\/fr\/wp-json\/wp\/v2\/product\/11007\/revisions\/15894"}],"wp:featuredmedia":[{"embeddable":true,"href":"https:\/\/www.sibo.it\/fr\/wp-json\/wp\/v2\/media\/9444"}],"wp:attachment":[{"href":"https:\/\/www.sibo.it\/fr\/wp-json\/wp\/v2\/media?parent=11007"}],"wp:term":[{"taxonomy":"product_brand","embeddable":true,"href":"https:\/\/www.sibo.it\/fr\/wp-json\/wp\/v2\/product_brand?post=11007"},{"taxonomy":"product_cat","embeddable":true,"href":"https:\/\/www.sibo.it\/fr\/wp-json\/wp\/v2\/product_cat?post=11007"},{"taxonomy":"product_tag","embeddable":true,"href":"https:\/\/www.sibo.it\/fr\/wp-json\/wp\/v2\/product_tag?post=11007"}],"curies":[{"name":"wp","href":"https:\/\/api.w.org\/{rel}","templated":true}]}}