{"id":10977,"date":"2023-08-10T14:25:53","date_gmt":"2023-08-10T13:25:53","guid":{"rendered":"https:\/\/www.sibo.it\/prodotto\/lmc-200\/"},"modified":"2024-01-25T17:57:27","modified_gmt":"2024-01-25T16:57:27","slug":"lmc-200","status":"publish","type":"product","link":"https:\/\/www.sibo.it\/fr\/produit\/lmc-200\/","title":{"rendered":"LMC\/200"},"content":{"rendered":"\t\t<div data-elementor-type=\"product-post\" data-elementor-id=\"10977\" class=\"elementor elementor-10977 elementor-10759\" data-elementor-post-type=\"product\">\n\t\t\t\t<div class=\"elementor-element elementor-element-cf1f3ba e-con-full e-flex e-con e-parent\" data-id=\"cf1f3ba\" data-element_type=\"container\" data-e-type=\"container\">\r\n\t\t<div class=\"elementor-element elementor-element-6d430be e-con-full e-flex e-con e-child\" data-id=\"6d430be\" data-element_type=\"container\" data-e-type=\"container\">\r\n\t\t\t\t<div class=\"elementor-element elementor-element-ddd2f7f elementor-widget elementor-widget-text-editor\" data-id=\"ddd2f7f\" data-element_type=\"widget\" data-e-type=\"widget\" data-widget_type=\"text-editor.default\">\n\t\t\t\t<div class=\"elementor-widget-container\">\n\t\t\t\t\t\t\t\t\t<table border=\"0\" cellspacing=\"0\" cellpadding=\"0\">\n<tbody>\n<tr>\n<td><span style=\"font-size: 16px;\">diam\u00e8tre min.<\/span><\/td>\n<td><span style=\"font-size: 16px;\"><strong>10 mm<\/strong>.<\/span><\/td>\n<\/tr>\n<tr>\n<td><span style=\"font-size: 16px;\">diam\u00e8tre max. des pi\u00e8ces<\/span><\/td>\n<td><span style=\"font-size: 16px;\"><strong>50 mm.<\/strong><\/span><\/td>\n<\/tr>\n<tr>\n<td><span style=\"font-size: 16px;\">longueur de travail min.<\/span><\/td>\n<td><span style=\"font-size: 16px;\"><strong>50 mm.<\/strong><\/span><\/td>\n<\/tr>\n<tr>l<\/p>\n<td><span style=\"font-size: 16px;\">ongueur de travail max.<\/span><\/td>\n<td><span style=\"font-size: 16px;\"><strong>250 mm.<\/strong><\/span><\/td>\n<\/tr>\n<tr>\n<td><span style=\"font-size: 16px;\">d\u00e9veloppement bande abrasive<\/span><\/td>\n<td><span style=\"font-size: 16px;\"><strong>2000&#215;20\/30 mm.<\/strong><\/span><\/td>\n<\/tr>\n<tr>\n<td><span style=\"font-size: 16px;\">poids net<\/span><\/td>\n<td><span style=\"font-size: 16px;\"><strong>550 kg.<\/strong><\/span><\/td>\n<\/tr>\n<\/tbody>\n<\/table>\n<p style=\"text-align: left;\"><b> <\/b><\/p>\n<p style=\"text-align: left;\">\n<p style=\"text-align: left;\">\n\t\t\t\t\t\t\t\t<\/div>\n\t\t\t\t<\/div>\n\t\t\t\t<\/div>\n\t\t<div class=\"elementor-element elementor-element-8616444 e-con-full e-flex e-con e-child\" data-id=\"8616444\" data-element_type=\"container\" data-e-type=\"container\">\r\n\t\t\t\t<div class=\"elementor-element elementor-element-e1de2a1 elementor-widget elementor-widget-text-editor\" data-id=\"e1de2a1\" data-element_type=\"widget\" data-e-type=\"widget\" data-widget_type=\"text-editor.default\">\n\t\t\t\t<div class=\"elementor-widget-container\">\n\t\t\t\t\t\t\t\t\t<p><b>AUCUNES PRODUITS R\u00c9ALISABLES<\/b><\/p>\n<p><img decoding=\"async\" class=\"alignnone size-medium wp-image-9081\" src=\"https:\/\/www.sibo.it\/wp-content\/uploads\/2023\/03\/Campioni-LMC200-300x150.jpg\" alt=\"\" width=\"300\" height=\"150\"><\/p>\n\t\t\t\t\t\t\t\t<\/div>\n\t\t\t\t<\/div>\n\t\t\t\t<\/div>\n\t\t\t\t<\/div>\n\t\t\t\t<\/div>\n\t\t","protected":false},"excerpt":{"rendered":"<p class=\"h3desc\"><strong>PONCEUSE POUR LES MANCHES DE COUTEAU MOD\u00c8LE \u00ab\u00a0LMC\/200\u00a0\u00bb<\/strong><\/p>\n<p>Machine adapt\u00e9e au pon\u00e7age simultan\u00e9 de deux manches de couteau. Les poign\u00e9es sont charg\u00e9es et bloqu\u00e9es, ensuite elles commencent \u00e0 tourner \u00e0 la vitesse souhait\u00e9e, tandis que deux bandes abrasives, \u00e0 grains diff\u00e9rents, une pour le d\u00e9grossissage et l&rsquo;autre pour la finition, se rapprochent pour effectuer le pon\u00e7age. \u00c0 la fin du cycle, les bandes abrasives reviennent \u00e0 leur position initiale et les pi\u00e8ces sont d\u00e9charg\u00e9es.<\/p>\n","protected":false},"featured_media":9077,"comment_status":"closed","ping_status":"closed","template":"","meta":{"_acf_changed":false},"product_brand":[],"product_cat":[134,201],"product_tag":[],"class_list":{"0":"post-10977","1":"product","2":"type-product","3":"status-publish","4":"has-post-thumbnail","6":"product_cat-machines-a-bois","7":"product_cat-machines-speciales","8":"pa_applicazioni-machines-speciales","9":"pa_applicazioni-manches-de-couteau","11":"first","12":"instock","13":"shipping-taxable","14":"product-type-simple"},"acf":[],"_links":{"self":[{"href":"https:\/\/www.sibo.it\/fr\/wp-json\/wp\/v2\/product\/10977","targetHints":{"allow":["GET"]}}],"collection":[{"href":"https:\/\/www.sibo.it\/fr\/wp-json\/wp\/v2\/product"}],"about":[{"href":"https:\/\/www.sibo.it\/fr\/wp-json\/wp\/v2\/types\/product"}],"replies":[{"embeddable":true,"href":"https:\/\/www.sibo.it\/fr\/wp-json\/wp\/v2\/comments?post=10977"}],"version-history":[{"count":3,"href":"https:\/\/www.sibo.it\/fr\/wp-json\/wp\/v2\/product\/10977\/revisions"}],"predecessor-version":[{"id":16056,"href":"https:\/\/www.sibo.it\/fr\/wp-json\/wp\/v2\/product\/10977\/revisions\/16056"}],"wp:featuredmedia":[{"embeddable":true,"href":"https:\/\/www.sibo.it\/fr\/wp-json\/wp\/v2\/media\/9077"}],"wp:attachment":[{"href":"https:\/\/www.sibo.it\/fr\/wp-json\/wp\/v2\/media?parent=10977"}],"wp:term":[{"taxonomy":"product_brand","embeddable":true,"href":"https:\/\/www.sibo.it\/fr\/wp-json\/wp\/v2\/product_brand?post=10977"},{"taxonomy":"product_cat","embeddable":true,"href":"https:\/\/www.sibo.it\/fr\/wp-json\/wp\/v2\/product_cat?post=10977"},{"taxonomy":"product_tag","embeddable":true,"href":"https:\/\/www.sibo.it\/fr\/wp-json\/wp\/v2\/product_tag?post=10977"}],"curies":[{"name":"wp","href":"https:\/\/api.w.org\/{rel}","templated":true}]}}