{"id":10954,"date":"2023-08-11T15:42:35","date_gmt":"2023-08-11T14:42:35","guid":{"rendered":"https:\/\/www.sibo.it\/prodotto\/fam\/"},"modified":"2024-01-25T15:59:04","modified_gmt":"2024-01-25T14:59:04","slug":"fam","status":"publish","type":"product","link":"https:\/\/www.sibo.it\/fr\/produit\/fam\/","title":{"rendered":"FAM"},"content":{"rendered":"\t\t<div data-elementor-type=\"product-post\" data-elementor-id=\"10954\" class=\"elementor elementor-10954 elementor-10887\" data-elementor-post-type=\"product\">\n\t\t\t\t<div class=\"elementor-element elementor-element-cf1f3ba e-con-full e-flex e-con e-parent\" data-id=\"cf1f3ba\" data-element_type=\"container\" data-e-type=\"container\">\r\n\t\t<div class=\"elementor-element elementor-element-6d430be e-con-full e-flex e-con e-parent\" data-id=\"6d430be\" data-element_type=\"container\" data-e-type=\"container\">\r\n\t\t\t\t<div class=\"elementor-element elementor-element-ddd2f7f elementor-widget elementor-widget-text-editor\" data-id=\"ddd2f7f\" data-element_type=\"widget\" data-e-type=\"widget\" data-widget_type=\"text-editor.default\">\n\t\t\t\t<div class=\"elementor-widget-container\">\n\t\t\t\t\t\t\t\t\t<table border=\"0\" cellspacing=\"0\" cellpadding=\"0\">\n<tbody>\n<tr>\n<td>longueur des tiges pour m\u00e8tres<\/td>\n<td><strong> 210 mm.<\/strong><\/td>\n<\/tr>\n<tr>\n<td>\u00e9paisseur des tiges pour m\u00e8tres<\/td>\n<td><strong>3.5 mm.<\/strong><\/td>\n<\/tr>\n<tr>\n<td>largeur des tiges pour m\u00e8tres<\/td>\n<td><strong>16.5 mm.<\/strong><\/td>\n<\/tr>\n<tr>\n<td>production<\/td>\n<td><strong>1100 pcs.\/h.<\/strong><\/td>\n<\/tr>\n<\/tbody>\n<\/table>\n<p style=\"text-align: left;\"><b>\u00c9QUIPEMENT SUPPL\u00c9MENTAIRE<\/b><\/p>\n<p style=\"text-align: left;\">\n\t\t\t\t\t\t\t\t<\/div>\n\t\t\t\t<\/div>\n\t\t\t\t<\/div>\n\t\t<div class=\"elementor-element elementor-element-8616444 e-con-full e-flex e-con e-parent\" data-id=\"8616444\" data-element_type=\"container\" data-e-type=\"container\">\r\n\t\t\t\t<div class=\"elementor-element elementor-element-e1de2a1 elementor-widget elementor-widget-text-editor\" data-id=\"e1de2a1\" data-element_type=\"widget\" data-e-type=\"widget\" data-widget_type=\"text-editor.default\">\n\t\t\t\t<div class=\"elementor-widget-container\">\n\t\t\t\t\t\t\t\t\t<p><b>AUCUNES PRODUITS R\u00c9ALISABLES<\/b><\/p>\n<p><img decoding=\"async\" class=\"alignnone size-medium wp-image-9199\" src=\"https:\/\/www.sibo.it\/wp-content\/uploads\/2023\/03\/FAM-CAMP-300x150.jpg\" alt=\"\" width=\"300\" height=\"150\"><\/p>\n\t\t\t\t\t\t\t\t<\/div>\n\t\t\t\t<\/div>\n\t\t\t\t<\/div>\n\t\t\t\t<\/div>\n\t\t\t\t<\/div>\n\t\t","protected":false},"excerpt":{"rendered":"<p><strong>FRAISEUSE POUR M\u00c8TRES MOD\u00c8LE \u00ab\u00a0FAM\u00a0\u00bb<\/strong><\/p>\n<p>Fraiseuse automatique pour executer 2 rainures et 2 trous sur les tiges des m\u00e8tres. Les tiges des m\u00e8tres, d\u00e9j\u00e0 frais\u00e9 aux correctes dimensions, sont mises manuellement dans le chargeur. Dans la machine sont mont\u00e9s 4 \u00e9lectro-mandrins sup\u00e9rieurs et 4 \u00e9lectro-mandrins inf\u00e9rieurs pour faire les rainures et les trous. Soit l\u2019avancement de la pi\u00e8ce, complet avec le bloquage, que le mouvement des outils sont contr\u00f4l\u00e9 avec un complexe syst\u00e8me de renvois \u00e0 cames, reli\u00e9s et contr\u00f4l\u00e9s avec un seul moteur. De cette fa\u00e7on, vous pouvez obtenir une synchronisation parfaite et une haute productivit\u00e9.<\/p>\n","protected":false},"featured_media":9195,"comment_status":"closed","ping_status":"closed","template":"","meta":{"_acf_changed":false},"product_brand":[],"product_cat":[134,201],"product_tag":[],"class_list":{"0":"post-10954","1":"product","2":"type-product","3":"status-publish","4":"has-post-thumbnail","6":"product_cat-machines-a-bois","7":"product_cat-machines-speciales","8":"pa_applicazioni-machines-speciales","10":"first","11":"instock","12":"shipping-taxable","13":"product-type-simple"},"acf":[],"_links":{"self":[{"href":"https:\/\/www.sibo.it\/fr\/wp-json\/wp\/v2\/product\/10954","targetHints":{"allow":["GET"]}}],"collection":[{"href":"https:\/\/www.sibo.it\/fr\/wp-json\/wp\/v2\/product"}],"about":[{"href":"https:\/\/www.sibo.it\/fr\/wp-json\/wp\/v2\/types\/product"}],"replies":[{"embeddable":true,"href":"https:\/\/www.sibo.it\/fr\/wp-json\/wp\/v2\/comments?post=10954"}],"version-history":[{"count":4,"href":"https:\/\/www.sibo.it\/fr\/wp-json\/wp\/v2\/product\/10954\/revisions"}],"predecessor-version":[{"id":14104,"href":"https:\/\/www.sibo.it\/fr\/wp-json\/wp\/v2\/product\/10954\/revisions\/14104"}],"wp:featuredmedia":[{"embeddable":true,"href":"https:\/\/www.sibo.it\/fr\/wp-json\/wp\/v2\/media\/9195"}],"wp:attachment":[{"href":"https:\/\/www.sibo.it\/fr\/wp-json\/wp\/v2\/media?parent=10954"}],"wp:term":[{"taxonomy":"product_brand","embeddable":true,"href":"https:\/\/www.sibo.it\/fr\/wp-json\/wp\/v2\/product_brand?post=10954"},{"taxonomy":"product_cat","embeddable":true,"href":"https:\/\/www.sibo.it\/fr\/wp-json\/wp\/v2\/product_cat?post=10954"},{"taxonomy":"product_tag","embeddable":true,"href":"https:\/\/www.sibo.it\/fr\/wp-json\/wp\/v2\/product_tag?post=10954"}],"curies":[{"name":"wp","href":"https:\/\/api.w.org\/{rel}","templated":true}]}}