{"id":10938,"date":"2023-08-11T15:54:53","date_gmt":"2023-08-11T14:54:53","guid":{"rendered":"https:\/\/www.sibo.it\/prodotto\/ttc-cnc\/"},"modified":"2024-01-25T15:22:31","modified_gmt":"2024-01-25T14:22:31","slug":"ttc-cnc","status":"publish","type":"product","link":"https:\/\/www.sibo.it\/fr\/produit\/ttc-cnc\/","title":{"rendered":"TTC\/CNC"},"content":{"rendered":"\t\t<div data-elementor-type=\"product-post\" data-elementor-id=\"10938\" class=\"elementor elementor-10938 elementor-10899\" data-elementor-post-type=\"product\">\n\t\t\t\t<div class=\"elementor-element elementor-element-cf1f3ba e-con-full e-flex e-con e-parent\" data-id=\"cf1f3ba\" data-element_type=\"container\" data-e-type=\"container\">\r\n\t\t<div class=\"elementor-element elementor-element-6d430be e-con-full e-flex e-con e-parent\" data-id=\"6d430be\" data-element_type=\"container\" data-e-type=\"container\">\r\n\t\t\t\t<div class=\"elementor-element elementor-element-ddd2f7f elementor-widget elementor-widget-text-editor\" data-id=\"ddd2f7f\" data-element_type=\"widget\" data-e-type=\"widget\" data-widget_type=\"text-editor.default\">\n\t\t\t\t<div class=\"elementor-widget-container\">\n\t\t\t\t\t\t\t\t\t<table border=\"0\" cellspacing=\"0\" cellpadding=\"0\">\n<tbody>\n<tr>\n<td>diam\u00e8tre min. de la tube<\/td>\n<td><strong>55 <\/strong> <strong>mm.<\/strong><\/td>\n<\/tr>\n<tr>\n<td>diam\u00e8tre min. de la tube<\/td>\n<td><strong>640<\/strong> <strong>mm.<\/strong><\/td>\n<\/tr>\n<tr>\n<td>longueur min. de coupe<\/td>\n<td><strong>500<\/strong> <strong>mm.<\/strong><\/td>\n<\/tr>\n<tr>\n<td>diam\u00e8tre de la scie circulaire<\/td>\n<td><strong>125<\/strong> <strong>mm.<\/strong><\/td>\n<\/tr>\n<\/tbody>\n<\/table>\n<p style=\"text-align: left;\"><b>\u00c9QUIPEMENT SUPPL\u00c9MENTAIRE<\/b><\/p>\n<p style=\"text-align: left;\">\n\t\t\t\t\t\t\t\t<\/div>\n\t\t\t\t<\/div>\n\t\t\t\t<\/div>\n\t\t<div class=\"elementor-element elementor-element-8616444 e-con-full e-flex e-con e-parent\" data-id=\"8616444\" data-element_type=\"container\" data-e-type=\"container\">\r\n\t\t\t\t<div class=\"elementor-element elementor-element-e1de2a1 elementor-widget elementor-widget-text-editor\" data-id=\"e1de2a1\" data-element_type=\"widget\" data-e-type=\"widget\" data-widget_type=\"text-editor.default\">\n\t\t\t\t<div class=\"elementor-widget-container\">\n\t\t\t\t\t\t\t\t\t<p><b>AUCUNES PRODUITS R\u00c9ALISABLES<\/b><\/p>\n<p><img decoding=\"async\" class=\"alignnone size-medium wp-image-9268\" src=\"https:\/\/www.sibo.it\/wp-content\/uploads\/2023\/03\/ttc-cnc-CAMP-300x150.jpg\" alt=\"\" width=\"300\" height=\"150\"><\/p>\n\t\t\t\t\t\t\t\t<\/div>\n\t\t\t\t<\/div>\n\t\t\t\t<\/div>\n\t\t\t\t<\/div>\n\t\t\t\t<\/div>\n\t\t","protected":false},"excerpt":{"rendered":"<p><strong>COUPEUSE AUTOMATIQUE MOD\u00c8LE \u00ab\u00a0TTC\/CNC\u00a0\u00bb<\/strong><\/p>\n<p>Coupeuse automatique \u00e0 commande num\u00e9rique pour couper des tubes en carton. Apr\u00e8s avoir programm\u00e9 dans le Cn les parametrisations du travail: le diam\u00e8tre de la conduite, la largeur et la longueur de coupe de carton, la machine est pr\u00eate \u00e0 fonctionner. En appuyant sur le bouton de \u00ab\u00a0START\u00a0\u00bb, 2 couteaux oppos\u00e9s ex\u00e9cutant l&rsquo;assemblage du tube, qui est form\u00e9 par l&rsquo;enrouleuse, donc ils se repositionnent et attendent que la longueur r\u00e9gl\u00e9e est obtenu. Dans chaque cycle de travail, les couteaux partent parallelement au tube,tant qu&rsquo;ils atteignent la m\u00eame vitesse du tube et alors seulement, les couteaux coupent le tube.<\/p>\n","protected":false},"featured_media":9264,"comment_status":"closed","ping_status":"closed","template":"","meta":{"_acf_changed":false},"product_brand":[],"product_cat":[134,201],"product_tag":[],"class_list":{"0":"post-10938","1":"product","2":"type-product","3":"status-publish","4":"has-post-thumbnail","6":"product_cat-machines-a-bois","7":"product_cat-machines-speciales","8":"pa_applicazioni-machines-speciales","10":"first","11":"instock","12":"shipping-taxable","13":"product-type-simple"},"acf":[],"_links":{"self":[{"href":"https:\/\/www.sibo.it\/fr\/wp-json\/wp\/v2\/product\/10938","targetHints":{"allow":["GET"]}}],"collection":[{"href":"https:\/\/www.sibo.it\/fr\/wp-json\/wp\/v2\/product"}],"about":[{"href":"https:\/\/www.sibo.it\/fr\/wp-json\/wp\/v2\/types\/product"}],"replies":[{"embeddable":true,"href":"https:\/\/www.sibo.it\/fr\/wp-json\/wp\/v2\/comments?post=10938"}],"version-history":[{"count":1,"href":"https:\/\/www.sibo.it\/fr\/wp-json\/wp\/v2\/product\/10938\/revisions"}],"predecessor-version":[{"id":10939,"href":"https:\/\/www.sibo.it\/fr\/wp-json\/wp\/v2\/product\/10938\/revisions\/10939"}],"wp:featuredmedia":[{"embeddable":true,"href":"https:\/\/www.sibo.it\/fr\/wp-json\/wp\/v2\/media\/9264"}],"wp:attachment":[{"href":"https:\/\/www.sibo.it\/fr\/wp-json\/wp\/v2\/media?parent=10938"}],"wp:term":[{"taxonomy":"product_brand","embeddable":true,"href":"https:\/\/www.sibo.it\/fr\/wp-json\/wp\/v2\/product_brand?post=10938"},{"taxonomy":"product_cat","embeddable":true,"href":"https:\/\/www.sibo.it\/fr\/wp-json\/wp\/v2\/product_cat?post=10938"},{"taxonomy":"product_tag","embeddable":true,"href":"https:\/\/www.sibo.it\/fr\/wp-json\/wp\/v2\/product_tag?post=10938"}],"curies":[{"name":"wp","href":"https:\/\/api.w.org\/{rel}","templated":true}]}}